{"id":2311,"date":"2025-02-08T15:48:49","date_gmt":"2025-02-08T07:48:49","guid":{"rendered":"https:\/\/bqeye.com\/?post_type=product&#038;p=2311"},"modified":"2025-02-08T16:07:36","modified_gmt":"2025-02-08T08:07:36","slug":"punk-blue-colored-contacts","status":"publish","type":"product","link":"https:\/\/bqeye.com\/ro\/punk-blue-colored-contacts\/","title":{"rendered":"Punk Blue Contacte Colorate"},"content":{"rendered":"<h1 class=\"md-end-block md-heading\"><span class=\"md-plain md-expand\">Transform\u0103-\u021bi look-ul: Punk Blue Colored Contacts - Poarta ta c\u0103tre revolu\u021bia stilului Edgy<\/span><\/h1>\n<h2 class=\"md-end-block md-heading\"><span class=\"md-plain\">Spiritul rebel din spatele contactelor de culoare albastr\u0103 Punk<\/span><\/h2>\n<p class=\"md-end-block md-p\"><span class=\"md-plain\">Fuziunea dintre estetica punk \u0219i nuan\u021bele de albastru electric creeaz\u0103 o declara\u021bie imposibil de ignorat. Aceste lentile de contact colorate se inspir\u0103 din energia brut\u0103 a mi\u0219c\u0103rii punk, combinat\u0103 cu frumuse\u021bea eteric\u0103 a ad\u00e2ncurilor oceanului de la miezul nop\u021bii. Nuan\u021ba de albastru electric reprezint\u0103 rebeliunea, libertatea \u0219i autoexprimarea - valori fundamentale care rezoneaz\u0103 cu spiritul punk. Asemenea unui fulger pe un cer furtunos, aceste lentile de contact creeaz\u0103 o privire electrizant\u0103 care atrage aten\u021bia \u0219i sparge standardele conven\u021bionale de frumuse\u021be.<\/span><\/p>\n<p class=\"md-end-block md-p\"><span class=\"md-plain\">Designerii s-au inspirat din elementele iconice ale modei punk, \u00eencorpor\u00e2nd atitudinea \u00eendr\u0103znea\u021b\u0103, neapologetic\u0103, care a definit o epoc\u0103. Nuan\u021ba specific\u0103 de albastru aleas\u0103 reflect\u0103 energia coper\u021bilor albumelor punk de epoc\u0103 \u0219i luminile de neon ale cluburilor underground, cre\u00e2nd o armonie perfect\u0103 \u00eentre stilul agresiv \u0219i sensibilitatea modei moderne.<\/span><\/p>\n<h2 class=\"md-end-block md-heading\"><span class=\"md-plain\">Influencer Spotlights \ud83c\udfad<\/span><\/h2>\n<ul class=\"ul-list\" data-mark=\"-\">\n<li class=\"md-list-item\">\n<p class=\"md-end-block md-p\"><span class=\"md-plain\">@PunkPrincess_Maya (2.1M urm\u0103ritori): \"Aceste lentile de contact colorate \u00een albastru punk au transformat complet aspectul meu de cosplay cyberpunk! Intensitatea este exact ceea ce aveam nevoie! \ud83e\udd18\"<\/span><\/p>\n<\/li>\n<li class=\"md-list-item\">\n<p class=\"md-end-block md-p\"><span class=\"md-plain\">@AlternativeBeauty_Sam (890K urm\u0103ritori): \"\u00cen sf\u00e2r\u0219it am g\u0103sit lentile de contact colorate care se potrivesc perfect cu estetica mea punk! Sunt suficient de confortabile pentru a le purta toat\u0103 ziua la festivalurile de muzic\u0103 \ud83d\udc99\"<\/span><\/p>\n<\/li>\n<li class=\"md-list-item\">\n<p class=\"md-end-block md-p\"><span class=\"md-plain\">@CosplayQueen_Jenna (1,5 milioane de urm\u0103ritori): \"Aceste lentile de contact colorate sunt arma mea secret\u0103 pentru a crea acele look-uri intense, din alt\u0103 lume. Perfect pentru transform\u0103ri at\u00e2t subtile, c\u00e2t \u0219i dramatice! \u2728\"<\/span><\/p>\n<\/li>\n<\/ul>\n<h2 class=\"md-end-block md-heading\"><span class=\"md-plain\">Experien\u021be reale ale utilizatorilor<\/span><\/h2>\n<p class=\"md-end-block md-p\"><span class=\"md-plain\">\"Am purtat astea la un concert punk rock \u0219i m-am sim\u021bit complet \u00een pielea personajului. Albastrul este intens, dar nu pare fals.\" - Alex, fotograf muzical<\/span><\/p>\n<p class=\"md-end-block md-p\"><span class=\"md-plain\">\"Aceste lentile de contact colorate au durat o zi \u00eentreag\u0103 de \u0219edin\u021be foto. F\u0103r\u0103 irita\u021bii, doar perfec\u021biune punk pur\u0103.\" - Marina, Blogger de mod\u0103<\/span><\/p>\n<p class=\"md-end-block md-p\"><span class=\"md-plain\">\"Nuan\u021ba albastr\u0103 este exact ceea ce aveam nevoie pentru stilul meu alternativ. Au un aspect surprinz\u0103tor de natural, \u00een ciuda faptului c\u0103 sunt at\u00e2t de \u00eendr\u0103zne\u021be.\" - James, make-up artist<\/span><\/p>\n<h2 class=\"md-end-block md-heading\"><span class=\"md-plain\">Confortul \u00eent\u00e2lne\u0219te siguran\u021ba<\/span><\/h2>\n<p class=\"md-end-block md-p\"><span class=\"md-plain\">Aceste lentile de contact de culoare albastru punk au fost supuse unor teste riguroase \u0219i de\u021bin toate certific\u0103rile de siguran\u021b\u0103 necesare de la cele mai importante organisme de reglementare. Materialul respirabil avansat asigur\u0103 confortul ochilor dvs. pe tot parcursul zilei, \u00een timp ce ingineria de precizie garanteaz\u0103 o potrivire sigur\u0103 care se mi\u0219c\u0103 natural cu ochiul.<\/span><\/p>\n<p class=\"md-end-block md-p\"><span class=\"md-plain\">Lentilele de contact sunt proiectate cu o suprafa\u021b\u0103 ultra-u\u0219oar\u0103 care previne iritarea \u00een timpul purt\u0103rii prelungite, ceea ce le face perfecte pentru concerte, \u0219edin\u021be foto sau purtare zilnic\u0103. Fiecare pereche este inspectat\u0103 individual pentru a asigura cele mai \u00eenalte standarde de calitate.<\/span><\/p>\n<h2 class=\"md-end-block md-heading\"><span class=\"md-plain\">Transform\u0103-\u021bi look-ul ast\u0103zi<\/span><\/h2>\n<p class=\"md-end-block md-p\"><span class=\"md-plain\">Sunte\u021bi gata s\u0103 v\u0103 \u00eembr\u0103\u021bi\u0219a\u021bi rebelul punk interior? Aceste lentile de contact de culoare albastr\u0103 sunt biletul t\u0103u c\u0103tre o transformare instantanee a stilului. Fie c\u0103 crea\u021bi look-ul cosplay perfect, merge\u021bi la un festival de muzic\u0103 sau pur \u0219i simplu dori\u021bi s\u0103 ie\u0219i\u021bi din mul\u021bime, aceste lentile de contact ofer\u0103 combina\u021bia perfect\u0103 de confort \u0219i impact dramatic.<\/span><\/p>\n<p class=\"md-end-block md-p\"><span class=\"md-plain\">Al\u0103tura\u021bi-v\u0103 revolu\u021biei de auto-exprimare \u0219i descoperi\u021bi cum aceste lentile de contact de culoare albastru punk v\u0103 pot amplifica stilul alternativ. Ochii t\u0103i \u00ee\u021bi spun povestea - f\u0103-o una de neuitat cu o privire care este at\u00e2t \u00eendr\u0103znea\u021b\u0103, c\u00e2t \u0219i frumoas\u0103. Cu aceste lentile de contact colorate, nu v\u0103 schimba\u021bi doar culoarea ochilor; face\u021bi o declara\u021bie despre cine sunte\u021bi \u0219i cine \u00eendr\u0103zni\u021bi s\u0103 deveni\u021bi.<\/span><\/p>\n<p class=\"md-end-block md-p md-focus\"><span class=\"md-plain md-expand\">Nu a\u0219tepta\u021bi s\u0103 v\u0103 dezl\u0103n\u021bui\u021bi rebelul interior. Experimenta\u021bi fuziunea perfect\u0103 dintre atitudinea punk \u0219i confortul contemporan cu aceste lentile de contact revolu\u021bionare de culoare albastr\u0103. Urm\u0103torul t\u0103u look legendar te a\u0219teapt\u0103!<\/span><\/p>","protected":false},"excerpt":{"rendered":"<p>Transform Your Look: Punk Blue Colored Contacts &#8211; Your Gateway to Edgy Style Revolution The Rebellious Spirit Behind Punk Blue Colored Contacts The fusion of punk aesthetics and electric blue hues creates a statement that&#8217;s impossible to ignore. These colored contacts draw inspiration from the raw energy of the punk movement, combined with the ethereal [&#8230;]\n","protected":false},"featured_media":2313,"comment_status":"open","ping_status":"closed","template":"","meta":[],"product_brand":[],"product_cat":[381,92,75,98],"product_tag":[],"class_list":{"0":"post-2311","1":"product","2":"type-product","3":"status-publish","4":"has-post-thumbnail","6":"product_cat-punk-series-colored-contacts","7":"product_cat-14-5-mm","8":"product_cat-blue-contact-lenses","9":"product_cat-yearly-disposable","11":"first","12":"instock","13":"sale","14":"shipping-taxable","15":"purchasable","16":"product-type-variable","17":"has-default-attributes"},"_links":{"self":[{"href":"https:\/\/bqeye.com\/ro\/wp-json\/wp\/v2\/product\/2311","targetHints":{"allow":["GET"]}}],"collection":[{"href":"https:\/\/bqeye.com\/ro\/wp-json\/wp\/v2\/product"}],"about":[{"href":"https:\/\/bqeye.com\/ro\/wp-json\/wp\/v2\/types\/product"}],"replies":[{"embeddable":true,"href":"https:\/\/bqeye.com\/ro\/wp-json\/wp\/v2\/comments?post=2311"}],"wp:featuredmedia":[{"embeddable":true,"href":"https:\/\/bqeye.com\/ro\/wp-json\/wp\/v2\/media\/2313"}],"wp:attachment":[{"href":"https:\/\/bqeye.com\/ro\/wp-json\/wp\/v2\/media?parent=2311"}],"wp:term":[{"taxonomy":"product_brand","embeddable":true,"href":"https:\/\/bqeye.com\/ro\/wp-json\/wp\/v2\/product_brand?post=2311"},{"taxonomy":"product_cat","embeddable":true,"href":"https:\/\/bqeye.com\/ro\/wp-json\/wp\/v2\/product_cat?post=2311"},{"taxonomy":"product_tag","embeddable":true,"href":"https:\/\/bqeye.com\/ro\/wp-json\/wp\/v2\/product_tag?post=2311"}],"curies":[{"name":"wp","href":"https:\/\/api.w.org\/{rel}","templated":true}]}}