{"id":2320,"date":"2025-02-12T21:06:37","date_gmt":"2025-02-12T13:06:37","guid":{"rendered":"https:\/\/bqeye.com\/?post_type=product&#038;p=2320"},"modified":"2025-02-12T21:18:59","modified_gmt":"2025-02-12T13:18:59","slug":"diamond-dust-grey-contact-lenses","status":"publish","type":"product","link":"https:\/\/bqeye.com\/ro\/diamond-dust-grey-contact-lenses\/","title":{"rendered":"Lentile de contact Diamond Dust Grey"},"content":{"rendered":"<h1 class=\"md-end-block md-heading\"><span class=\"md-plain md-expand\">Lentile de contact Diamond Dust Grey: Captiveaz\u0103 cu elegan\u021b\u0103 cristalin\u0103 \u2728<\/span><\/h1>\n<h2 class=\"md-end-block md-heading\"><span class=\"md-plain\">Inspira\u021bie pentru design \u0219i semnifica\u021bia culorilor<\/span><\/h2>\n<p class=\"md-end-block md-p\"><span class=\"md-plain\">Inspirate de str\u0103lucirea eteric\u0103 a prafului de diamante care capteaz\u0103 lumina iernii, aceste lentile transform\u0103 ochii obi\u0219nui\u021bi \u00een bijuterii fermec\u0103toare. Designul unic prezint\u0103 o baz\u0103 gri sofisticat\u0103 infuzat\u0103 cu particule microscopice care reflect\u0103 lumina, cre\u00e2nd o str\u0103lucire subtil\u0103 care imit\u0103 fragmentele de diamante \u00eempr\u0103\u0219tiate.<\/span><\/p>\n<p class=\"md-end-block md-p\"><span class=\"md-plain\">Fiecare lentil\u0103 este fabricat\u0103 cu mai multe straturi de diferite tonuri de gri, de la gri perlat la nuan\u021be mai profunde de ardezie. Modelul cristalin creeaz\u0103 un efect tridimensional care se schimb\u0103 frumos \u00een diferite condi\u021bii de iluminare, la fel ca diamantele reale care capteaz\u0103 \u0219i reflect\u0103 lumina din orice unghi.<\/span><\/p>\n<p class=\"md-end-block md-p\"><span class=\"md-plain\">Modelul distinctiv de str\u0103lucire este plasat strategic pentru a v\u0103 \u00eembun\u0103t\u0103\u021bi mi\u0219carea natural\u0103 a ochilor, asigur\u00e2ndu-se c\u0103 str\u0103lucirea asem\u0103n\u0103toare diamantului pare mai degrab\u0103 organic\u0103 \u0219i captivant\u0103 dec\u00e2t artificial\u0103. Perfect pentru cei care caut\u0103 un accesoriu sofisticat care s\u0103 men\u021bin\u0103 frumuse\u021bea natural\u0103, ad\u0103ug\u00e2nd \u00een acela\u0219i timp o not\u0103 suplimentar\u0103 de lux.<\/span><\/p>\n<h2 class=\"md-end-block md-heading\"><span class=\"md-plain\">Recenzii Influencer<\/span><\/h2>\n<p class=\"md-end-block md-p\"><span class=\"md-plain\">@CrystalGlow (1,5 milioane de urm\u0103ritori)<\/span><\/p>\n<blockquote>\n<p class=\"md-end-block md-p\"><span class=\"md-plain\">\"Aceste lentile sunt totul! Efectul de diamant este subtil, dar uimitor - perfect pentru con\u021binutul meu de lux! \ud83d\udc8e\"<\/span><\/p>\n<\/blockquote>\n<p class=\"md-end-block md-p\"><span class=\"md-plain\">@BeautyInsider (980K urm\u0103ritori)<\/span><\/p>\n<blockquote>\n<p class=\"md-end-block md-p\"><span class=\"md-plain\">\"\u00cen sf\u00e2r\u0219it, lentile gri care chiar str\u0103lucesc natural! Alegerea mea at\u00e2t pentru farmecul de zi cu zi, c\u00e2t \u0219i pentru evenimente speciale \u2728\"<\/span><\/p>\n<\/blockquote>\n<p class=\"md-end-block md-p\"><span class=\"md-plain\">@GlamLifeDaily (750K urm\u0103ritori)<\/span><\/p>\n<blockquote>\n<p class=\"md-end-block md-p\"><span class=\"md-plain\">\"Modul \u00een care acestea capteaz\u0103 lumina este absolut magic! Cea mai bun\u0103 investi\u021bie pentru con\u021binutul meu de frumuse\u021be \ud83d\udcab\"<\/span><\/p>\n<\/blockquote>\n<h2 class=\"md-end-block md-heading\"><span class=\"md-plain\">Experien\u021bele utilizatorilor<\/span><\/h2>\n<blockquote>\n<p class=\"md-end-block md-p\"><span class=\"md-plain\">\"Le-am purtat pentru \u0219edin\u021bele foto de nunt\u0103, iar efectul de str\u0103lucire adaug\u0103 o calitate eteric\u0103 fotografiilor de mireas\u0103.\"<\/span><\/p>\n<\/blockquote>\n<ul class=\"ul-list\" data-mark=\"-\">\n<li class=\"md-list-item\">\n<p class=\"md-end-block md-p\"><span class=\"md-plain\">Emma Roberts (Fotograf profesionist)<\/span><\/p>\n<\/li>\n<\/ul>\n<blockquote>\n<p class=\"md-end-block md-p\"><span class=\"md-plain\">\"Nivelul de confort este incredibil - le pot purta toat\u0103 ziua la evenimente f\u0103r\u0103 nicio irita\u021bie.\"<\/span><\/p>\n<\/blockquote>\n<ul class=\"ul-list\" data-mark=\"-\">\n<li class=\"md-list-item\">\n<p class=\"md-end-block md-p\"><span class=\"md-plain\">Michelle Zhang (Planificator de evenimente)<\/span><\/p>\n<\/li>\n<\/ul>\n<blockquote>\n<p class=\"md-end-block md-p\"><span class=\"md-plain\">\"Acestea se fotografiaz\u0103 minunat at\u00e2t \u00een lumin\u0103 natural\u0103, c\u00e2t \u0219i \u00een studio. Efectul de str\u0103lucire este subtil, dar vizibil.\"<\/span><\/p>\n<\/blockquote>\n<ul class=\"ul-list\" data-mark=\"-\">\n<li class=\"md-list-item\">\n<p class=\"md-end-block md-p\"><span class=\"md-plain\">Kate Anderson (Model)<\/span><\/p>\n<\/li>\n<\/ul>\n<h2 class=\"md-end-block md-heading\"><span class=\"md-plain\">Caracteristici de confort \u0219i siguran\u021b\u0103<\/span><\/h2>\n<p class=\"md-end-block md-p\"><span class=\"md-plain\">Fabricat cu standarde de calitate premium:<\/span><\/p>\n<ul class=\"ul-list\" data-mark=\"-\">\n<li class=\"md-list-item\">\n<p class=\"md-end-block md-p\"><span class=\"md-plain\">Tehnologie avansat\u0103 de hidrogel<\/span><\/p>\n<\/li>\n<li class=\"md-list-item\">\n<p class=\"md-end-block md-p\"><span class=\"md-plain\">Permeabilitate crescut\u0103 la oxigen<\/span><\/p>\n<\/li>\n<li class=\"md-list-item\">\n<p class=\"md-end-block md-p\"><span class=\"md-plain\">Design cu margini netede pentru confort maxim<\/span><\/p>\n<\/li>\n<li class=\"md-list-item\">\n<p class=\"md-end-block md-p\"><span class=\"md-plain\">Materiale aprobate de FDA<\/span><\/p>\n<\/li>\n<\/ul>\n<h2 class=\"md-end-block md-heading\"><span class=\"md-plain\">Experien\u021ba Diamond Dust<\/span><\/h2>\n<p class=\"md-end-block md-p\"><span class=\"md-plain\">Fiecare pereche ofer\u0103:<\/span><\/p>\n<ul class=\"ul-list\" data-mark=\"-\">\n<li class=\"md-list-item\">\n<p class=\"md-end-block md-p\"><span class=\"md-plain\">Efect cristalin cu aspect natural<\/span><\/p>\n<\/li>\n<li class=\"md-list-item\">\n<p class=\"md-end-block md-p\"><span class=\"md-plain\">Tranzi\u021bie perfect\u0103 a culorilor<\/span><\/p>\n<\/li>\n<li class=\"md-list-item\">\n<p class=\"md-end-block md-p\"><span class=\"md-plain\">Confort la purtare toat\u0103 ziua<\/span><\/p>\n<\/li>\n<li class=\"md-list-item\">\n<p class=\"md-end-block md-p\"><span class=\"md-plain\">\u00centre\u021binere u\u0219oar\u0103<\/span><\/p>\n<\/li>\n<li class=\"md-list-item\">\n<p class=\"md-end-block md-p\"><span class=\"md-plain\">Intensitate stabil\u0103 a culorii<\/span><\/p>\n<\/li>\n<li class=\"md-list-item\">\n<p class=\"md-end-block md-p\"><span class=\"md-plain\">Vedere clar\u0103 ca cristalul<\/span><\/p>\n<\/li>\n<\/ul>\n<h2 class=\"md-end-block md-heading\"><span class=\"md-plain\">Transform\u0103-\u021bi look-ul ast\u0103zi!<\/span><\/h2>\n<p class=\"md-end-block md-p\"><span class=\"md-plain\">P\u0103\u0219e\u0219te \u00eentr-o lume a farmecului sofisticat cu lentilele Diamond Dust Grey. Perfect pentru:<\/span><\/p>\n<ul class=\"ul-list\" data-mark=\"-\">\n<li class=\"md-list-item\">\n<p class=\"md-end-block md-p\"><span class=\"md-plain\">Ocazii speciale<\/span><\/p>\n<\/li>\n<li class=\"md-list-item\">\n<p class=\"md-end-block md-p\"><span class=\"md-plain\">\u0218edin\u021be foto profesionale<\/span><\/p>\n<\/li>\n<li class=\"md-list-item\">\n<p class=\"md-end-block md-p\"><span class=\"md-plain\">Elegan\u021b\u0103 de zi cu zi<\/span><\/p>\n<\/li>\n<li class=\"md-list-item\">\n<p class=\"md-end-block md-p\"><span class=\"md-plain\">Con\u021binut social media<\/span><\/p>\n<\/li>\n<li class=\"md-list-item\">\n<p class=\"md-end-block md-p\"><span class=\"md-plain\">Evenimente formale<\/span><\/p>\n<\/li>\n<\/ul>\n<p class=\"md-end-block md-p\"><span class=\"md-plain\">Experimenta\u021bi echilibrul perfect \u00eentre \u00eembun\u0103t\u0103\u021birea subtil\u0103 \u0219i impactul uimitor. Las\u0103-\u021bi ochii s\u0103 str\u0103luceasc\u0103 cu frumuse\u021bea atemporal\u0103 a prafului de diamante! \u2728<\/span><\/p>\n<p class=\"md-end-block md-p\"><span class=\"md-plain\">Nu uita\u021bi, adev\u0103ratul lux st\u0103 \u00een detalii - face\u021bi din ochii dvs. piesa central\u0103 a look-ului dvs. cu aceste lentile excep\u021bionale. Transformarea ta inspirat\u0103 de diamante a\u0219teapt\u0103! \ud83d\udc8e<\/span><\/p>\n<p class=\"md-end-block md-p md-focus\">#<span class=\"md-plain md-expand\">DiamondDustLenses #GreyContactLenses #LuxuryBeauty #EyeEnhancement #GlamourLenses<\/span><\/p>","protected":false},"excerpt":{"rendered":"<p>Diamond Dust Grey Contact Lenses: Captivate with Crystalline Elegance \u2728 Design Inspiration &amp; Color Significance Inspired by the ethereal shimmer of diamond dust catching winter light, these lenses transform ordinary eyes into mesmerizing jewels. The unique design features a sophisticated grey base infused with microscopic light-reflecting particles, creating a subtle sparkle that mimics scattered diamond [&#8230;]\n","protected":false},"featured_media":2322,"comment_status":"open","ping_status":"closed","template":"","meta":[],"product_brand":[],"product_cat":[81,92,188,158,204,98],"product_tag":[],"class_list":{"0":"post-2320","1":"product","2":"type-product","3":"status-publish","4":"has-post-thumbnail","6":"product_cat-grey-contact-lenses","7":"product_cat-14-5-mm","8":"product_cat-dream-contacts","9":"product_cat-enlarge-contacts","10":"product_cat-party-contacts","11":"product_cat-yearly-disposable","13":"first","14":"instock","15":"sale","16":"shipping-taxable","17":"purchasable","18":"product-type-variable","19":"has-default-attributes"},"_links":{"self":[{"href":"https:\/\/bqeye.com\/ro\/wp-json\/wp\/v2\/product\/2320","targetHints":{"allow":["GET"]}}],"collection":[{"href":"https:\/\/bqeye.com\/ro\/wp-json\/wp\/v2\/product"}],"about":[{"href":"https:\/\/bqeye.com\/ro\/wp-json\/wp\/v2\/types\/product"}],"replies":[{"embeddable":true,"href":"https:\/\/bqeye.com\/ro\/wp-json\/wp\/v2\/comments?post=2320"}],"wp:featuredmedia":[{"embeddable":true,"href":"https:\/\/bqeye.com\/ro\/wp-json\/wp\/v2\/media\/2322"}],"wp:attachment":[{"href":"https:\/\/bqeye.com\/ro\/wp-json\/wp\/v2\/media?parent=2320"}],"wp:term":[{"taxonomy":"product_brand","embeddable":true,"href":"https:\/\/bqeye.com\/ro\/wp-json\/wp\/v2\/product_brand?post=2320"},{"taxonomy":"product_cat","embeddable":true,"href":"https:\/\/bqeye.com\/ro\/wp-json\/wp\/v2\/product_cat?post=2320"},{"taxonomy":"product_tag","embeddable":true,"href":"https:\/\/bqeye.com\/ro\/wp-json\/wp\/v2\/product_tag?post=2320"}],"curies":[{"name":"wp","href":"https:\/\/api.w.org\/{rel}","templated":true}]}}