{"id":2324,"date":"2025-02-12T21:32:26","date_gmt":"2025-02-12T13:32:26","guid":{"rendered":"https:\/\/bqeye.com\/?post_type=product&#038;p=2324"},"modified":"2025-02-12T21:35:05","modified_gmt":"2025-02-12T13:35:05","slug":"stardust-mirage-grey-contact-lenses","status":"publish","type":"product","link":"https:\/\/bqeye.com\/ro\/stardust-mirage-grey-contact-lenses\/","title":{"rendered":"Lentile de contact Stardust Mirage Grey"},"content":{"rendered":"<h1 class=\"md-end-block md-heading\"><span class=\"md-plain md-expand\">Lentile de contact Stardust Mirage Grey: Creeaz\u0103-\u021bi propria galaxie a frumuse\u021bii \u2728<\/span><\/h1>\n<p class=\"md-end-block md-p\"><span class=\"md-plain\">Preg\u0103te\u0219te-te s\u0103-\u021bi ridici nivelul ochilor! Aceste lentile de contact gri Stardust Mirage nu sunt doar un alt accesoriu de frumuse\u021be - sunt biletul t\u0103u c\u0103tre acel aspect viral, din alt\u0103 lume, despre care toat\u0103 lumea vorbe\u0219te!<\/span><\/p>\n<h2 class=\"md-end-block md-heading\"><span class=\"md-plain\">\ud83c\udf0c Design Magic &amp; Color Story<\/span><\/h2>\n<p class=\"md-end-block md-p\"><span class=\"md-plain\">\u00cenchide ochii \u0219i imagineaz\u0103-\u021bi cea mai fermec\u0103toare galaxie pe care ai v\u0103zut-o vreodat\u0103 - de acolo se inspir\u0103 aceste lentile de contact magice gri! Designerii au luat dansul hipnotizant al prafului de stele pe cerul nop\u021bii \u0219i l-au transformat \u00een art\u0103 vestimentar\u0103. Rezultatul? O lentil\u0103 de contact revolu\u021bionar\u0103 de culoare gri care face literalmente valuri pe re\u021belele sociale!<\/span><\/p>\n<p class=\"md-end-block md-p\"><span class=\"md-plain\">Geniul const\u0103 \u00een modelul complicat care imit\u0103 fenomenele cosmice. Imagina\u021bi-v\u0103 acest lucru: o baz\u0103 de gri deschis eteric care se transform\u0103 \u00een tonuri mai ad\u00e2nci, misterioase, cre\u00e2nd iluzia unei ad\u00e2ncimi infinite. Modelul unic Stardust Mirage prezint\u0103 elemente iridescente subtile care capteaz\u0103 \u0219i reflect\u0103 lumina la fel ca praful de stele real \u00eempr\u0103\u0219tiat pe cerul nop\u021bii. Fiecare lentil\u0103 de contact gri este atent creat\u0103 cu un efect multidimensional care v\u0103 face ochii s\u0103 par\u0103 c\u0103 con\u021bin universuri \u00eentregi!<\/span><\/p>\n<p class=\"md-end-block md-p\"><span class=\"md-plain\">Ceea ce diferen\u021biaz\u0103 aceste lentile de contact gri pentru ochi este capacitatea lor de a crea efecte diferite pe m\u0103sur\u0103 ce v\u0103 mi\u0219ca\u021bi. \u00cen lumina natural\u0103, ele eman\u0103 o str\u0103lucire moale, de vis. Sub iluminare artificial\u0103, acestea se transform\u0103 \u00een ceva mai dramatic - ca \u0219i cum ai privi stelele prinz\u00e2nd via\u021b\u0103 pe cerul de sear\u0103. Modelul func\u021bioneaz\u0103 armonios cu modelul natural al irisului, cre\u00e2nd un aspect care este at\u00e2t dramatic, c\u00e2t \u0219i incredibil de frumos.<\/span><\/p>\n<h2 class=\"md-end-block md-heading\"><span class=\"md-plain\">\u2b50 Influencer Raves<\/span><\/h2>\n<p class=\"md-end-block md-p\"><span class=\"md-plain\">@CosmicBeauty (1,7 milioane de urm\u0103ritori)<\/span><\/p>\n<blockquote>\n<p class=\"md-end-block md-p\"><span class=\"md-plain\">\"Aceste lentile de contact gri Stardust Mirage sunt TOTUL! \u00cemi dau acel vibe eteric pe care mi l-am dorit \u00eentotdeauna. Logodna mea sa dublat literalmente de c\u00e2nd am \u00eenceput s\u0103 le port! \ud83c\udf1f\"<\/span><\/p>\n<\/blockquote>\n<p class=\"md-end-block md-p\"><span class=\"md-plain\">@GalaxyGlam (980K urm\u0103ritori)<\/span><\/p>\n<blockquote>\n<p class=\"md-end-block md-p\"><span class=\"md-plain\">\"Mi-am g\u0103sit semn\u0103tura ochilor! Aceste lentile de contact de culoare gri sunt perfecte at\u00e2t pentru uzura zilnic\u0103, c\u00e2t \u0219i pentru acele momente speciale de regin\u0103 cosmic\u0103! \u2728\"<\/span><\/p>\n<\/blockquote>\n<p class=\"md-end-block md-p\"><span class=\"md-plain\">@StardustQueen (850K urm\u0103ritori)<\/span><\/p>\n<blockquote>\n<p class=\"md-end-block md-p\"><span class=\"md-plain\">\"Modul \u00een care aceste lentile de contact gri capteaz\u0103 lumina este UNREAL! Urm\u0103ritorii mei sunt obseda\u021bi, iar eu la fel! \ud83d\udcab\"<\/span><\/p>\n<\/blockquote>\n<h2 class=\"md-end-block md-heading\"><span class=\"md-plain\">\ud83d\udc40 Pove\u0219ti reale de la iubitorii de praf de stele<\/span><\/h2>\n<p class=\"md-end-block md-p\"><span class=\"md-plain\">\"Aceste obiective au transformat \u0219edin\u021bele mele editoriale! Schimb\u0103rile subtile ale tonurilor de gri creeaz\u0103 o profunzime incredibil\u0103 \u00een fotografii.\"<\/span><\/p>\n<ul class=\"ul-list\" data-mark=\"-\">\n<li class=\"md-list-item\">\n<p class=\"md-end-block md-p\"><span class=\"md-plain\">Luna Park, Fotograf de mod\u0103<\/span><\/p>\n<\/li>\n<\/ul>\n<p class=\"md-end-block md-p\"><span class=\"md-plain\">\"Perfect pentru con\u021binutul meu cu tematic\u0103 celest\u0103! Sunt suficient de confortabile pentru sesiuni lungi de filmare \u0219i arat\u0103 uimitor pe camer\u0103.\"<\/span><\/p>\n<ul class=\"ul-list\" data-mark=\"-\">\n<li class=\"md-list-item\">\n<p class=\"md-end-block md-p\"><span class=\"md-plain\">Stella Chen, Creator de con\u021binut<\/span><\/p>\n<\/li>\n<\/ul>\n<p class=\"md-end-block md-p\"><span class=\"md-plain\">\"Acestea \u00eemi ofer\u0103 acel amestec perfect de misterios \u0219i elegant. Primesc complimente oriunde m\u0103 duc!\"<\/span><\/p>\n<ul class=\"ul-list\" data-mark=\"-\">\n<li class=\"md-list-item\">\n<p class=\"md-end-block md-p\"><span class=\"md-plain\">Aurora James, make-up artist<\/span><\/p>\n<\/li>\n<\/ul>\n<h2 class=\"md-end-block md-heading\"><span class=\"md-plain\">\ud83c\udf1f Confort de neuitat<\/span><\/h2>\n<p class=\"md-end-block md-p\"><span class=\"md-plain\">\u0218tim c\u0103 ochii t\u0103i sunt pre\u021bio\u0219i! Aceste lentile vin cu toate certific\u0103rile de siguran\u021b\u0103 necesare \u0219i sunt proiectate cu o tehnologie avansat\u0103 de confort. Marginile ultra-u\u0219oare asigur\u0103 o purtare confortabil\u0103 din zori p\u00e2n\u0103 \u00een sear\u0103!<\/span><\/p>\n<h2 class=\"md-end-block md-heading\"><span class=\"md-plain\">\u2728 Perfect pentru orice ocazie<\/span><\/h2>\n<p class=\"md-end-block md-p\"><span class=\"md-plain\">Poart\u0103 aceste lentile de contact gri Stardust Mirage pentru:<\/span><\/p>\n<ul class=\"ul-list\" data-mark=\"-\">\n<li class=\"md-list-item\">\n<p class=\"md-end-block md-p\"><span class=\"md-plain\">Crearea de con\u021binut social media<\/span><\/p>\n<\/li>\n<li class=\"md-list-item\">\n<p class=\"md-end-block md-p\"><span class=\"md-plain\">Evenimente \u0219i petreceri speciale<\/span><\/p>\n<\/li>\n<li class=\"md-list-item\">\n<p class=\"md-end-block md-p\"><span class=\"md-plain\">\u0218edin\u021be foto profesionale<\/span><\/p>\n<\/li>\n<li class=\"md-list-item\">\n<p class=\"md-end-block md-p\"><span class=\"md-plain\">Aspecte \u00eenc\u00e2nt\u0103toare zilnice<\/span><\/p>\n<\/li>\n<li class=\"md-list-item\">\n<p class=\"md-end-block md-p\"><span class=\"md-plain\">Glamour de sear\u0103<\/span><\/p>\n<\/li>\n<li class=\"md-list-item\">\n<p class=\"md-end-block md-p\"><span class=\"md-plain\">Proiecte creative<\/span><\/p>\n<\/li>\n<\/ul>\n<h2 class=\"md-end-block md-heading\"><span class=\"md-plain\">\ud83d\udcab Experien\u021ba Stardust<\/span><\/h2>\n<p class=\"md-end-block md-p\"><span class=\"md-plain\">Transform\u0103-\u021bi look-ul cu:<\/span><\/p>\n<ul class=\"ul-list\" data-mark=\"-\">\n<li class=\"md-list-item\">\n<p class=\"md-end-block md-p\"><span class=\"md-plain\">Efecte eterice de captare a luminii<\/span><\/p>\n<\/li>\n<li class=\"md-list-item\">\n<p class=\"md-end-block md-p\"><span class=\"md-plain\">\u00cembun\u0103t\u0103\u021bire cu aspect natural<\/span><\/p>\n<\/li>\n<li class=\"md-list-item\">\n<p class=\"md-end-block md-p\"><span class=\"md-plain\">Confort la purtare toat\u0103 ziua<\/span><\/p>\n<\/li>\n<li class=\"md-list-item\">\n<p class=\"md-end-block md-p\"><span class=\"md-plain\">Poten\u021bial de stil versatil<\/span><\/p>\n<\/li>\n<li class=\"md-list-item\">\n<p class=\"md-end-block md-p\"><span class=\"md-plain\">Rutin\u0103 de \u00eengrijire u\u0219oar\u0103<\/span><\/p>\n<\/li>\n<\/ul>\n<h2 class=\"md-end-block md-heading\"><span class=\"md-plain\">\ud83c\udf20 De ce ai nevoie de acestea \u00een via\u021ba ta<\/span><\/h2>\n<ul class=\"ul-list\" data-mark=\"-\">\n<li class=\"md-list-item\">\n<p class=\"md-end-block md-p\"><span class=\"md-plain\">Creeaz\u0103 instantaneu dramatism ochilor<\/span><\/p>\n<\/li>\n<li class=\"md-list-item\">\n<p class=\"md-end-block md-p\"><span class=\"md-plain\">Fotografiaz\u0103 magnific<\/span><\/p>\n<\/li>\n<li class=\"md-list-item\">\n<p class=\"md-end-block md-p\"><span class=\"md-plain\">Purtare confortabil\u0103 pe termen lung<\/span><\/p>\n<\/li>\n<li class=\"md-list-item\">\n<p class=\"md-end-block md-p\"><span class=\"md-plain\">Func\u021bioneaz\u0103 cu orice machiaj<\/span><\/p>\n<\/li>\n<li class=\"md-list-item\">\n<p class=\"md-end-block md-p\"><span class=\"md-plain\">Perfect pentru orice iluminat<\/span><\/p>\n<\/li>\n<\/ul>\n<p class=\"md-end-block md-p\"><span class=\"md-plain\">E\u0219ti gata s\u0103 devii frumuse\u021bea celest\u0103 care \u021bi-a fost menit\u0103 s\u0103 fii? Aceste lentile de contact gri Stardust Mirage sunt portalul t\u0103u c\u0103tre acea transformare magic\u0103! Fie c\u0103 crea\u021bi con\u021binut, participa\u021bi la evenimente sau pur \u0219i simplu dori\u021bi s\u0103 v\u0103 sim\u021bi\u021bi ca o stea \u00een via\u021ba de zi cu zi, aceste lentile v\u0103 vor ajuta s\u0103 str\u0103luci\u021bi! \u2728<\/span><\/p>\n<p class=\"md-end-block md-p md-focus\">#<span class=\"md-plain md-expand\">Lentile StardustMirage #GreyLentile de contact #GreyEyeContacts #BeautyTransformation #EyesOnFleek<\/span><\/p>","protected":false},"excerpt":{"rendered":"<p>Stardust Mirage Grey Contact Lenses: Create Your Own Galaxy of Beauty \u2728 Get ready to level up your eye game! These Stardust Mirage grey contact lenses aren&#8217;t just another beauty accessory &#8211; they&#8217;re your ticket to that viral, otherworldly look everyone&#8217;s talking about! \ud83c\udf0c Design Magic &amp; Color Story Close your eyes and imagine the [&#8230;]\n","protected":false},"featured_media":2326,"comment_status":"open","ping_status":"closed","template":"","meta":[],"product_brand":[],"product_cat":[81,92,188,158,204,98],"product_tag":[],"class_list":{"0":"post-2324","1":"product","2":"type-product","3":"status-publish","4":"has-post-thumbnail","6":"product_cat-grey-contact-lenses","7":"product_cat-14-5-mm","8":"product_cat-dream-contacts","9":"product_cat-enlarge-contacts","10":"product_cat-party-contacts","11":"product_cat-yearly-disposable","13":"first","14":"instock","15":"sale","16":"shipping-taxable","17":"purchasable","18":"product-type-variable","19":"has-default-attributes"},"_links":{"self":[{"href":"https:\/\/bqeye.com\/ro\/wp-json\/wp\/v2\/product\/2324","targetHints":{"allow":["GET"]}}],"collection":[{"href":"https:\/\/bqeye.com\/ro\/wp-json\/wp\/v2\/product"}],"about":[{"href":"https:\/\/bqeye.com\/ro\/wp-json\/wp\/v2\/types\/product"}],"replies":[{"embeddable":true,"href":"https:\/\/bqeye.com\/ro\/wp-json\/wp\/v2\/comments?post=2324"}],"wp:featuredmedia":[{"embeddable":true,"href":"https:\/\/bqeye.com\/ro\/wp-json\/wp\/v2\/media\/2326"}],"wp:attachment":[{"href":"https:\/\/bqeye.com\/ro\/wp-json\/wp\/v2\/media?parent=2324"}],"wp:term":[{"taxonomy":"product_brand","embeddable":true,"href":"https:\/\/bqeye.com\/ro\/wp-json\/wp\/v2\/product_brand?post=2324"},{"taxonomy":"product_cat","embeddable":true,"href":"https:\/\/bqeye.com\/ro\/wp-json\/wp\/v2\/product_cat?post=2324"},{"taxonomy":"product_tag","embeddable":true,"href":"https:\/\/bqeye.com\/ro\/wp-json\/wp\/v2\/product_tag?post=2324"}],"curies":[{"name":"wp","href":"https:\/\/api.w.org\/{rel}","templated":true}]}}