{"id":2327,"date":"2025-02-12T21:54:18","date_gmt":"2025-02-12T13:54:18","guid":{"rendered":"https:\/\/bqeye.com\/?post_type=product&#038;p=2327"},"modified":"2025-02-12T21:55:28","modified_gmt":"2025-02-12T13:55:28","slug":"diamond-mist-grey-contact-lenses","status":"publish","type":"product","link":"https:\/\/bqeye.com\/ro\/diamond-mist-grey-contact-lenses\/","title":{"rendered":"Lentile de contact Diamond Mist Grey"},"content":{"rendered":"<h1 class=\"md-end-block md-heading\"><span class=\"md-plain md-expand\">Lentile de contact Diamond Mist Grey: Str\u0103lucire cristalin\u0103 pentru ochii t\u0103i \u2728<\/span><\/h1>\n<p class=\"md-end-block md-p\"><span class=\"md-plain\">Transforma\u021bi-v\u0103 privirea cu cele mai luxoase lentile de contact gri de p\u00e2n\u0103 acum! Lentilele Diamond Mist au un model cristalin inovator care capteaz\u0103 \u0219i reflect\u0103 lumina precum pietrele pre\u021bioase.<\/span><\/p>\n<h2 class=\"md-end-block md-heading\"><span class=\"md-plain\">\u2728 Caracteristici principale<\/span><\/h2>\n<ul class=\"ul-list\" data-mark=\"-\">\n<li class=\"md-list-item\">\n<p class=\"md-end-block md-p\"><span class=\"md-plain\">Baz\u0103 gri premium cu tehnologie cristalin\u0103 de reflexie a luminii<\/span><\/p>\n<\/li>\n<li class=\"md-list-item\">\n<p class=\"md-end-block md-p\"><span class=\"md-plain\">Model multidimensional care imit\u0103 fa\u021betele diamantelor<\/span><\/p>\n<\/li>\n<li class=\"md-list-item\">\n<p class=\"md-end-block md-p\"><span class=\"md-plain\">Ameliorare cu aspect natural pentru toate culorile ochilor<\/span><\/p>\n<\/li>\n<li class=\"md-list-item\">\n<p class=\"md-end-block md-p\"><span class=\"md-plain\">Purtare confortabil\u0103 toat\u0103 ziua<\/span><\/p>\n<\/li>\n<li class=\"md-list-item\">\n<p class=\"md-end-block md-p\"><span class=\"md-plain\">Disponibil pe baz\u0103 de prescrip\u021bie medical\u0103 \u0219i f\u0103r\u0103 prescrip\u021bie medical\u0103<\/span><\/p>\n<\/li>\n<\/ul>\n<h2 class=\"md-end-block md-heading\"><span class=\"md-plain\">\ud83d\udc8e Efectul diamantului<\/span><\/h2>\n<p class=\"md-end-block md-p\"><span class=\"md-plain\">Designul unic micro-prismatic creeaz\u0103:<\/span><\/p>\n<ul class=\"ul-list\" data-mark=\"-\">\n<li class=\"md-list-item\">\n<p class=\"md-end-block md-p\"><span class=\"md-plain\">Str\u0103lucire subtil\u0103 \u00een lumin\u0103 natural\u0103<\/span><\/p>\n<\/li>\n<li class=\"md-list-item\">\n<p class=\"md-end-block md-p\"><span class=\"md-plain\">Str\u0103lucire sporit\u0103 \u00een fotografii<\/span><\/p>\n<\/li>\n<li class=\"md-list-item\">\n<p class=\"md-end-block md-p\"><span class=\"md-plain\">Ad\u00e2ncime dimensional\u0103 sofisticat\u0103<\/span><\/p>\n<\/li>\n<li class=\"md-list-item\">\n<p class=\"md-end-block md-p\"><span class=\"md-plain\">Vedere clar\u0103 ca cristalul<\/span><\/p>\n<\/li>\n<\/ul>\n<h2 class=\"md-end-block md-heading\"><span class=\"md-plain\">\ud83d\udc40 Perfect pentru<\/span><\/h2>\n<ul class=\"ul-list\" data-mark=\"-\">\n<li class=\"md-list-item\">\n<p class=\"md-end-block md-p\"><span class=\"md-plain\">Ocazii speciale<\/span><\/p>\n<\/li>\n<li class=\"md-list-item\">\n<p class=\"md-end-block md-p\"><span class=\"md-plain\">Fotografie de nunt\u0103<\/span><\/p>\n<\/li>\n<li class=\"md-list-item\">\n<p class=\"md-end-block md-p\"><span class=\"md-plain\">Evenimente profesionale<\/span><\/p>\n<\/li>\n<li class=\"md-list-item\">\n<p class=\"md-end-block md-p\"><span class=\"md-plain\">Elegan\u021b\u0103 zilnic\u0103<\/span><\/p>\n<\/li>\n<li class=\"md-list-item\">\n<p class=\"md-end-block md-p\"><span class=\"md-plain\">Con\u021binut social media<\/span><\/p>\n<\/li>\n<li class=\"md-list-item\">\n<p class=\"md-end-block md-p\"><span class=\"md-plain\">Glamour de sear\u0103<\/span><\/p>\n<\/li>\n<\/ul>\n<h2 class=\"md-end-block md-heading\"><span class=\"md-plain\">\ud83c\udf1f Caracteristici de confort<\/span><\/h2>\n<ul class=\"ul-list\" data-mark=\"-\">\n<li class=\"md-list-item\">\n<p class=\"md-end-block md-p\"><span class=\"md-plain\">Material care re\u021bine umezeala<\/span><\/p>\n<\/li>\n<li class=\"md-list-item\">\n<p class=\"md-end-block md-p\"><span class=\"md-plain\">Margini ultra-u\u0219oare<\/span><\/p>\n<\/li>\n<li class=\"md-list-item\">\n<p class=\"md-end-block md-p\"><span class=\"md-plain\">Design respirabil<\/span><\/p>\n<\/li>\n<li class=\"md-list-item\">\n<p class=\"md-end-block md-p\"><span class=\"md-plain\">Timp de purtare de 8 ore<\/span><\/p>\n<\/li>\n<li class=\"md-list-item\">\n<p class=\"md-end-block md-p\"><span class=\"md-plain\">\u00centre\u021binere u\u0219oar\u0103<\/span><\/p>\n<\/li>\n<\/ul>\n<p class=\"md-end-block md-p\"><span class=\"md-plain\">Disponibile \u00een op\u021biuni de unic\u0103 folosin\u021b\u0103 pe 3 luni \u0219i zilnic. Fiecare pachet include instruc\u021biuni detaliate de \u00eengrijire \u0219i o cutie de depozitare premium.<\/span><\/p>\n<p class=\"md-end-block md-p\"><span class=\"md-plain\">Transforma\u021bi-v\u0103 look-ul cu Diamond Mist - unde luxul \u00eent\u00e2lne\u0219te confortul \u00een lentila de contact gri perfect\u0103.<\/span><\/p>\n<p class=\"md-end-block md-p md-focus\">#<span class=\"md-plain md-expand\">DiamondMistLentile #GreyContacte #LuxuryBeauty<\/span><\/p>","protected":false},"excerpt":{"rendered":"<p>Diamond Mist Grey Contact Lenses: Crystalline Brilliance For Your Eyes \u2728 Transform your gaze with our most luxurious grey contacts yet! Diamond Mist lenses feature an innovative crystalline pattern that captures and reflects light like precious gems. \u2728 Key Features Premium grey base with crystalline light-reflecting technology Multi-dimensional pattern mimicking diamond facets Natural-looking enhancement for [&#8230;]\n","protected":false},"featured_media":2329,"comment_status":"open","ping_status":"closed","template":"","meta":[],"product_brand":[],"product_cat":[81,91,188,158,204,98],"product_tag":[],"class_list":{"0":"post-2327","1":"product","2":"type-product","3":"status-publish","4":"has-post-thumbnail","6":"product_cat-grey-contact-lenses","7":"product_cat-14-2-mm","8":"product_cat-dream-contacts","9":"product_cat-enlarge-contacts","10":"product_cat-party-contacts","11":"product_cat-yearly-disposable","13":"first","14":"instock","15":"sale","16":"shipping-taxable","17":"purchasable","18":"product-type-variable","19":"has-default-attributes"},"_links":{"self":[{"href":"https:\/\/bqeye.com\/ro\/wp-json\/wp\/v2\/product\/2327","targetHints":{"allow":["GET"]}}],"collection":[{"href":"https:\/\/bqeye.com\/ro\/wp-json\/wp\/v2\/product"}],"about":[{"href":"https:\/\/bqeye.com\/ro\/wp-json\/wp\/v2\/types\/product"}],"replies":[{"embeddable":true,"href":"https:\/\/bqeye.com\/ro\/wp-json\/wp\/v2\/comments?post=2327"}],"wp:featuredmedia":[{"embeddable":true,"href":"https:\/\/bqeye.com\/ro\/wp-json\/wp\/v2\/media\/2329"}],"wp:attachment":[{"href":"https:\/\/bqeye.com\/ro\/wp-json\/wp\/v2\/media?parent=2327"}],"wp:term":[{"taxonomy":"product_brand","embeddable":true,"href":"https:\/\/bqeye.com\/ro\/wp-json\/wp\/v2\/product_brand?post=2327"},{"taxonomy":"product_cat","embeddable":true,"href":"https:\/\/bqeye.com\/ro\/wp-json\/wp\/v2\/product_cat?post=2327"},{"taxonomy":"product_tag","embeddable":true,"href":"https:\/\/bqeye.com\/ro\/wp-json\/wp\/v2\/product_tag?post=2327"}],"curies":[{"name":"wp","href":"https:\/\/api.w.org\/{rel}","templated":true}]}}