{"id":2483,"date":"2025-03-05T16:38:40","date_gmt":"2025-03-05T08:38:40","guid":{"rendered":"https:\/\/bqeye.com\/?post_type=product&#038;p=2483"},"modified":"2025-03-05T16:44:37","modified_gmt":"2025-03-05T08:44:37","slug":"mystic-iris-brown-contact-lenses","status":"publish","type":"product","link":"https:\/\/bqeye.com\/ro\/mystic-iris-brown-contact-lenses\/","title":{"rendered":"Lentile de contact Mystic Iris Brown (10 PCS)"},"content":{"rendered":"<h1>Ridica\u021bi-v\u0103 aspectul cu lentilele de contact Spellbinding Mystic Iris Brown<\/h1>\n<h2>Alura maro: Inspira\u021bia designului \u0219i simbolismul culorilor<\/h2>\n<p>Preg\u0103ti\u021bi-v\u0103 s\u0103 fi\u021bi transforma\u021bi de alura subtil\u0103 a lentilelor noastre de contact Mystic Iris Brown! Aceste extraordinare lentile de contact maro nu v\u0103 schimb\u0103 doar culoarea ochilor - ele v\u0103 infuzeaz\u0103 \u00eentreaga prezen\u021b\u0103 cu un aer de misticism \u0219i c\u0103ldur\u0103 natural\u0103. Tonurile multidimensionale de chihlimbar \u0219i ciocolat\u0103 creeaz\u0103 un efect hipnotic care este deopotriv\u0103 sofisticat \u0219i accesibil. Maroul a reprezentat din punct de vedere istoric stabilitatea, fiabilitatea \u0219i \u00een\u021belepciunea natural\u0103 - calit\u0103\u021bi pe care le ve\u021bi \u00eentruchipa f\u0103r\u0103 efort atunci c\u00e2nd ve\u021bi purta aceste remarcabile lentile de contact maro.<\/p>\n<p>Frumuse\u021bea acestor lentile de contact maro const\u0103 \u00een atrac\u021bia lor universal\u0103. Pe ochii mai clari, aceste lentile de contact maro creeaz\u0103 o transformare fermec\u0103toare, dramatic\u0103 dar credibil\u0103, ad\u0103ug\u00e2nd profunzime \u0219i caracter privirii tale naturale. Pentru cei cu ochi \u00eentuneca\u021bi \u00een mod natural, lentilele de contact pentru ochi maro Mystic Iris v\u0103 amplific\u0103 bog\u0103\u021bia natural\u0103, ad\u0103ug\u00e2nd \u00een acela\u0219i timp acele schimb\u0103ri de dimensiune de neuitat care \u00eembun\u0103t\u0103\u021besc conversa\u021biile \u0219i conexiunile. Cu fiecare privire, ve\u021bi transmite c\u0103ldur\u0103; cu fiecare privire, ve\u021bi l\u0103sa o impresie de farmec autentic care persist\u0103 mult timp dup\u0103 ce a\u021bi p\u0103r\u0103sit \u00eenc\u0103perea. Aceste lentile de contact maro pentru ochi nu sunt doar un accesoriu - ele sunt o declara\u021bie despre cine sunte\u021bi \u0219i despre \u00eencrederea natural\u0103 pe care o \u00eentruchipa\u021bi.<\/p>\n<h2>Ce spun influencerii despre lentilele noastre de contact maro<\/h2>\n<p>@GlamLifeGuru (4,2 milioane de urm\u0103ritori): \"Am purtat lentile de contact colorate de ani de zile, dar aceste lentile maro Mystic Iris sunt de nivelul urm\u0103tor - confortul este de neegalat \u0219i culoarea este UIMITOR de natural\u0103.\"<\/p>\n<p>@StyleInsider_Morgan (2.3M urm\u0103ritori): \"Aceste lentile de contact maro se fotografiaz\u0103 minunat \u00een orice iluminare! \u00cemi pun \u00een valoare tr\u0103s\u0103turile naturale f\u0103r\u0103 s\u0103 par\u0103 deloc artificiale.\"<\/p>\n<p>@BeautyTruth_Casey (1,6 milioane de urm\u0103ritori): \"Calitatea acestor lentile de contact maro pentru ochi este excep\u021bional\u0103 - grada\u021bia de culoare este sofisticat\u0103 \u0219i pare complet credibil\u0103. Schimb\u0103 absolut jocul!\"<\/p>\n<h2>Experien\u021be reale ale clien\u021bilor<\/h2>\n<p>\"Aceste contacte maro mi-au transformat complet aspectul profesional. M\u0103 simt mai \u00eengrijit\u0103 \u0219i pus\u0103 la punct c\u00e2nd le port!\" - Avery J.<\/p>\n<p>\"Confortul este incredibil - uit c\u0103 port lentile de contact, dar primesc complimente pentru culoarea mea \"natural\u0103\" a ochilor toat\u0103 ziua!\" - Cameron D.<\/p>\n<p>\"Perfect pentru look-ul meu de zi cu zi - am vrut ceva subtil, dar \u00eembun\u0103t\u0103\u021bit, iar aceste lentile maro ofer\u0103 exact asta!\" - Quinn P.<\/p>\n<h2>Combina\u021bii perfecte de machiaj \u0219i ocazii<\/h2>\n<p>Vrei s\u0103 maximizezi impactul lentilelor tale de contact Mystic Iris Brown? Aceste superbe lentile de contact maro creeaz\u0103 magie atunci c\u00e2nd sunt asociate cu farduri de ochi verzi p\u0103m\u00e2ntii, pentru un look inspirat din natur\u0103, sau cu tonuri calde de burgundy, pentru un vibe intens, sofisticat. Pentru elegan\u021b\u0103 \u00een timpul zilei, \u00eencerca\u021bi str\u0103lucirea \u0219ampaniei care permite lentilelor de contact maro s\u0103 adauge profunzime, men\u021bin\u00e2nd \u00een acela\u0219i timp un aspect natural.<\/p>\n<p>Aceste lentile de contact maro sunt suficient de versatile pentru nenum\u0103rate ocazii: interviuri de angajare \u00een care dori\u021bi s\u0103 proiecta\u021bi fiabilitate \u0219i c\u0103ldur\u0103, medii profesionale de zi cu zi \u00een care \u00eembun\u0103t\u0103\u021birea subtil\u0103 face diferen\u021ba, \u00eent\u00e2lniri ocazionale \u00een care dori\u021bi s\u0103 ar\u0103ta\u021bi natural \u0219lefuit sau chiar seri de \u00eent\u00e2lnire \u00een care dori\u021bi s\u0103 transmite\u021bi \u00eencredere abordabil\u0103.<\/p>\n<p>E\u0219ti gata s\u0103 experimentezi transformarea? Aceste lentile de contact Mystic Iris Brown nu sunt doar un accesoriu - sunt o form\u0103 puternic\u0103 de autoexprimare, care dezv\u0103luie persoana sofisticat\u0103 \u0219i natural\u0103 care e\u0219ti cu adev\u0103rat. \u00cembr\u0103\u021bi\u0219eaz\u0103 c\u0103ldura, conecteaz\u0103-te \u00een mod autentic \u0219i prive\u0219te cum oportunit\u0103\u021bile se desf\u0103\u0219oar\u0103 \u00een fa\u021ba ochilor t\u0103i c\u0103prui nou \u00eembun\u0103t\u0103\u021bi\u021bi!<\/p>","protected":false},"excerpt":{"rendered":"<p>Elevate Your Look with Spellbinding Mystic Iris Brown Contact Lenses The Brown Allure: Design Inspiration &amp; Color Symbolism Prepare to be transformed by the subtle allure of our Mystic Iris Brown Contact Lenses! These extraordinary brown contact lenses don&#8217;t just change your eye color \u2013 they infuse your entire presence with an air of natural [&#8230;]\n","protected":false},"featured_media":2486,"comment_status":"open","ping_status":"closed","template":"","meta":[],"product_brand":[382],"product_cat":[385,91,80,72,100,204],"product_tag":[],"class_list":{"0":"post-2483","1":"product","2":"type-product","3":"status-publish","4":"has-post-thumbnail","6":"product_brand-bqeye","7":"product_cat-mystic-iris","8":"product_cat-14-2-mm","9":"product_cat-brown-contact-lenses","10":"product_cat-contact-lenses-by-color","11":"product_cat-daily-disposable","12":"product_cat-party-contacts","14":"first","15":"instock","16":"sale","17":"shipping-taxable","18":"purchasable","19":"product-type-variable","20":"has-default-attributes"},"_links":{"self":[{"href":"https:\/\/bqeye.com\/ro\/wp-json\/wp\/v2\/product\/2483","targetHints":{"allow":["GET"]}}],"collection":[{"href":"https:\/\/bqeye.com\/ro\/wp-json\/wp\/v2\/product"}],"about":[{"href":"https:\/\/bqeye.com\/ro\/wp-json\/wp\/v2\/types\/product"}],"replies":[{"embeddable":true,"href":"https:\/\/bqeye.com\/ro\/wp-json\/wp\/v2\/comments?post=2483"}],"wp:featuredmedia":[{"embeddable":true,"href":"https:\/\/bqeye.com\/ro\/wp-json\/wp\/v2\/media\/2486"}],"wp:attachment":[{"href":"https:\/\/bqeye.com\/ro\/wp-json\/wp\/v2\/media?parent=2483"}],"wp:term":[{"taxonomy":"product_brand","embeddable":true,"href":"https:\/\/bqeye.com\/ro\/wp-json\/wp\/v2\/product_brand?post=2483"},{"taxonomy":"product_cat","embeddable":true,"href":"https:\/\/bqeye.com\/ro\/wp-json\/wp\/v2\/product_cat?post=2483"},{"taxonomy":"product_tag","embeddable":true,"href":"https:\/\/bqeye.com\/ro\/wp-json\/wp\/v2\/product_tag?post=2483"}],"curies":[{"name":"wp","href":"https:\/\/api.w.org\/{rel}","templated":true}]}}