{"id":2487,"date":"2025-03-05T19:28:59","date_gmt":"2025-03-05T11:28:59","guid":{"rendered":"https:\/\/bqeye.com\/?post_type=product&#038;p=2487"},"modified":"2025-03-05T19:45:45","modified_gmt":"2025-03-05T11:45:45","slug":"mystic-iris-pink-contact-lenses","status":"publish","type":"product","link":"https:\/\/bqeye.com\/ro\/mystic-iris-pink-contact-lenses\/","title":{"rendered":"Lentile de contact roz Mystic Iris (10 PCS)"},"content":{"rendered":"<h1>Dezl\u0103n\u021buie-\u021bi misticul interior cu uimitoarele lentile de contact Pink Iris<\/h1>\n<h2>Farmecul fermec\u0103tor al rozului: inspira\u021bie \u0219i semnifica\u021bie<\/h2>\n<p>Descoperi\u021bi o nou\u0103 dimensiune a expresiei personale cu lentilele noastre de contact roz Mystic Iris! Acestea nu sunt lentile de contact colorate obi\u0219nuite - sunt portaluri c\u0103tre o versiune mai fantezist\u0103 \u0219i romantic\u0103 a ta. Tonurile bogate \u0219i multifa\u021betate de roz creeaz\u0103 o profunzime captivant\u0103 care atrage oamenii \u0219i le re\u021bine aten\u021bia cu farmecul s\u0103u nea\u0219teptat. Rozul a fost celebrat \u00een toate culturile ca o culoare a tandre\u021bii, creativit\u0103\u021bii \u0219i energiei tinere - iar acum pute\u021bi canaliza aceste calit\u0103\u021bi \u00eenc\u00e2nt\u0103toare prin privirea dvs. cu aceste lentile de contact roz extraordinare.<\/p>\n<p>Adev\u0103rata magie a acestor lentile de contact roz pentru ochi este versatilitatea lor remarcabil\u0103 \u00een diferite culori naturale ale ochilor. Pentru cei cu tonuri mai profunde ale ochilor, aceste lentile de contact roz creeaz\u0103 o transformare subtil\u0103, dar izbitoare, care adaug\u0103 o dimensiune nea\u0219teptat\u0103 de moliciune privirii tale. Dac\u0103 ave\u021bi ochii mai clari, lentilele de contact pentru ochi roz Mystic Iris v\u0103 sporesc str\u0103lucirea natural\u0103, ad\u0103ug\u00e2nd \u00een acela\u0219i timp acea alur\u0103 roz de neuitat care v\u0103 face prezen\u021ba imposibil de ignorat. Fiecare moment devine o oportunitate de a \u00eenc\u00e2nta, fiecare interac\u021biune fiind impregnat\u0103 cu un aer de misticism romantic. Aceste lentile de contact roz pentru ochi nu stau doar pe irisul t\u0103u - ele dezv\u0103luie individul captivant, magic pe care l-ai \u0219tiut \u00eentotdeauna c\u0103 e\u0219ti.<\/p>\n<h2>Ce spun influencerii despre lentilele noastre de contact roz<\/h2>\n<p>@FashionForward_Taylor (2,5 milioane de urm\u0103ritori): \"Aceste lentile de contact roz mi-au transformat literalmente estetica! Culoarea este delicat pigmentat\u0103, dar creeaz\u0103 un astfel de efect de vis \u00een fotografii.\"<\/p>\n<p>@BeautyMaven_Jordan (3,3 milioane de urm\u0103ritori): \"Am colaborat cu multe m\u0103rci de lentile de contact, dar aceste lentile roz Mystic Iris au echilibrul perfect \u00eentre fantezie \u0219i purtabilitatea de zi cu zi.\"<\/p>\n<p>@TrendHunter_Alex (1,9 milioane de urm\u0103ritori): \"Urm\u0103ritorii mei nu vor \u00eenceta s\u0103 \u00eentrebe despre aceste lentile de contact roz pentru ochi! Ele creeaz\u0103 acest vibe de basm care se fotografiaz\u0103 minunat at\u00e2t \u00een lumin\u0103 natural\u0103, c\u00e2t \u0219i artificial\u0103.\"<\/p>\n<h2>Experien\u021be reale ale clien\u021bilor<\/h2>\n<p>\"Aceste lentile de contact roz m-au f\u0103cut s\u0103 m\u0103 simt ca un personaj din roman\u021ba mea fantastic\u0103 preferat\u0103! Suficient de confortabile pentru a le purta toat\u0103 ziua la nunt\u0103.\" - Morgan K.<\/p>\n<p>\"Am \u00eencercat multe lentile colorate, dar acestea ofer\u0103 de fapt nuan\u021ba perfect\u0103 de roz - vizibil\u0103, dar nu ca un costum. Merit\u0103 fiecare b\u0103nu\u021b!\" - Dakota L.<\/p>\n<p>\"Nici m\u0103car prietenilor mei sceptici nu le-a venit s\u0103 cread\u0103 c\u00e2t de bine \u00eemi st\u0103teau aceste lentile de contact roz. Acum \u00ee\u0219i comand\u0103 propriile perechi!\" - Skyler W.<\/p>\n<h2>Combina\u021bii perfecte de machiaj \u0219i ocazii<\/h2>\n<p>Vrei s\u0103 maximizezi impactul lentilelor tale de contact roz Mystic Iris? Aceste superbe lentile de contact roz pentru ochi se potrivesc cu umbrele moi de coral pentru o atmosfer\u0103 romantic\u0103 inspirat\u0103 de apus, sau se potrivesc minunat cu lila rece pentru un efect eteric de zei\u021b\u0103 a prim\u0103verii. Pentru o purtare subtil\u0103 de zi cu zi, \u00eencerca\u021bi tonuri neutre de \u0219ampanie cu un strop de lumin\u0103 \u00een col\u021bul interior pentru a face contactele roz s\u0103 str\u0103luceasc\u0103 cu adev\u0103rat.<\/p>\n<p>Aceste lentile de contact roz sunt suficient de versatile pentru nenum\u0103rate ocazii: cine romantice \u00een care dori\u021bi s\u0103 \u00eentruchipa\u021bi alura feminin\u0103, s\u0103rb\u0103tori de prim\u0103var\u0103 \u0219i var\u0103 \u00een care dori\u021bi s\u0103 v\u0103 potrivi\u021bi cu florile de sezon, spectacole artistice \u00een care \u00eentruchipa\u021bi un personaj de basm sau pur \u0219i simplu zile \u00een care dori\u021bi s\u0103 v\u0103 infuza\u021bi rutina obi\u0219nuit\u0103 cu o atingere de magie capricioas\u0103.<\/p>\n<p>E\u0219ti gata s\u0103 experimentezi transformarea? Aceste lentile de contact roz Mystic Iris nu \u00ee\u021bi schimb\u0103 doar aspectul - ele deblocheaz\u0103 poten\u021bialul romantic extraordinar care a existat \u00eentotdeauna \u00een tine. \u00cembr\u0103\u021bi\u0219eaz\u0103 farmecul, radiaz\u0103 \u00eencredere juc\u0103u\u0219\u0103 \u0219i preg\u0103te\u0219te-te s\u0103 fii \u00een centrul aten\u021biei oriunde te duce c\u0103l\u0103toria ta!<\/p>","protected":false},"excerpt":{"rendered":"<p>Unleash Your Inner Mystic with Stunning Pink Iris Contact Lenses The Enchanting Charm of Pink: Inspiration &amp; Meaning Discover a new dimension of personal expression with our Mystic Iris Pink Contact Lenses! These aren&#8217;t ordinary colored contacts \u2013 they&#8217;re portals to a more whimsical, romantic version of yourself. The rich, multifaceted pink tones create a [&#8230;]\n","protected":false},"featured_media":2489,"comment_status":"open","ping_status":"closed","template":"","meta":[],"product_brand":[382],"product_cat":[385,92,72,100,204,74],"product_tag":[],"class_list":{"0":"post-2487","1":"product","2":"type-product","3":"status-publish","4":"has-post-thumbnail","6":"product_brand-bqeye","7":"product_cat-mystic-iris","8":"product_cat-14-5-mm","9":"product_cat-contact-lenses-by-color","10":"product_cat-daily-disposable","11":"product_cat-party-contacts","12":"product_cat-pink-contact-lenses","14":"first","15":"instock","16":"sale","17":"shipping-taxable","18":"purchasable","19":"product-type-variable","20":"has-default-attributes"},"_links":{"self":[{"href":"https:\/\/bqeye.com\/ro\/wp-json\/wp\/v2\/product\/2487","targetHints":{"allow":["GET"]}}],"collection":[{"href":"https:\/\/bqeye.com\/ro\/wp-json\/wp\/v2\/product"}],"about":[{"href":"https:\/\/bqeye.com\/ro\/wp-json\/wp\/v2\/types\/product"}],"replies":[{"embeddable":true,"href":"https:\/\/bqeye.com\/ro\/wp-json\/wp\/v2\/comments?post=2487"}],"wp:featuredmedia":[{"embeddable":true,"href":"https:\/\/bqeye.com\/ro\/wp-json\/wp\/v2\/media\/2489"}],"wp:attachment":[{"href":"https:\/\/bqeye.com\/ro\/wp-json\/wp\/v2\/media?parent=2487"}],"wp:term":[{"taxonomy":"product_brand","embeddable":true,"href":"https:\/\/bqeye.com\/ro\/wp-json\/wp\/v2\/product_brand?post=2487"},{"taxonomy":"product_cat","embeddable":true,"href":"https:\/\/bqeye.com\/ro\/wp-json\/wp\/v2\/product_cat?post=2487"},{"taxonomy":"product_tag","embeddable":true,"href":"https:\/\/bqeye.com\/ro\/wp-json\/wp\/v2\/product_tag?post=2487"}],"curies":[{"name":"wp","href":"https:\/\/api.w.org\/{rel}","templated":true}]}}