{"id":2490,"date":"2025-03-05T20:02:05","date_gmt":"2025-03-05T12:02:05","guid":{"rendered":"https:\/\/bqeye.com\/?post_type=product&#038;p=2490"},"modified":"2025-03-05T20:19:48","modified_gmt":"2025-03-05T12:19:48","slug":"infinite-forest-green-contact-lenses","status":"publish","type":"product","link":"https:\/\/bqeye.com\/ro\/infinite-forest-green-contact-lenses\/","title":{"rendered":"Lentile de contact Infinite Forest Green (10 PCS)"},"content":{"rendered":"<h1>Dezl\u0103n\u021buie-\u021bi spiritul naturii interioare cu lentilele de contact uimitoare Infinite Forest Green<\/h1>\n<h2>Farmecul fermec\u0103tor al culorii verde p\u0103dure: Inspira\u021bie \u0219i semnifica\u021bie<\/h2>\n<p>Descoperi\u021bi o nou\u0103 dimensiune a expresiei naturale cu lentilele noastre de contact Infinite Forest Green! Acestea nu sunt lentile de contact colorate obi\u0219nuite - sunt portaluri c\u0103tre o versiune mai armonioas\u0103, conectat\u0103 la natur\u0103, a ta. Tonurile bogate \u0219i multifa\u021betate de verde de p\u0103dure creeaz\u0103 o profunzime captivant\u0103 care atrage oamenii \u0219i le re\u021bine aten\u021bia cu puterea lini\u0219tit\u0103 a unui sanctuar de p\u0103dure. Verdele p\u0103durii a fost venerat \u00een toate culturile ca o culoare a cre\u0219terii, re\u00eennoirii \u0219i \u00een\u021belepciunii naturale - iar acum pute\u021bi canaliza aceste calit\u0103\u021bi vitale prin privirea dvs. cu aceste lentile de contact extraordinare verde p\u0103dure.<\/p>\n<p>Adev\u0103rata magie a acestor lentile de contact pentru ochi verde p\u0103dure este versatilitatea lor remarcabil\u0103 \u00een diferite culori naturale ale ochilor. Pentru cei cu tonuri de ochi mai profunde, aceste lentile de contact verde p\u0103dure creeaz\u0103 o transformare subtil\u0103, dar izbitoare, care adaug\u0103 o dimensiune natural\u0103 a misterului p\u0103durii look-ului dvs. Dac\u0103 ave\u021bi ochii mai clari, lentilele de contact pentru ochi Infinite forest green v\u0103 sporesc str\u0103lucirea natural\u0103, ad\u0103ug\u00e2nd \u00een acela\u0219i timp acea alur\u0103 de smarald de neuitat care v\u0103 face prezen\u021ba imposibil de ignorat. Fiecare moment devine o oportunitate de a v\u0103 conecta \u00een mod natural, fiecare interac\u021biune fiind impregnat\u0103 cu un aer de autenticitate p\u0103m\u00e2ntean\u0103. Aceste lentile de contact pentru ochi verde p\u0103dure nu stau doar pe irisul t\u0103u - ele dezv\u0103luie individul natural captivant pe care l-ai \u0219tiut \u00eentotdeauna c\u0103 e\u0219ti.<\/p>\n<h2>Ce spun influencerii despre lentilele noastre de contact Forest Green<\/h2>\n<p>@FashionForward_Taylor (2,5 milioane de urm\u0103ritori): \"Aceste lentile de contact verde p\u0103dure au transformat literalmente leg\u0103tura mea cu frumuse\u021bea natural\u0103! Culoarea este bogat dimensional\u0103, dar arat\u0103 surprinz\u0103tor de autentic \u00een fotografii.\"<\/p>\n<p>@BeautyMaven_Jordan (3,3 milioane de urm\u0103ritori): \"Am colaborat cu multe m\u0103rci de lentile de contact, dar aceste lentile Infinite Forest Green au echilibrul perfect \u00eentre \u00eembun\u0103t\u0103\u021birea natural\u0103 \u0219i profunzimea p\u0103durii.\"<\/p>\n<p>@TrendHunter_Alex (1,9 milioane de urm\u0103ritori): \"Urm\u0103ritorii mei nu vor \u00eenceta s\u0103 \u00eentrebe despre aceste lentile de contact pentru ochi verde p\u0103dure! Acestea se fotografiaz\u0103 minunat at\u00e2t \u00een lumin\u0103 natural\u0103, c\u00e2t \u0219i artificial\u0103, p\u0103str\u00e2ndu-\u0219i \u00een acela\u0219i timp farmecul autentic de p\u0103dure.\"<\/p>\n<h2>Experien\u021be reale ale clien\u021bilor<\/h2>\n<p>\"Aceste lentile de contact verde p\u0103dure m-au f\u0103cut s\u0103 m\u0103 simt ca \u0219i cum a\u0219 fi p\u0103\u0219it direct dintr-o p\u0103dure fermecat\u0103! Suficient de confortabile pentru a le purta toat\u0103 ziua \u00een timpul drume\u021biilor.\" - Morgan K.<\/p>\n<p>\"Am \u00eencercat multe lentile colorate, dar acestea ofer\u0103 de fapt nuan\u021ba verde p\u0103dure prezentat\u0103 \u00een fotografii - natural\u0103, dar magic\u0103. Merit\u0103 fiecare b\u0103nu\u021b!\" - Dakota L.<\/p>\n<p>\"Nici m\u0103car prietenilor mei sceptici nu le-a venit s\u0103 cread\u0103 c\u00e2t de naturale ar\u0103tau pe mine aceste lentile de contact verde p\u0103dure. Acum \u00ee\u0219i comand\u0103 propriile perechi!\" - Skyler W.<\/p>\n<h2>Combina\u021bii perfecte de machiaj \u0219i ocazii<\/h2>\n<p>Vrei s\u0103 maximizezi impactul lentilelor tale de contact Infinite Forest Green? Aceste minunate lentile de contact verde p\u0103dure completeaz\u0103 umbrele calde de chihlimbar pentru o atmosfer\u0103 de p\u0103dure de toamn\u0103, sau se potrivesc minunat cu tonurile reci de mu\u0219chi pentru un efect misterios de p\u0103dure. Pentru o purtare subtil\u0103 de zi cu zi, \u00eencerca\u021bi tonuri neutre de p\u0103m\u00e2nt cu un strop de auriu \u00een col\u021bul interior pentru a face lentilele de contact verde p\u0103dure s\u0103 str\u0103luceasc\u0103 cu adev\u0103rat ca lumina soarelui prin frunze.<\/p>\n<p>Aceste lentile de contact verde p\u0103dure sunt suficient de versatile pentru nenum\u0103rate ocazii: nun\u021bi \u00een aer liber \u00een care dori\u021bi s\u0103 v\u0103 armoniza\u021bi cu decorurile naturale, s\u0103rb\u0103tori cu tematic\u0103 terestr\u0103 \u00een care este celebrat\u0103 frumuse\u021bea natural\u0103, spectacole artistice \u00een care \u00eentruchipa\u021bi un personaj din p\u0103dure sau pur \u0219i simplu zile \u00een care dori\u021bi s\u0103 v\u0103 infuza\u021bi rutina obi\u0219nuit\u0103 cu o atingere de magie forestier\u0103.<\/p>\n<p>E\u0219ti preg\u0103tit s\u0103 experimentezi transformarea? Aceste lentile de contact Infinite Forest Green nu \u00ee\u021bi schimb\u0103 doar aspectul - ele deblocheaz\u0103 conexiunea extraordinar\u0103 cu natura care a existat \u00eentotdeauna \u00een tine. \u00cembr\u0103\u021bi\u0219eaz\u0103 farmecul p\u0103durii, radiaz\u0103 \u00eencredere natural\u0103 \u0219i preg\u0103te\u0219te-te s\u0103 \u00eei captivezi pe ceilal\u021bi cu profunzimea infinit\u0103 a privirii tale de p\u0103dure!<\/p>","protected":false},"excerpt":{"rendered":"<p>Unleash Your Inner Nature Spirit with Stunning Infinite Forest Green Contact Lenses The Enchanting Charm of Forest Green: Inspiration &amp; Meaning Discover a new dimension of natural expression with our Infinite Forest Green Contact Lenses! These aren&#8217;t ordinary colored contacts \u2013 they&#8217;re portals to a more harmonious, nature-connected version of yourself. The rich, multifaceted forest [&#8230;]\n","protected":false},"featured_media":2492,"comment_status":"open","ping_status":"closed","template":"","meta":[],"product_brand":[382],"product_cat":[385,92,72,100,77,204],"product_tag":[],"class_list":{"0":"post-2490","1":"product","2":"type-product","3":"status-publish","4":"has-post-thumbnail","6":"product_brand-bqeye","7":"product_cat-mystic-iris","8":"product_cat-14-5-mm","9":"product_cat-contact-lenses-by-color","10":"product_cat-daily-disposable","11":"product_cat-green-contact-lenses","12":"product_cat-party-contacts","14":"first","15":"instock","16":"sale","17":"shipping-taxable","18":"purchasable","19":"product-type-variable","20":"has-default-attributes"},"_links":{"self":[{"href":"https:\/\/bqeye.com\/ro\/wp-json\/wp\/v2\/product\/2490","targetHints":{"allow":["GET"]}}],"collection":[{"href":"https:\/\/bqeye.com\/ro\/wp-json\/wp\/v2\/product"}],"about":[{"href":"https:\/\/bqeye.com\/ro\/wp-json\/wp\/v2\/types\/product"}],"replies":[{"embeddable":true,"href":"https:\/\/bqeye.com\/ro\/wp-json\/wp\/v2\/comments?post=2490"}],"wp:featuredmedia":[{"embeddable":true,"href":"https:\/\/bqeye.com\/ro\/wp-json\/wp\/v2\/media\/2492"}],"wp:attachment":[{"href":"https:\/\/bqeye.com\/ro\/wp-json\/wp\/v2\/media?parent=2490"}],"wp:term":[{"taxonomy":"product_brand","embeddable":true,"href":"https:\/\/bqeye.com\/ro\/wp-json\/wp\/v2\/product_brand?post=2490"},{"taxonomy":"product_cat","embeddable":true,"href":"https:\/\/bqeye.com\/ro\/wp-json\/wp\/v2\/product_cat?post=2490"},{"taxonomy":"product_tag","embeddable":true,"href":"https:\/\/bqeye.com\/ro\/wp-json\/wp\/v2\/product_tag?post=2490"}],"curies":[{"name":"wp","href":"https:\/\/api.w.org\/{rel}","templated":true}]}}