{"id":2500,"date":"2025-03-05T21:06:31","date_gmt":"2025-03-05T13:06:31","guid":{"rendered":"https:\/\/bqeye.com\/?post_type=product&#038;p=2500"},"modified":"2025-03-05T21:11:52","modified_gmt":"2025-03-05T13:11:52","slug":"twilight-ombre-purple-contact-lenses","status":"publish","type":"product","link":"https:\/\/bqeye.com\/ro\/twilight-ombre-purple-contact-lenses\/","title":{"rendered":"Lentile de contact Twilight Ombre Purple (10 PCS)"},"content":{"rendered":"<h1>Ridica\u021bi-v\u0103 aspectul cu lentilele de contact Spellbinding Twilight Ombre Purple<\/h1>\n<h2>Alura eteric\u0103: Inspira\u021bia designului \u0219i simbolismul culorilor<\/h2>\n<p>Preg\u0103ti\u021bi-v\u0103 s\u0103 fi\u021bi transforma\u021bi de alura mistic\u0103 a lentilelor noastre de contact Twilight Ombre Purple! Aceste lentile de contact mov extraordinare nu v\u0103 schimb\u0103 doar culoarea ochilor - ele v\u0103 infuzeaz\u0103 \u00eentreaga prezen\u021b\u0103 cu un aer de \u00eenc\u00e2ntare crepuscular\u0103 \u0219i mister ceresc. Efectul ombre multidimensional trece f\u0103r\u0103 probleme de la violet intens la marginea exterioar\u0103 la lavanda moale \u00een apropierea pupilei, cre\u00e2nd un gradient hipnotic crepuscular care este deopotriv\u0103 eteric \u0219i captivant. Purpuriul a reprezentat din punct de vedere istoric magia, intui\u021bia \u0219i \u00een\u021belepciunea mistic\u0103 - calit\u0103\u021bi pe care le ve\u021bi \u00eentruchipa f\u0103r\u0103 efort atunci c\u00e2nd ve\u021bi purta aceste remarcabile lentile de contact violet ombre.<\/p>\n<p>Frumuse\u021bea acestor lentile de contact ombre mov const\u0103 \u00een magia lor crepuscular\u0103. At\u00e2t pe ochii naturali de culoare \u00eenchis\u0103, c\u00e2t \u0219i pe cei de culoare deschis\u0103, aceste lentile de contact ombre creeaz\u0103 o transformare fermec\u0103toare, imposibil de ignorat, ad\u0103ug\u00e2nd profunzime mistic\u0103 \u0219i alur\u0103 cosmic\u0103 privirii tale naturale. Cu fiecare privire, ve\u021bi transmite farmecul amurgului; cu fiecare privire, ve\u021bi l\u0103sa o impresie de mister din alt\u0103 lume care persist\u0103 mult timp dup\u0103 ce a\u021bi p\u0103r\u0103sit camera. Aceste lentile de contact violet ombre nu sunt doar un accesoriu - sunt o declara\u021bie despre profunzimea ta spiritual\u0103 \u0219i leg\u0103tura ta cu t\u0103r\u00e2mul magic crepuscular dintre lumi.<\/p>\n<h2>Ce spun influencerii despre lentilele noastre de contact Purple Ombre<\/h2>\n<p>@GlamLifeGuru (4,2 milioane de urm\u0103ritori): \"Am purtat lentile de contact colorate de ani de zile, dar aceste lentile Twilight Ombre sunt nivelul urm\u0103tor pentru vibra\u021bii mistice - confortul este de neegalat, iar tranzi\u021bia culorilor este FOARTE frumoas\u0103.\"<\/p>\n<p>@StyleInsider_Morgan (2.3M urm\u0103ritori): \"Aceste lentile de contact ombre mov se fotografiaz\u0103 minunat \u00een orice iluminare! Efectul crepuscular pe care \u00eel creeaz\u0103 \u00een portrete este absolut uluitor.\"<\/p>\n<p>@BeautyTruth_Casey (1,6 milioane de urm\u0103ritori): \"Calitatea acestor lentile de contact violet ombre pentru ochi este excep\u021bional\u0103 - grada\u021bia de culoare este sofisticat\u0103 \u0219i creeaz\u0103 o profunzime at\u00e2t de magic\u0103. Absolut game-changer pentru look-uri de inspira\u021bie fantastic\u0103!\"<\/p>\n<h2>Experien\u021be reale ale clien\u021bilor<\/h2>\n<p>\"Aceste lentile de contact ombre twilight mi-au transformat complet \u0219edin\u021ba foto fantastic\u0103. Am sim\u021bit c\u0103 am p\u0103\u0219it \u00eentr-un alt t\u0103r\u00e2m \u00een momentul \u00een care le-am pus!\" - Avery J.<\/p>\n<p>\"Confortul este incredibil - am putut s\u0103 le port pentru un \u00eentreg festival celest f\u0103r\u0103 nici o distragere a aten\u021biei, toate acestea \u00een timp ce primeam nenum\u0103rate complimente pentru ochii mei mistici!\" - Cameron D.<\/p>\n<p>\"Perfect pentru portretizarea personajului meu \u00eenc\u00e2nt\u0103tor - umbra purpurie a ad\u0103ugat exact stratul de magie crepuscular\u0103 pe care am c\u0103utat s\u0103-l exprim!\" - Quinn P.<\/p>\n<h2>Combina\u021bii perfecte de machiaj \u0219i ocazii<\/h2>\n<p>Dori\u021bi s\u0103 maximiza\u021bi impactul lentilelor dvs. de contact Twilight Ombre Purple? Aceste superbe lentile de contact violet ombre creeaz\u0103 o magie mistic\u0103 atunci c\u00e2nd sunt asociate cu farduri de ochi argintii cosmice \u0219i perlate starlight pentru un aspect eteric, celest, sau cu tonuri mai profunde de ametist \u0219i marine pentru o vibra\u021bie intens\u0103, de galaxie crepuscular\u0103. Pentru evenimente de inspira\u021bie fantastic\u0103, \u00eencerca\u021bi s\u0103 le completa\u021bi cu o lumin\u0103 str\u0103lucitoare \u00een punctele \u00eenalte ale fe\u021bei, pentru a spori transformarea eteric\u0103 pe care o ofer\u0103 aceste lentile de contact.<\/p>\n<p>Aceste lentile de contact violet ombre sunt suficient de versatile pentru nenum\u0103rate ocazii: s\u0103rb\u0103tori mistice \u00een care dori\u021bi s\u0103 \u00eentruchipa\u021bi energia cosmic\u0103, gale de sear\u0103 \u00een care v\u0103 dori\u021bi un aer de \u00eenc\u00e2ntare, \u0219edin\u021be foto creative \u00een care frumuse\u021bea eteric\u0103 este \u00een centrul aten\u021biei sau evenimente fantastice \u00een care v\u0103 exprima\u021bi leg\u0103tura cu magia crepuscular\u0103.<\/p>\n<p>E\u0219ti gata s\u0103 experimentezi transformarea? Aceste lentile de contact Twilight Ombre Purple nu sunt doar un accesoriu - sunt un portal puternic c\u0103tre exprimarea de sine, care dezv\u0103luie spiritul mistic, atins de amurg, care locuie\u0219te \u00een tine. \u00cembr\u0103\u021bi\u0219eaz\u0103 farmecul, radiaz\u0103 alur\u0103 cosmic\u0103 \u0219i prive\u0219te cum oportunit\u0103\u021bile de conexiune magic\u0103 se desf\u0103\u0219oar\u0103 \u00een fa\u021ba ochilor t\u0103i proasp\u0103t umbri\u021bi!<\/p>","protected":false},"excerpt":{"rendered":"<p>Elevate Your Look with Spellbinding Twilight Ombre Purple Contact Lenses The Ethereal Allure: Design Inspiration &amp; Color Symbolism Prepare to be transformed by the mystical allure of our Twilight Ombre Purple Contact Lenses! These extraordinary purple contact lenses don&#8217;t just change your eye color \u2013 they infuse your entire presence with an air of twilight [&#8230;]\n","protected":false},"featured_media":2502,"comment_status":"open","ping_status":"closed","template":"","meta":[],"product_brand":[382],"product_cat":[385,92,72,100,204,82],"product_tag":[],"class_list":{"0":"post-2500","1":"product","2":"type-product","3":"status-publish","4":"has-post-thumbnail","6":"product_brand-bqeye","7":"product_cat-mystic-iris","8":"product_cat-14-5-mm","9":"product_cat-contact-lenses-by-color","10":"product_cat-daily-disposable","11":"product_cat-party-contacts","12":"product_cat-purple-contact-lenses","14":"first","15":"instock","16":"sale","17":"shipping-taxable","18":"purchasable","19":"product-type-variable","20":"has-default-attributes"},"_links":{"self":[{"href":"https:\/\/bqeye.com\/ro\/wp-json\/wp\/v2\/product\/2500","targetHints":{"allow":["GET"]}}],"collection":[{"href":"https:\/\/bqeye.com\/ro\/wp-json\/wp\/v2\/product"}],"about":[{"href":"https:\/\/bqeye.com\/ro\/wp-json\/wp\/v2\/types\/product"}],"replies":[{"embeddable":true,"href":"https:\/\/bqeye.com\/ro\/wp-json\/wp\/v2\/comments?post=2500"}],"wp:featuredmedia":[{"embeddable":true,"href":"https:\/\/bqeye.com\/ro\/wp-json\/wp\/v2\/media\/2502"}],"wp:attachment":[{"href":"https:\/\/bqeye.com\/ro\/wp-json\/wp\/v2\/media?parent=2500"}],"wp:term":[{"taxonomy":"product_brand","embeddable":true,"href":"https:\/\/bqeye.com\/ro\/wp-json\/wp\/v2\/product_brand?post=2500"},{"taxonomy":"product_cat","embeddable":true,"href":"https:\/\/bqeye.com\/ro\/wp-json\/wp\/v2\/product_cat?post=2500"},{"taxonomy":"product_tag","embeddable":true,"href":"https:\/\/bqeye.com\/ro\/wp-json\/wp\/v2\/product_tag?post=2500"}],"curies":[{"name":"wp","href":"https:\/\/api.w.org\/{rel}","templated":true}]}}