{"id":2511,"date":"2025-03-18T20:56:21","date_gmt":"2025-03-18T12:56:21","guid":{"rendered":"https:\/\/bqeye.com\/?post_type=product&#038;p=2511"},"modified":"2025-03-18T21:06:45","modified_gmt":"2025-03-18T13:06:45","slug":"nocturnal-spirit-brown-contact-lenses","status":"publish","type":"product","link":"https:\/\/bqeye.com\/ro\/nocturnal-spirit-brown-contact-lenses\/","title":{"rendered":"Lentile de contact Nocturnal Spirit Brown (pachet de 10)"},"content":{"rendered":"<h2>Lentile de contact Nocturnal Spirit Brown (pachet de 10)<\/h2>\n<p>OMG voi, literalmente nu m\u0103 pot opri s\u0103 m\u0103 uit la proprii mei ochi \u00een oglind\u0103 de c\u00e2nd am primit aceste lentile de contact Nocturnal Spirit Brown!!! Am \u00eencercat ca o duzin\u0103 de contacte colorate diferite \u00eenainte, dar acestea sunt magice NEXT LEVEL!!!<\/p>\n<p>\u00cen primul r\u00e2nd, putem vorbi despre ambalaj?? Acesta a venit \u00een aceast\u0103 cutie absolut superb albastru miezul nop\u021bii cu faze de lun\u0103 de argint \u0219i simboluri mistice \u00een relief pe ea, care ma f\u0103cut s\u0103 m\u0103 simt ca \u0219i cum am fost unboxing un fel de carte veche vraja \u00een loc de contacte. \u00cen interior, fiecare dintre cele 10 perechi vine sigilat\u0103 individual \u00een propriul compartiment mic, care nu este doar super igienic, dar m\u0103 face s\u0103 m\u0103 simt ca \u0219i cum a\u0219 accesa un fel de ingrediente po\u021biune de fiecare dat\u0103 c\u00e2nd am deschis unul!<\/p>\n<p>Dar culoarea. Sunt literalmente obsedat\u0103!!! Este acest maro profund, misterios, care are aceste varia\u021bii subtile de dimensiune care capteaz\u0103 lumina \u00een cel mai hipnotic mod. Nu acel maro plat, evident fals, care te face s\u0103 ar\u0103\u021bi ca o p\u0103pu\u0219\u0103 \u00eenfior\u0103toare! Ace\u0219tia au aceast\u0103 bog\u0103\u021bie multi-tonal\u0103 care arat\u0103 \u0219ocant de natural, oferind \u00een acela\u0219i timp o energie major\u0103 de spirit de p\u0103dure fermecat\u0103. Am \u00een mod natural ochi verzi-alba\u0219tri \u0219i transformarea este COMPLET\u0102 - \u00eentreaga mea vibra\u021bie se schimb\u0103 \u00een secunda \u00een care mi-am pus astea.<\/p>\n<p>\u00cen prima zi le-am purtat la cafeneaua mea, barista mea obi\u0219nuit\u0103 (pe care o v\u0103d \u00een fiecare zi) a f\u0103cut literalmente o dubl\u0103-take \u0219i a fost ca \"exist\u0103 ceva diferit despre tine ast\u0103zi... energia ta este at\u00e2t de misterioas\u0103 \u0219i captivant\u0103?\" Nici m\u0103car nu exagerez!!! P\u00e2n\u0103 \u00een a treia zi de purtare a acestora, selfie-urile mele primeau 40% mai mult angajament pe Instagram. PUTEREA!!!<\/p>\n<p>Sunt perfecte pentru \u0219edin\u021bele foto de toamn\u0103 mohor\u00e2te - am f\u0103cut o \u0219edin\u021b\u0103 spontan\u0103 \u00een parc la ora de aur \u0219i prietenul meu fotograf NU a putut s\u0103 treac\u0103 peste modul \u00een care maro a prins lumina \u0219i a creat aceast\u0103 profunzime care m-a f\u0103cut s\u0103 ar\u0103t ca \u0219i cum a\u0219 fi avut secrete vechi din p\u0103dure. Dar sincer? Le-am purtat \u0219i \u00een zilele obi\u0219nuite de lucru, pentru c\u0103 m\u0103 fac s\u0103 m\u0103 simt ca aceast\u0103 versiune \u00eencrez\u0103toare \u0219i enigmatic\u0103 a mea, de care sunt oarecum obsedat\u0103.<\/p>\n<p>Pachetul de 10 este perfect, pentru c\u0103 le pute\u021bi p\u0103stra pentru ocazii speciale sau pentru a fi complet magic timp de o s\u0103pt\u0103m\u00e2n\u0103 \u0219i jum\u0103tate, a\u0219a cum am f\u0103cut eu. \u00cen orice caz, fii preg\u0103tit ca oamenii s\u0103 fie complet hipnotiza\u021bi de privirea ta. Nu vreau s\u0103 fiu dramatic, dar aceste lentile de contact ar putea fi de fapt fermecate????<\/p>","protected":false},"excerpt":{"rendered":"<p>Nocturnal Spirit Brown Contact Lenses (10-Pack) OMG you guys, I literally cannot stop staring at my own eyes in the mirror since I got these Nocturnal Spirit Brown Contact Lenses!!! I&#8217;ve tried like a dozen different colored contacts before but these are NEXT LEVEL magical!!! First, can we talk about the packaging?? It came in [&#8230;]\n","protected":false},"featured_media":2513,"comment_status":"open","ping_status":"closed","template":"","meta":[],"product_brand":[382],"product_cat":[101,91,80,72,100,129],"product_tag":[],"class_list":{"0":"post-2511","1":"product","2":"type-product","3":"status-publish","4":"has-post-thumbnail","6":"product_brand-bqeye","7":"product_cat-natural-contacts","8":"product_cat-14-2-mm","9":"product_cat-brown-contact-lenses","10":"product_cat-contact-lenses-by-color","11":"product_cat-daily-disposable","12":"product_cat-fresh-contacts","14":"first","15":"instock","16":"sale","17":"shipping-taxable","18":"purchasable","19":"product-type-variable","20":"has-default-attributes"},"_links":{"self":[{"href":"https:\/\/bqeye.com\/ro\/wp-json\/wp\/v2\/product\/2511","targetHints":{"allow":["GET"]}}],"collection":[{"href":"https:\/\/bqeye.com\/ro\/wp-json\/wp\/v2\/product"}],"about":[{"href":"https:\/\/bqeye.com\/ro\/wp-json\/wp\/v2\/types\/product"}],"replies":[{"embeddable":true,"href":"https:\/\/bqeye.com\/ro\/wp-json\/wp\/v2\/comments?post=2511"}],"wp:featuredmedia":[{"embeddable":true,"href":"https:\/\/bqeye.com\/ro\/wp-json\/wp\/v2\/media\/2513"}],"wp:attachment":[{"href":"https:\/\/bqeye.com\/ro\/wp-json\/wp\/v2\/media?parent=2511"}],"wp:term":[{"taxonomy":"product_brand","embeddable":true,"href":"https:\/\/bqeye.com\/ro\/wp-json\/wp\/v2\/product_brand?post=2511"},{"taxonomy":"product_cat","embeddable":true,"href":"https:\/\/bqeye.com\/ro\/wp-json\/wp\/v2\/product_cat?post=2511"},{"taxonomy":"product_tag","embeddable":true,"href":"https:\/\/bqeye.com\/ro\/wp-json\/wp\/v2\/product_tag?post=2511"}],"curies":[{"name":"wp","href":"https:\/\/api.w.org\/{rel}","templated":true}]}}