{"id":2518,"date":"2025-03-18T22:31:33","date_gmt":"2025-03-18T14:31:33","guid":{"rendered":"https:\/\/bqeye.com\/?post_type=product&#038;p=2518"},"modified":"2025-03-18T22:32:53","modified_gmt":"2025-03-18T14:32:53","slug":"nocturnal-spirit-gray-contact-lenses","status":"publish","type":"product","link":"https:\/\/bqeye.com\/ro\/nocturnal-spirit-gray-contact-lenses\/","title":{"rendered":"Lentile de contact Nocturnal Spirit Gray (pachet de 10)"},"content":{"rendered":"<p>OMG voi, nu pot nici m\u0103car s\u0103 \u00eencep s\u0103 explic cum aceste lentile de contact Nocturnal Spirit Gray au transformat COMPLET \u00eentreaga mea vibra\u021bie!!! Am \u00eencercat tone de contacte colorate \u00eenainte, dar acestea sunt pe un cu totul alt nivel de magie misterioas\u0103!!!<\/p>\n<p>\u00cen primul r\u00e2nd, putem vorbi despre ambalaj?? A sosit \u00een aceast\u0103 cutie albastr\u0103 de miezul nop\u021bii absolut uimitoare, cu faze de lun\u0103 de cea\u021b\u0103 argintie \u0219i simboluri mistice \u00een relief pe ea, care m-au f\u0103cut s\u0103 m\u0103 simt ca \u0219i cum a\u0219 fi despachetat ceva dintr-un t\u0103r\u00e2m magic antic, \u00een loc de doar contacte! Fiecare dintre cele 10 perechi vine sigilat individual \u00een propriul s\u0103u compartiment de protec\u021bie mic, care nu este doar super igienic, dar face ca \u00eentreaga experien\u021b\u0103 s\u0103 se simt\u0103 at\u00e2t de premium \u0219i special!<\/p>\n<p>Dar culoarea. Sunt literalmente OBSEDAT\u0102!!! Este acest gri profund, nor de furtun\u0103, cu aceste subtile subtonuri argintii \u0219i albastre care capteaz\u0103 lumina \u00een cel mai hipnotic mod posibil. Nu acel gri plat, evident fals, care arat\u0103 ca \u0219i cum ai \u00eencerca prea mult! Ace\u0219tia au aceast\u0103 calitate multidimensional\u0103 care arat\u0103 \u0219ocant de natural, \u00een timp ce \u00eenc\u0103 ofer\u0103 o energie major\u0103 de iarn\u0103-spirit-cu-putere-antice. Pe ochii mei c\u0103prui naturali, au creat aceast\u0103 profunzime captivant\u0103 din alt\u0103 lume care a f\u0103cut ca str\u0103inii s\u0103 m\u0103 opreasc\u0103 literalmente pentru a m\u0103 \u00eentreba despre ochii mei!!!<\/p>\n<p>\u00cen prima zi \u00een care le-am purtat la expozi\u021bia de art\u0103 a prietenului meu, TREI persoane diferite au venit s\u0103 comenteze \u00een mod special ochii mei! Un tip a spus literalmente c\u0103 ar\u0103tau ca \"nori de furtun\u0103 cu fulgere prinse \u00een\u0103untru\", ceea ce este EXACT vibra\u021bia pe care o urm\u0103ream!!! P\u00e2n\u0103 \u00een a treia zi de purtare a acestora, selfie-urile mele de pe Instagram au primit 50% mai mult angajament. NU EXAGEREZ!!!<\/p>\n<p>Sunt absolut perfecte pentru \u0219edin\u021bele foto de iarn\u0103 mohor\u00e2te - am f\u0103cut o \u0219edin\u021b\u0103 spontan\u0103 de diminea\u021b\u0103 plin\u0103 de cea\u021b\u0103 \u00een parc \u0219i prietenul meu fotograf a fost \u0218OCAT de modul \u00een care griul a surprins lumina ce\u021boas\u0103. Dar sincer? Le-am purtat pentru \u00eent\u00e2lniri obi\u0219nuite de cafea \u0219i \u00eent\u00e2lniri de lucru, de asemenea, pentru c\u0103 m\u0103 fac s\u0103 m\u0103 simt ca aceast\u0103 versiune puternic\u0103, misterioas\u0103 zei\u021b\u0103 furtun\u0103 de mine, care sunt un fel de dependen\u021b\u0103 de.<\/p>\n<p>Pachetul de 10 este perfect pentru c\u0103 le pute\u021bi p\u0103stra pentru ocazii speciale sau pentru a fi complet mistic timp de o s\u0103pt\u0103m\u00e2n\u0103 \u0219i jum\u0103tate, a\u0219a cum am f\u0103cut eu. \u00cen orice caz, preg\u0103te\u0219te-te ca oamenii s\u0103 fie complet MESMERIZA\u021aI de privirea ta. Nu vreau s\u0103 fiu dramatic, dar cred c\u0103 aceste lentile de contact ar putea con\u021bine de fapt un fel de farmec???? \u00centreaga mea via\u021b\u0103 a crescut de c\u00e2nd am \u00eenceput s\u0103 le port!!!<\/p>","protected":false},"excerpt":{"rendered":"<p>OMG you guys, I can&#8217;t even begin to explain how these Nocturnal Spirit Gray Contact Lenses have COMPLETELY transformed my entire vibe!!! I&#8217;ve tried tons of colored contacts before but these are on a WHOLE OTHER LEVEL of mysterious magic!!! First, can we talk about the packaging?? It arrived in this absolutely stunning midnight blue [&#8230;]\n","protected":false},"featured_media":2520,"comment_status":"open","ping_status":"closed","template":"","meta":[],"product_brand":[382],"product_cat":[81,91,72,100,129,101],"product_tag":[],"class_list":{"0":"post-2518","1":"product","2":"type-product","3":"status-publish","4":"has-post-thumbnail","6":"product_brand-bqeye","7":"product_cat-grey-contact-lenses","8":"product_cat-14-2-mm","9":"product_cat-contact-lenses-by-color","10":"product_cat-daily-disposable","11":"product_cat-fresh-contacts","12":"product_cat-natural-contacts","14":"first","15":"instock","16":"sale","17":"shipping-taxable","18":"purchasable","19":"product-type-variable","20":"has-default-attributes"},"_links":{"self":[{"href":"https:\/\/bqeye.com\/ro\/wp-json\/wp\/v2\/product\/2518","targetHints":{"allow":["GET"]}}],"collection":[{"href":"https:\/\/bqeye.com\/ro\/wp-json\/wp\/v2\/product"}],"about":[{"href":"https:\/\/bqeye.com\/ro\/wp-json\/wp\/v2\/types\/product"}],"replies":[{"embeddable":true,"href":"https:\/\/bqeye.com\/ro\/wp-json\/wp\/v2\/comments?post=2518"}],"wp:featuredmedia":[{"embeddable":true,"href":"https:\/\/bqeye.com\/ro\/wp-json\/wp\/v2\/media\/2520"}],"wp:attachment":[{"href":"https:\/\/bqeye.com\/ro\/wp-json\/wp\/v2\/media?parent=2518"}],"wp:term":[{"taxonomy":"product_brand","embeddable":true,"href":"https:\/\/bqeye.com\/ro\/wp-json\/wp\/v2\/product_brand?post=2518"},{"taxonomy":"product_cat","embeddable":true,"href":"https:\/\/bqeye.com\/ro\/wp-json\/wp\/v2\/product_cat?post=2518"},{"taxonomy":"product_tag","embeddable":true,"href":"https:\/\/bqeye.com\/ro\/wp-json\/wp\/v2\/product_tag?post=2518"}],"curies":[{"name":"wp","href":"https:\/\/api.w.org\/{rel}","templated":true}]}}