{"id":2533,"date":"2025-05-19T20:09:32","date_gmt":"2025-05-19T12:09:32","guid":{"rendered":"https:\/\/bqeye.com\/?post_type=product&#038;p=2533"},"modified":"2025-05-19T20:34:35","modified_gmt":"2025-05-19T12:34:35","slug":"lucifer-celestial-blue-contact-lenses","status":"publish","type":"product","link":"https:\/\/bqeye.com\/ro\/lucifer-celestial-blue-contact-lenses\/","title":{"rendered":"Lentile de contact Lucifer Celestial Blue (10 PCS)"},"content":{"rendered":"<h1>Lentile de contact Lucifer Celestial Blue care \u00ee\u021bi taie r\u0103suflarea: Dezvaluie-ti privirea cereasca!<\/h1>\n<h2>Magia divin\u0103 a lentilelor de contact Celestial Blue<\/h2>\n<p>Experimenta\u021bi transformarea cosmic\u0103 cu extraordinarul nostru <strong>Lentile de contact Celestial Blue<\/strong>! Aceste imagini din alt\u0103 lume <strong>Lentile de contact Celestial Blue<\/strong> creeaz\u0103 o privire at\u00e2t de captivant\u0103, \u00eenc\u00e2t este ca \u0219i cum ai purta cerul \u00eensu\u0219i \u00een ochi. Nuan\u021ba de albastru transcendent func\u021bioneaz\u0103 miraculos at\u00e2t pe ochii \u00eenchi\u0219i la culoare, c\u00e2t \u0219i pe cei \u00eenchi\u0219i la culoare, cre\u00e2nd un efect eteric care este deopotriv\u0103 izbitor \u0219i sofisticat. C\u00e2nd lumina capteaz\u0103 aceste <strong>Celestial albastru ochi Contacte<\/strong>, ochii t\u0103i str\u0103lucesc cu o profunzime multidimensional\u0103 care pare s\u0103 cuprind\u0103 \u00eentregul univers.<\/p>\n<p>Nuan\u021ba sublim\u0103 a acestor lentile se inspir\u0103 din cerul amurgului \u0219i nebuloasele \u00eendep\u0103rtate, \u00eembin\u00e2nd albastrul profund cu accente de str\u0103lucire celest\u0103. Pe ochii mai \u00eentuneca\u021bi, acestea creeaz\u0103 o transformare dramatic\u0103 care adaug\u0103 luminozitate \u0219i profunzime supranaturale. Pentru ochii mai clari, aceste <strong>Lentile de contact pentru ochi Celestial Blue<\/strong> \u00eembun\u0103t\u0103\u021bi\u021bi-v\u0103 culoarea natural\u0103 cu o str\u0103lucire aproape mistic\u0103 care atrage oamenii pe orbita dvs.! Aceasta nu este doar o schimbare de culoare - este o \u00eentreag\u0103 stare de spirit care v\u0103 ridic\u0103 prezen\u021ba la ceva cu adev\u0103rat stelar.<\/p>\n<h2>Vedetele influente iubesc lentilele noastre Celestial Blue<\/h2>\n<p><strong>CosmicBeauty<\/strong> (1,7 milioane de urm\u0103ritori): \"Aceste lentile Celestial Blue mi-au revolu\u021bionat con\u021binutul! Culoarea este din aceast\u0103 lume superb\u0103 \u00een fotografii \u0219i videoclipuri!\"<\/p>\n<p><strong>StilNebula<\/strong> (920K followers): \"Urm\u0103ritorii mei m\u0103 \u00eentreab\u0103 constant despre aceste lentile de contact albastre magice! Sunt arma mea secret\u0103 pentru a crea look-uri de neuitat.\"<\/p>\n<p><strong>BeautyOrbit<\/strong> (2,4 milioane de urm\u0103ritori): \"Dup\u0103 ce am \u00eencercat zeci de lentile colorate, acestea Celestial Blue au devenit semn\u0103tura mea. Confortul \u0219i culoarea sunt de neegalat!\"<\/p>\n<h2>Experien\u021be stellare ale clien\u021bilor<\/h2>\n<p>\"Am purtat astea la un eveniment special \u0219i m-am sim\u021bit ca o zei\u021b\u0103 absolut\u0103! Albastrul celest este subtil, dar magic.\" - Sophia, 29 de ani<\/p>\n<p>\"Eram \u00eengrijorat c\u0103 lentilele de contact colorate vor ar\u0103ta fals pe ochii mei \u00eentuneca\u021bi, dar acestea se amestec\u0103 frumos, cre\u00e2nd \u00een acela\u0219i timp un efect uimitor!\" - Marcus, 31 de ani<\/p>\n<p>\"Perfect pentru uzura zilnic\u0103 - confortabil toat\u0103 ziua, iar albastrul celest adaug\u0103 ceva special look-ului meu.\" - Olivia, 26 de ani<\/p>\n<p>\"Aceste lentile mi-au transformat \u0219edin\u021ba foto! Albastrul unic capteaz\u0103 frumos lumina pe camer\u0103.\" - James, 28 de ani<\/p>\n<h2>Stilul lentilelor de contact Celestial Blue<\/h2>\n<p>dvs. <strong>Lentile de contact Lucifer Celestial Blue<\/strong> \u00eembun\u0103t\u0103\u021besc f\u0103r\u0103 efort nenum\u0103rate look-uri! Pentru elegan\u021b\u0103 \u00een timpul zilei, asorteaz\u0103-i cu un machiaj neutru - doar o atingere de rimel \u0219i un fard de obraz de culoarea piersicii permit ca albastrul celest s\u0103 devin\u0103 elementul t\u0103u natural.<\/p>\n<p>Pentru \u00eenc\u00e2ntarea serii, aceste <strong>Lentile de contact pentru ochi Celestial Blue<\/strong> creeaz\u0103 magie atunci c\u00e2nd sunt asociate cu un machiaj de inspira\u021bie cosmic\u0103. \u00cencearc\u0103 farduri cu str\u0103lucire subtil\u0103 \u00een argintiu, lavanda sau albastru marin pentru a completa tema celest\u0103. Ad\u0103uga\u021bi o atingere de iluminator la col\u021burile interioare pentru a crea un efect cu adev\u0103rat \u00eenstelat, perfect pentru petreceri, ocazii speciale sau ori de c\u00e2te ori dori\u021bi s\u0103 l\u0103sa\u021bi o impresie de neuitat!<\/p>\n<p>Aceste lentile str\u0103lucesc str\u0103lucitor pentru evenimente formale, \u00eent\u00e2lniri cu stelele, festivaluri de var\u0103 \u0219i s\u0103rb\u0103tori tematice. Imagina\u021bi-v\u0103 str\u0103lucirea celest\u0103 care completeaz\u0103 \u021binutele elegante de sear\u0103 sau creeaz\u0103 un contrast dramatic cu tonurile calde de p\u0103m\u00e2nt! Fotografii profesioni\u0219ti ador\u0103 modul \u00een care aceste <strong>Lentile de contact Celestial Blue<\/strong> creeaz\u0103 portrete cu profunzime \u0219i dimensiune care par aproape supranatural de frumoase.<\/p>\n<h2>\u00cembr\u0103\u021bi\u0219eaz\u0103-\u021bi ast\u0103zi frumuse\u021bea celest\u0103!<\/h2>\n<p>De ce s\u0103 v\u0103 mul\u021bumi\u021bi cu ochii p\u0103m\u00e2nteni c\u00e2nd pute\u021bi surprinde m\u0103re\u021bia cosmosului cu <strong>Lentile de contact Celestial Blue<\/strong>? Purtarea lor confortabil\u0103, culoarea uluitoare \u0219i poten\u021bialul versatil de styling le fac perfecte pentru oricine caut\u0103 s\u0103 \u00ee\u0219i ridice look-ul cu o frumuse\u021be cereasc\u0103.<\/p>\n<p>Fie c\u0103 v\u0103 \u00eembun\u0103t\u0103\u021bi\u021bi aspectul de zi cu zi, v\u0103 preg\u0103ti\u021bi pentru o ocazie special\u0103 sau completa\u021bi un ansamblu de inspira\u021bie celest\u0103, aceste <strong>Celestial albastru ochi Contacte<\/strong> ofer\u0103 echilibrul perfect \u00eentre magia eteric\u0103 \u0219i elegan\u021ba purtabil\u0103. Sim\u021bi\u021bi \u00eencrederea care vine atunci c\u00e2nd privirea dumneavoastr\u0103 de\u021bine frumuse\u021bea stelelor \u00eendep\u0103rtate!<\/p>\n<p>E\u0219ti gata s\u0103 experimentezi senza\u021bia celest\u0103? Transforma\u021bi-v\u0103 look-ul ast\u0103zi \u0219i descoperi\u021bi de ce aceste haine captivante <strong>Lentile de contact Celestial Blue<\/strong> au devenit secretul esen\u021bial pentru a crea impresii cu adev\u0103rat de neuitat. Ochii dvs. nu merit\u0103 nimic mai pu\u021bin dec\u00e2t aceast\u0103 transformare paradisiac\u0103!<\/p>","protected":false},"excerpt":{"rendered":"<p>Breathtaking Lucifer Celestial Blue Contact Lenses: Unveil Your Heavenly Gaze! The Divine Magic of Celestial Blue Contact Lenses Experience cosmic transformation with our extraordinary Celestial Blue Contact Lenses! These otherworldly Celestial Blue Contact Lenses create a gaze so captivating, it&#8217;s like wearing the sky itself in your eyes. The transcendent blue hue works miraculously on [&#8230;]\n","protected":false},"featured_media":2535,"comment_status":"open","ping_status":"closed","template":"","meta":[],"product_brand":[382],"product_cat":[75,91,72,100,386,101],"product_tag":[],"class_list":{"0":"post-2533","1":"product","2":"type-product","3":"status-publish","4":"has-post-thumbnail","6":"product_brand-bqeye","7":"product_cat-blue-contact-lenses","8":"product_cat-14-2-mm","9":"product_cat-contact-lenses-by-color","10":"product_cat-daily-disposable","11":"product_cat-lucifer","12":"product_cat-natural-contacts","14":"first","15":"instock","16":"sale","17":"shipping-taxable","18":"purchasable","19":"product-type-variable","20":"has-default-attributes"},"_links":{"self":[{"href":"https:\/\/bqeye.com\/ro\/wp-json\/wp\/v2\/product\/2533","targetHints":{"allow":["GET"]}}],"collection":[{"href":"https:\/\/bqeye.com\/ro\/wp-json\/wp\/v2\/product"}],"about":[{"href":"https:\/\/bqeye.com\/ro\/wp-json\/wp\/v2\/types\/product"}],"replies":[{"embeddable":true,"href":"https:\/\/bqeye.com\/ro\/wp-json\/wp\/v2\/comments?post=2533"}],"wp:featuredmedia":[{"embeddable":true,"href":"https:\/\/bqeye.com\/ro\/wp-json\/wp\/v2\/media\/2535"}],"wp:attachment":[{"href":"https:\/\/bqeye.com\/ro\/wp-json\/wp\/v2\/media?parent=2533"}],"wp:term":[{"taxonomy":"product_brand","embeddable":true,"href":"https:\/\/bqeye.com\/ro\/wp-json\/wp\/v2\/product_brand?post=2533"},{"taxonomy":"product_cat","embeddable":true,"href":"https:\/\/bqeye.com\/ro\/wp-json\/wp\/v2\/product_cat?post=2533"},{"taxonomy":"product_tag","embeddable":true,"href":"https:\/\/bqeye.com\/ro\/wp-json\/wp\/v2\/product_tag?post=2533"}],"curies":[{"name":"wp","href":"https:\/\/api.w.org\/{rel}","templated":true}]}}