{"id":2539,"date":"2025-05-19T21:02:43","date_gmt":"2025-05-19T13:02:43","guid":{"rendered":"https:\/\/bqeye.com\/?post_type=product&#038;p=2539"},"modified":"2025-05-19T21:07:04","modified_gmt":"2025-05-19T13:07:04","slug":"solo-hazel-brown-contact-lenses","status":"publish","type":"product","link":"https:\/\/bqeye.com\/ro\/solo-hazel-brown-contact-lenses\/","title":{"rendered":"Lentile de contact Solo Hazel Brown (10 PCS)"},"content":{"rendered":"<h1>Lentile de contact fermec\u0103toare Solo Hazel Brown: Dezv\u0103luie-\u021bi mistica natural\u0103!<\/h1>\n<h2>Farmecul captivant al lentilelor de contact Hazel Brown<\/h2>\n<p>Descoperi\u021bi transformarea subtil\u0103 cu <strong>Lentile de contact Solo Hazel Brown<\/strong>! Aceste remarcabile <strong>Lentile de contact Hazel Brown<\/strong> pune\u021bi-v\u0103 \u00een valoare privirea cu un amestec multidimensional de nuan\u021be calde de maro \u0219i verde-auriu, care se potrivesc de minune cu orice culoare a ochilor. Culoarea natural\u0103 de maro alune creeaz\u0103 un efect care este subtil izbitor \u0219i intrigant de unic. C\u00e2nd purta\u021bi aceste <strong>Hazel Brown ochi Contacte<\/strong>, ochii dvs. prind via\u021b\u0103 cu o complexitate bogat\u0103, captur\u00e2nd lumina cu pete aurii \u0219i o profunzime p\u0103m\u00e2ntie care v\u0103 face privirea imposibil de uitat.<\/p>\n<p>Nuan\u021ba uimitoare a acestor lentile evoc\u0103 p\u0103durile de toamn\u0103, cu lumina soarelui care filtreaz\u0103 prin frunze. Pe ochii mai \u00eentuneca\u021bi, acestea creeaz\u0103 o transformare bl\u00e2nd\u0103 care adaug\u0103 o dimensiune fascinant\u0103 \u0219i c\u0103ldur\u0103 aurie. Pentru ochii mai clari, aceste <strong>Lentile de contact pentru ochi Hazel Brown<\/strong> pune\u021bi \u00een valoare culoarea natural\u0103 cu o profunzime multifa\u021betat\u0103 care v\u0103 face privirea mai expresiv\u0103 \u0219i mai captivant\u0103! Rezultatul este perfect echilibrat - suficient de natural pentru a p\u0103rea autentic, suficient de unic pentru a atrage complimente sincere.<\/p>\n<h2>Influencer Favorite<\/h2>\n<p><strong>NaturalGlow<\/strong> (1,3 milioane de urm\u0103ritori): \"Aceste lentile Solo Hazel Brown sunt incredibile pentru a crea con\u021binut care s\u0103 par\u0103 autentic, dar elevat! Dimensiunea culorii fotografiaz\u0103 minunat!\"<\/p>\n<p><strong>EarthyElegance<\/strong> (760.000 de urm\u0103ritori): \"Publicul meu m\u0103 \u00eentreab\u0103 \u00een mod constant despre ochii mei atunci c\u00e2nd port aceste lentile de contact de culoare alune. Arat\u0103 complet natural, ad\u0103ug\u00e2nd \u00een acela\u0219i timp acel ceva special!\"<\/p>\n<p><strong>SubtilBeauty<\/strong> (1,8 milioane de urm\u0103ritori): \"Dup\u0103 ce am \u00eencercat nenum\u0103rate lentile colorate, acestea Hazel Brown au devenit esen\u021bialul meu de zi cu zi. Confortul \u0219i culoarea multidimensional\u0103 sunt de neegalat!\"<\/p>\n<h2>Experien\u021bele clien\u021bilor<\/h2>\n<p>\"Aceste lentile albastre au dat ochilor mei c\u0103prui un accesoriu subtil perfect! Petele aurii capteaz\u0103 lumina minunat!\" - Sophia, 27 de ani<\/p>\n<p>\"C\u0103utam ceva care s\u0103-mi pun\u0103 \u00een valoare ochii verzi f\u0103r\u0103 s\u0103 par\u0103 fals. Aceste lentile maro alune sunt absolut perfecte!\" - James, 31 de ani<\/p>\n<p>\"Ca persoan\u0103 care apreciaz\u0103 frumuse\u021bea discret\u0103, aceste lentile sunt completarea ideal\u0103 pentru stilul meu natural.\" - Emma, 29 de ani<\/p>\n<p>\"Aceste lentile au fost perfecte pentru fotografiile mele de logodn\u0103 - mi-au \u00eembun\u0103t\u0103\u021bit ochii cu o dimensiune frumoas\u0103, f\u0103r\u0103 s\u0103 par\u0103 artificiale.\" - Michael, 32 de ani<\/p>\n<h2>Stilizeaz\u0103-\u021bi lentilele de contact Hazel Brown<\/h2>\n<p>dvs. <strong>Lentile de contact Solo Hazel Brown<\/strong> sunt elemente versatile de \u00eembun\u0103t\u0103\u021bire a stilului pentru nenum\u0103rate look-uri! Pentru sofisticarea de zi cu zi, combina\u021bi-le cu un machiaj minimalist - doar rimelul \u0219i o atingere de fard de obraz permit tonurilor de alune multidimensionale s\u0103 devin\u0103 tr\u0103s\u0103tura dvs. subtil\u0103.<\/p>\n<p>Pentru elegan\u021b\u0103 de sear\u0103, aceste <strong>Lentile de contact pentru ochi Hazel Brown<\/strong> creeaz\u0103 magie atunci c\u00e2nd sunt asociate cu farduri de ochi \u00een tonuri calde de cupru, bronz sau m\u0103sliniu, care le completeaz\u0103 coloritul complex. Armonia dintre machiajul t\u0103u \u0219i brunul hazel creeaz\u0103 un look coerent, perfect pentru cine romantice, \u00eent\u00e2lniri de toamn\u0103 sau ori de c\u00e2te ori \u00ee\u021bi dore\u0219ti un aspect natural \u00eembun\u0103t\u0103\u021bit!<\/p>\n<p>Aceste lentile sunt deosebit de uimitoare pentru fotografia \u00een aer liber, moda de toamn\u0103 \u0219i estetica natural\u0103. Imagina\u021bi-v\u0103 cum hazel-ul bogat va completa \u021binutele \u00een tonuri de p\u0103m\u00e2nt sau va crea o dimensiune frumoas\u0103 pe haine \u00een tonuri de bijuterii! Fotografii apreciaz\u0103 modul \u00een care aceste <strong>Lentile de contact Hazel Brown<\/strong> crea\u021bi portrete cu complexitate \u0219i profunzime autentic\u0103, pun\u00e2nd \u00een valoare tr\u0103s\u0103turile dvs. naturale \u0219i ad\u0103ug\u00e2nd \u00een acela\u0219i timp o dimensiune fascinant\u0103.<\/p>\n<h2>Experimenta\u021bi ast\u0103zi transformarea Hazel Brown!<\/h2>\n<p>De ce s\u0103 alegi \u00eentre subtil \u0219i izbitor c\u00e2nd ochii t\u0103i le pot \u00eentruchipa pe am\u00e2ndou\u0103 cu <strong>Lentile de contact Hazel Brown<\/strong>? Senza\u021bia lor confortabil\u0103, culoarea multidimensional\u0103 \u0219i poten\u021bialul versatil de styling le fac perfecte pentru oricine dore\u0219te s\u0103 \u00ee\u0219i pun\u0103 \u00een valoare frumuse\u021bea natural\u0103 cu o atingere de complexitate hazel.<\/p>\n<p>Fie c\u0103 v\u0103 rafina\u021bi aspectul de zi cu zi, v\u0103 preg\u0103ti\u021bi pentru o fotografie special\u0103 sau pur \u0219i simplu dori\u021bi s\u0103 experimenta\u021bi cre\u0219terea \u00eencrederii \u00een sine a ochilor c\u0103prui nobili \u00eembun\u0103t\u0103\u021bi\u021bi, aceste <strong>Hazel Brown ochi Contacte<\/strong> ofer\u0103 echilibrul perfect de \u00eembun\u0103t\u0103\u021bire \u0219i autenticitate. Sim\u021bi\u021bi diferen\u021ba atunci c\u00e2nd privirea dumneavoastr\u0103 transmite profunzime \u0219i intrig\u0103 \u00een fiecare interac\u021biune!<\/p>\n<p>E\u0219ti preg\u0103tit\u0103 s\u0103 experimentezi transformarea \u00een maro alune? \u00cembun\u0103t\u0103\u021be\u0219te-\u021bi look-ul ast\u0103zi \u0219i descoper\u0103 de ce aceste fermec\u0103toare <strong>Lentile de contact Solo Hazel Brown<\/strong> au devenit alegerea esen\u021bial\u0103 pentru a crea impresii cu adev\u0103rat captivante, dar naturale. Ochii dvs. merit\u0103 aceast\u0103 atingere de elegan\u021b\u0103 multidimensional\u0103!<\/p>","protected":false},"excerpt":{"rendered":"<p>Enchanting Solo Hazel Brown Contact Lenses: Reveal Your Natural Mystique! The Captivating Charm of Hazel Brown Contact Lenses Discover subtle transformation with our Solo Hazel Brown Contact Lenses! These remarkable Hazel Brown Contact Lenses enhance your gaze with a multidimensional blend of warm brown and golden-green undertones that work beautifully with every eye color. The [&#8230;]\n","protected":false},"featured_media":2541,"comment_status":"open","ping_status":"closed","template":"","meta":[],"product_brand":[382],"product_cat":[158,92,80,72,100,101],"product_tag":[],"class_list":{"0":"post-2539","1":"product","2":"type-product","3":"status-publish","4":"has-post-thumbnail","6":"product_brand-bqeye","7":"product_cat-enlarge-contacts","8":"product_cat-14-5-mm","9":"product_cat-brown-contact-lenses","10":"product_cat-contact-lenses-by-color","11":"product_cat-daily-disposable","12":"product_cat-natural-contacts","14":"first","15":"instock","16":"sale","17":"shipping-taxable","18":"purchasable","19":"product-type-variable","20":"has-default-attributes"},"_links":{"self":[{"href":"https:\/\/bqeye.com\/ro\/wp-json\/wp\/v2\/product\/2539","targetHints":{"allow":["GET"]}}],"collection":[{"href":"https:\/\/bqeye.com\/ro\/wp-json\/wp\/v2\/product"}],"about":[{"href":"https:\/\/bqeye.com\/ro\/wp-json\/wp\/v2\/types\/product"}],"replies":[{"embeddable":true,"href":"https:\/\/bqeye.com\/ro\/wp-json\/wp\/v2\/comments?post=2539"}],"wp:featuredmedia":[{"embeddable":true,"href":"https:\/\/bqeye.com\/ro\/wp-json\/wp\/v2\/media\/2541"}],"wp:attachment":[{"href":"https:\/\/bqeye.com\/ro\/wp-json\/wp\/v2\/media?parent=2539"}],"wp:term":[{"taxonomy":"product_brand","embeddable":true,"href":"https:\/\/bqeye.com\/ro\/wp-json\/wp\/v2\/product_brand?post=2539"},{"taxonomy":"product_cat","embeddable":true,"href":"https:\/\/bqeye.com\/ro\/wp-json\/wp\/v2\/product_cat?post=2539"},{"taxonomy":"product_tag","embeddable":true,"href":"https:\/\/bqeye.com\/ro\/wp-json\/wp\/v2\/product_tag?post=2539"}],"curies":[{"name":"wp","href":"https:\/\/api.w.org\/{rel}","templated":true}]}}