{"id":2542,"date":"2025-05-19T21:45:24","date_gmt":"2025-05-19T13:45:24","guid":{"rendered":"https:\/\/bqeye.com\/?post_type=product&#038;p=2542"},"modified":"2025-05-19T21:48:06","modified_gmt":"2025-05-19T13:48:06","slug":"forest-herb-light-brown-contact-lenses","status":"publish","type":"product","link":"https:\/\/bqeye.com\/ro\/forest-herb-light-brown-contact-lenses\/","title":{"rendered":"Lentile de contact Forest Herb Light Brown (10 PCS)"},"content":{"rendered":"<h1>Lentile de contact Enchanting Forest Herb Light Brown: \u00cembr\u0103\u021bi\u0219a\u021bi elegan\u021ba botanic\u0103!<\/h1>\n<h2>Alura natural\u0103 a lentilelor de contact Herb Light Brown<\/h2>\n<p>Descoperi\u021bi frumuse\u021bea botanic\u0103 cu <strong>Lentile de contact Forest Herb Light Brown<\/strong>! Aceste extraordinare <strong>Lentile de contact Herb Light Brown<\/strong> transform\u0103-\u021bi privirea cu un maro deschis unic, infuzat cu subtile nuan\u021be verzi de ierburi, care evoc\u0103 lini\u0219tea p\u0103durii. Culoarea distinctiv\u0103 maro deschis cu ierburi creeaz\u0103 un efect care este at\u00e2t natural sofisticat, c\u00e2t \u0219i unic \u0219i r\u0103coritor. C\u00e2nd purta\u021bi aceste <strong>Herb Contacte pentru ochi maro deschis<\/strong>, ochii dvs. radiaz\u0103 cu c\u0103ldur\u0103 multidimensional\u0103 - capteaz\u0103 lumina cu profunzimi captivante pe baz\u0103 de plante care atrag oamenii cu farmecul lor p\u0103m\u00e2ntesc, botanic.<\/p>\n<p>Nuan\u021ba special\u0103 a acestor lentile capteaz\u0103 esen\u021ba luminii soarelui prin coronamentul p\u0103durilor \u0219i prin podelele bogate \u00een ierburi ale p\u0103durilor. Pe ochii mai \u00eentuneca\u021bi, acestea creeaz\u0103 o transformare subtil\u0103, dar distinctiv\u0103, care adaug\u0103 o dimensiune \u0219i un caracter remarcabile. Pentru ochii lumina\u021bi \u00een mod natural, aceste <strong>Herb Light Brown Lentile de contact pentru ochi<\/strong> \u00ee\u021bi spore\u0219te culoarea cu o profunzime fascinant\u0103, care \u00ee\u021bi face privirea mai expresiv\u0103 \u0219i intrigant\u0103 \u00een mod unic! Rezultatul atinge o armonie perfect\u0103 - suficient de distinct\u0103 pentru a st\u00e2rni curiozitatea, suficient de natural\u0103 pentru a p\u0103rea autentic a ta.<\/p>\n<h2>Aprecierea influencerilor<\/h2>\n<p><strong>BotanicalBeauty<\/strong> (1,4 milioane de urm\u0103ritori): \"Aceste lentile Forest Herb Light Brown sunt secretul meu pentru con\u021binutul care se conecteaz\u0103 cu natura! Dimensiunea culorii este at\u00e2t de unic de frumoas\u0103 \u0219i cu un aspect complet natural!\"<\/p>\n<p><strong>EarthyStyle<\/strong> (850K urm\u0103ritori): \"Publicul meu m\u0103 \u00eentreab\u0103 constant despre ochii mei atunci c\u00e2nd port aceste lentile de contact maro deschis. Ele creeaz\u0103 un efect at\u00e2t de distinctiv, dar credibil!\"<\/p>\n<p><strong>ForestAesthetic<\/strong> (2,0 milioane de urm\u0103ritori): \"Dup\u0103 ce am \u00eencercat nenum\u0103rate lentile colorate, acestea Herb Light Brown au devenit look-ul meu semn\u0103tur\u0103. Confortul \u0219i culoarea botanic\u0103 natural\u0103 sunt incomparabile!\"<\/p>\n<h2>Experien\u021bele clien\u021bilor<\/h2>\n<p>\"Aceste lentile maro deschis au dat ochilor mei negri o dimensiune frumoas\u0103, cu tonuri subtile de verde care \u00eei fac extrem de expresivi!\" - Sophia, 27 de ani<\/p>\n<p>\"C\u0103utam ceva diferit care s\u0103 nu par\u0103 artificial. Acestea sunt perfecte - tonul maro deschis al ierbii este at\u00e2t de natural distinctiv!\" - Ethan, 32 de ani<\/p>\n<p>\"Fiind o persoan\u0103 c\u0103reia \u00eei place stilul de inspira\u021bie forestier\u0103, aceste lentile sunt completarea ideal\u0103 pentru estetica mea natural\u0103.\" - Olivia, 29 de ani<\/p>\n<p>\"Aceste lentile au fost perfecte pentru fotografiile mele de nunt\u0103 din p\u0103dure - mi-au \u00eembun\u0103t\u0103\u021bit ochii cu o dimensiune frumoas\u0103 care a completat perfect decorul p\u0103durii noastre.\" - Noah, 31 de ani<\/p>\n<h2>Stilizeaz\u0103-\u021bi lentilele de contact Herb Light Brown<\/h2>\n<p>dvs. <strong>Lentile de contact Forest Herb Light Brown<\/strong> sunt elemente versatile de \u00eembun\u0103t\u0103\u021bire a stilului pentru nenum\u0103rate look-uri! Pentru un farmec natural de zi cu zi, combina\u021bi-le cu un machiaj minim - doar rimelul \u0219i un ten proasp\u0103t permit \u0219uvi\u021belor maro deschis cu ierburi unice s\u0103 devin\u0103 semn\u0103tura dvs.<\/p>\n<p>Pentru sofisticare de sear\u0103, aceste <strong>Herb Light Brown Lentile de contact pentru ochi<\/strong> creeaz\u0103 magie atunci c\u00e2nd sunt asociate cu farduri de ochi verde salvie, bronz sau taupe, care le completeaz\u0103 nuan\u021bele botanice. Armonia dintre machiajul t\u0103u \u0219i brunul deschis al ierburilor creeaz\u0103 un look coerent, perfect pentru petreceri \u00een gr\u0103din\u0103, retrageri \u00een p\u0103dure sau ori de c\u00e2te ori \u00ee\u021bi dore\u0219ti un aspect natural deosebit!<\/p>\n<p>Aceste lentile sunt deosebit de uimitoare pentru fotografia \u00een aer liber, gr\u0103dinile botanice \u0219i moda inspirat\u0103 de natur\u0103. Imagina\u021bi-v\u0103 cum maro deschis bogat \u00een ierburi va completa hainele \u00een tonuri de p\u0103m\u00e2nt \u0219i \u021bes\u0103turile naturale! Fotografii apreciaz\u0103 modul \u00een care aceste <strong>Lentile de contact Herb Light Brown<\/strong> crea\u021bi portrete cu o profunzime \u0219i o dimensiune fascinante, pun\u00e2nd \u00een valoare tr\u0103s\u0103turile dvs. naturale cu o c\u0103ldur\u0103 botanic\u0103 care r\u0103m\u00e2ne complet credibil\u0103.<\/p>\n<h2>Experimenta\u021bi ast\u0103zi transformarea Herb Light Brown!<\/h2>\n<p>De ce s\u0103 alegi culori obi\u0219nuite c\u00e2nd ochii t\u0103i pot \u00eentruchipa frumuse\u021bea botanic\u0103 natural\u0103 cu <strong>Lentile de contact Herb Light Brown<\/strong>? Senza\u021bia lor confortabil\u0103, culoarea distinctiv\u0103, dar natural\u0103, \u0219i poten\u021bialul versatil de styling le fac perfecte pentru oricine caut\u0103 s\u0103 \u00ee\u0219i pun\u0103 \u00een valoare frumuse\u021bea \u00eenn\u0103scut\u0103 cu o not\u0103 de elegan\u021b\u0103 inspirat\u0103 din p\u0103dure.<\/p>\n<p>Fie c\u0103 v\u0103 re\u00eemprosp\u0103ta\u021bi aspectul de zi cu zi, v\u0103 preg\u0103ti\u021bi pentru fotografia \u00een natur\u0103 sau pur \u0219i simplu dori\u021bi s\u0103 experimenta\u021bi cre\u0219terea \u00eencrederii \u00een sine a ochilor \u00eembun\u0103t\u0103\u021bi\u021bi \u00een mod unic, aceste <strong>Herb Contacte pentru ochi maro deschis<\/strong> ofer\u0103 echilibrul perfect al caracterului distinctiv \u0219i al autenticit\u0103\u021bii naturale. Sim\u021bi\u021bi diferen\u021ba atunci c\u00e2nd privirea dumneavoastr\u0103 transmite c\u0103ldura senin\u0103 a frumuse\u021bii p\u0103durii \u00een fiecare interac\u021biune!<\/p>\n<p>E\u0219ti preg\u0103tit\u0103 s\u0103 experimentezi transformarea maro deschis a ierbii? \u00cembun\u0103t\u0103\u021be\u0219te-\u021bi look-ul ast\u0103zi \u0219i descoper\u0103 de ce aceste produse sofisticate <strong>Lentile de contact Forest Herb Light Brown<\/strong> au devenit alegerea esen\u021bial\u0103 pentru a crea impresii cu adev\u0103rat distincte, dar frumoase \u00een mod natural. Ochii dvs. merit\u0103 aceast\u0103 atingere de elegan\u021b\u0103 botanic\u0103!<\/p>","protected":false},"excerpt":{"rendered":"<p>Enchanting Forest Herb Light Brown Contact Lenses: Embrace Botanical Elegance! The Natural Allure of Herb Light Brown Contact Lenses Discover botanical beauty with our Forest Herb Light Brown Contact Lenses! These extraordinary Herb Light Brown Contact Lenses transform your gaze with a unique light brown infused with subtle herbal green undertones that evoke woodland tranquility. [&#8230;]\n","protected":false},"featured_media":2544,"comment_status":"open","ping_status":"closed","template":"","meta":[],"product_brand":[382],"product_cat":[188,91,80,72,100,101],"product_tag":[],"class_list":{"0":"post-2542","1":"product","2":"type-product","3":"status-publish","4":"has-post-thumbnail","6":"product_brand-bqeye","7":"product_cat-dream-contacts","8":"product_cat-14-2-mm","9":"product_cat-brown-contact-lenses","10":"product_cat-contact-lenses-by-color","11":"product_cat-daily-disposable","12":"product_cat-natural-contacts","14":"first","15":"instock","16":"sale","17":"shipping-taxable","18":"purchasable","19":"product-type-variable","20":"has-default-attributes"},"_links":{"self":[{"href":"https:\/\/bqeye.com\/ro\/wp-json\/wp\/v2\/product\/2542","targetHints":{"allow":["GET"]}}],"collection":[{"href":"https:\/\/bqeye.com\/ro\/wp-json\/wp\/v2\/product"}],"about":[{"href":"https:\/\/bqeye.com\/ro\/wp-json\/wp\/v2\/types\/product"}],"replies":[{"embeddable":true,"href":"https:\/\/bqeye.com\/ro\/wp-json\/wp\/v2\/comments?post=2542"}],"wp:featuredmedia":[{"embeddable":true,"href":"https:\/\/bqeye.com\/ro\/wp-json\/wp\/v2\/media\/2544"}],"wp:attachment":[{"href":"https:\/\/bqeye.com\/ro\/wp-json\/wp\/v2\/media?parent=2542"}],"wp:term":[{"taxonomy":"product_brand","embeddable":true,"href":"https:\/\/bqeye.com\/ro\/wp-json\/wp\/v2\/product_brand?post=2542"},{"taxonomy":"product_cat","embeddable":true,"href":"https:\/\/bqeye.com\/ro\/wp-json\/wp\/v2\/product_cat?post=2542"},{"taxonomy":"product_tag","embeddable":true,"href":"https:\/\/bqeye.com\/ro\/wp-json\/wp\/v2\/product_tag?post=2542"}],"curies":[{"name":"wp","href":"https:\/\/api.w.org\/{rel}","templated":true}]}}