{"id":2558,"date":"2025-06-15T14:22:21","date_gmt":"2025-06-15T06:22:21","guid":{"rendered":"https:\/\/bqeye.com\/?post_type=product&#038;p=2558"},"modified":"2025-06-15T14:29:11","modified_gmt":"2025-06-15T06:29:11","slug":"aurora-mirror-brown-colored-contacts","status":"publish","type":"product","link":"https:\/\/bqeye.com\/ro\/aurora-mirror-brown-colored-contacts\/","title":{"rendered":"Aurora oglind\u0103 maro Contacte colorate"},"content":{"rendered":"<h1>Aurora oglind\u0103 maro Contacte colorate<\/h1>\n<h2>Ochi reflectorizan\u021bi captivan\u021bi de culoare chihlimbar-brun pentru o transformare uimitoare!<\/h2>\n<p>Experimenta\u021bi puterea fascinant\u0103 a <strong>Aurora oglind\u0103 maro Contacte colorate<\/strong> concepute pentru cei care caut\u0103 o privire cald\u0103, \u00eenc\u00e2nt\u0103toare! Aceste lentile premium au o nuan\u021b\u0103 perfect\u0103 de chihlimbar-maro, cu o tehnologie distinctiv\u0103 de reflexie \u00een oglind\u0103, care creeaz\u0103 un efect dimensional fascinant pe m\u0103sur\u0103 ce lumina se joac\u0103 prin ochii dumneavoastr\u0103. Culoarea unic\u0103 Aurora mirror-brown combin\u0103 tonurile bogate de ciocolat\u0103 cu ad\u00e2ncimea subtil\u0103 a reflexiei aurii, care capteaz\u0103 aten\u021bia \u00een orice mediu. C\u00e2nd purta\u021bi aceste <strong>Lentile Aurora Mirror Brown<\/strong>, look-ul t\u0103u atinge un rafinament uimitor - privirea ta devine tr\u0103s\u0103tura definitorie care \u00ee\u021bi \u00eenal\u021b\u0103 \u00eentreaga \u00eenf\u0103\u021bi\u0219are!<\/p>\n<p>Aceste lentile premium ofer\u0103 o reflexie remarcabil\u0103 de culoare chihlimbar-brun, care se fotografiaz\u0103 minunat \u00een diferite condi\u021bii de iluminare, cre\u00e2nd efecte dramatice \u00een lumina natural\u0103 a zilei, iluminarea de sear\u0103 \u0219i sesiunile foto profesionale. Pentru a ob\u021bine acel look perfect, care \u00eembin\u0103 c\u0103ldura cu o not\u0103 de mister - aceste <strong>Aurora Mirror Brown Contacte<\/strong> crea\u021bi exact aspectul ochilor necesar pentru impresii de neuitat!<\/p>\n<h2>Sponsoriz\u0103ri ale influencerilor de frumuse\u021be<\/h2>\n<p><strong>GlamourGaze<\/strong> (1,6 milioane de urm\u0103ritori): \"Aceste lentile Aurora mirror brown sunt esen\u021biale pentru look-urile mele editoriale! Tonul ambrat reflectorizant creeaz\u0103 c\u0103ldura perfect\u0103 pentru \u0219edin\u021bele mele foto!\"<\/p>\n<p><strong>Frumuse\u021beTransformator<\/strong> (920K urm\u0103ritori): \"Urm\u0103ritorii mei m\u0103 \u00eentreab\u0103 constant despre ochii mei atunci c\u00e2nd port aceste lentile maro oglind\u0103. Reflexia dimensional\u0103 creeaz\u0103 un efect at\u00e2t de unic!\"<\/p>\n<p><strong>Estetic\u0103 ocular\u0103<\/strong> (2,1 milioane de urm\u0103ritori): \"Folosesc exclusiv aceste lentile pentru con\u021binutul meu high-fashion. Confortul \u00een timpul film\u0103rilor lungi, combinat cu acurate\u021bea perfect\u0103 a reflexiilor, este de neegalat!\"<\/p>\n<h2>Experien\u021bele clien\u021bilor<\/h2>\n<p>\"Aceste lentile maro oglind\u0103 mi-au transformat complet look-ul! Calitatea reflectorizant\u0103 este suficient de subtil\u0103 pentru uzura zilnic\u0103, dar suficient de dramatic\u0103 pentru a face o declara\u021bie.\" - Alex, 24 de ani<\/p>\n<p>\"Am purtat astea pentru o \u0219edin\u021b\u0103 foto de o zi \u00eentreag\u0103 \u0219i nu mi-a venit s\u0103 cred de confort. Maroul a r\u0103mas vibrant \u0219i reflectorizant prin ore de fotografiere \u00een diferite lumini!\" - Jamie, 27 de ani<\/p>\n<p>\"Aceste lentile au oferit exact reflexia maro cald\u0103 pe care o c\u0103utam. Aten\u021bia la detalii este remarcabil\u0103.\" - Taylor, 25 de ani<\/p>\n<p>\"Lentilele maro cu oglind\u0103 Aurora au fost cele care au f\u0103cut ca machiajul meu s\u0103 arate cu adev\u0103rat excep\u021bional - toat\u0103 lumea a remarcat \u00een mod special c\u00e2t de captivan\u021bi ar\u0103tau ochii mei \u00een fotografii.\" - Morgan, 26 de ani<\/p>\n<h2>Maximiza\u021bi-v\u0103 aspectul Aurora Mirror Brown<\/h2>\n<p>Pentru un impact stilistic excep\u021bional, asorteaz\u0103-\u021bi <strong>Lentile Aurora Mirror Brown<\/strong> cu machiaj complementar! Perfec\u021bioneaz\u0103-\u021bi tenul \u0219i pune-\u021bi \u00een valoare genele pentru a completa calitatea reflectorizant\u0103 perfect\u0103 a lentilelor tale.<\/p>\n<p>Pentru un look uimitor, aceste lentile creeaz\u0103 magie atunci c\u00e2nd sunt combinate cu haine \u00een tonuri de p\u0103m\u00e2nt, aurii sau cupru. Armonia dintre estetica dvs. general\u0103 \u0219i ochii c\u0103prui oglind\u0103 creeaz\u0103 un aspect sofisticat, ideal pentru ocazii speciale, \u0219edin\u021be foto \u0219i pentru a face impresii de neuitat!<\/p>\n<p>Fotografii apreciaz\u0103 modul \u00een care aceste <strong>Lentile Aurora Mirror Brown<\/strong> crea\u021bi portrete cu o profunzime incredibil\u0103, sporindu-v\u0103 frumuse\u021bea natural\u0103 cu detalii ale ochilor de calitate profesional\u0103, capt\u00e2nd fiecare nuan\u021b\u0103 de lumin\u0103 \u0219i umbr\u0103 pe suprafa\u021ba reflectorizant\u0103.<\/p>\n<h2>Experimenta\u021bi transformarea ast\u0103zi!<\/h2>\n<p>De ce s\u0103 v\u0103 mul\u021bumi\u021bi cu ceva obi\u0219nuit c\u00e2nd ochii dvs. pot avea un impact extraordinar cu <strong>Aurora oglind\u0103 maro Contacte colorate<\/strong>? Confortul lor superior, culoarea reflectorizant\u0103 extraordinar\u0103 \u0219i calitatea de neegalat le fac esen\u021biale pentru cei care cer perfec\u021biune \u00een estetica lor.<\/p>\n<p>E\u0219ti preg\u0103tit\u0103 s\u0103 ob\u021bii transformarea suprem\u0103 a ochilor? \u00cembun\u0103t\u0103\u021be\u0219te-\u021bi privirea ast\u0103zi \u0219i descoper\u0103 de ce aceste produse premium <strong>Aurora oglind\u0103 maro Contacte colorate<\/strong> au devenit alegerea exclusiv\u0103 pentru cei care doresc s\u0103 fac\u0103 o impresie de neuitat!<\/p>","protected":false},"excerpt":{"rendered":"<p>Aurora Mirror Brown Colored Contacts Captivating Reflective Amber-Brown Eyes for Stunning Transformation! Experience the mesmerizing power of Aurora Mirror Brown Colored Contacts designed for those seeking a warm, enchanting gaze! These premium lenses feature a perfect amber-brown hue with distinctive mirror reflection technology that creates a fascinating dimensional effect as light plays across your eyes. [&#8230;]\n","protected":false},"featured_media":2555,"comment_status":"open","ping_status":"closed","template":"","meta":[],"product_brand":[382],"product_cat":[387,92,80,72,158,98],"product_tag":[],"class_list":{"0":"post-2558","1":"product","2":"type-product","3":"status-publish","4":"has-post-thumbnail","6":"product_brand-bqeye","7":"product_cat-aurora-mirror","8":"product_cat-14-5-mm","9":"product_cat-brown-contact-lenses","10":"product_cat-contact-lenses-by-color","11":"product_cat-enlarge-contacts","12":"product_cat-yearly-disposable","14":"first","15":"instock","16":"sale","17":"shipping-taxable","18":"purchasable","19":"product-type-variable","20":"has-default-attributes"},"_links":{"self":[{"href":"https:\/\/bqeye.com\/ro\/wp-json\/wp\/v2\/product\/2558","targetHints":{"allow":["GET"]}}],"collection":[{"href":"https:\/\/bqeye.com\/ro\/wp-json\/wp\/v2\/product"}],"about":[{"href":"https:\/\/bqeye.com\/ro\/wp-json\/wp\/v2\/types\/product"}],"replies":[{"embeddable":true,"href":"https:\/\/bqeye.com\/ro\/wp-json\/wp\/v2\/comments?post=2558"}],"wp:featuredmedia":[{"embeddable":true,"href":"https:\/\/bqeye.com\/ro\/wp-json\/wp\/v2\/media\/2555"}],"wp:attachment":[{"href":"https:\/\/bqeye.com\/ro\/wp-json\/wp\/v2\/media?parent=2558"}],"wp:term":[{"taxonomy":"product_brand","embeddable":true,"href":"https:\/\/bqeye.com\/ro\/wp-json\/wp\/v2\/product_brand?post=2558"},{"taxonomy":"product_cat","embeddable":true,"href":"https:\/\/bqeye.com\/ro\/wp-json\/wp\/v2\/product_cat?post=2558"},{"taxonomy":"product_tag","embeddable":true,"href":"https:\/\/bqeye.com\/ro\/wp-json\/wp\/v2\/product_tag?post=2558"}],"curies":[{"name":"wp","href":"https:\/\/api.w.org\/{rel}","templated":true}]}}