{"id":549,"date":"2023-09-09T11:06:18","date_gmt":"2023-09-09T11:06:18","guid":{"rendered":"https:\/\/bqeye.com\/?post_type=product&#038;p=549"},"modified":"2024-04-18T02:23:19","modified_gmt":"2024-04-18T02:23:19","slug":"bqeye-himalaya-blue-colored-contact-lenses","status":"publish","type":"product","link":"https:\/\/bqeye.com\/ro\/bqeye-himalaya-blue-colored-contact-lenses\/","title":{"rendered":"Lentile de contact colorate BQeye Himalaya Blue"},"content":{"rendered":"<div>G\u0103si\u021bi-v\u0103 calmul interior cu lentilele de contact colorate BQeye Himalaya Blue.<\/div>\n<div><\/div>\n<div>Inspirate de nuan\u021bele vii \u0219i totu\u0219i lini\u0219titoare ale cerului din Himalaya, lentilele noastre de contact Himalaya Blue v\u0103 deschid ochii \u00eentr-o lume a lini\u0219tii. O nuan\u021b\u0103 luxuriant\u0103 de gri-albastru deschis scoate \u00een eviden\u021b\u0103 albastrul din irisul dumneavoastr\u0103 pentru un efect eteric, ca la spa.<\/div>\n<div><\/div>\n<div>Realizate din material hipoalergenic silicon-hidrogel, lentilele BQeye sunt excep\u021bional de bine tolerate. Materialul moale \u0219i flexibil se mi\u0219c\u0103 odat\u0103 cu ochii t\u0103i, astfel \u00eenc\u00e2t s\u0103 ui\u021bi c\u0103 por\u021bi lentile de contact. O formul\u0103 avansat\u0103 de echilibrare a umidit\u0103\u021bii v\u0103 men\u021bine ochii proaspe\u021bi toat\u0103 ziua.<\/div>\n<div><\/div>\n<div>Fie c\u0103 t\u00e2nji\u021bi dup\u0103 o oaz\u0103 de calm sau dori\u021bi s\u0103 v\u0103 transporta\u021bi pe v\u00e2rfurile Himalayei, Himalaya Blue ofer\u0103 o not\u0103 subtil\u0103 de senin\u0103tate oriunde v\u0103 duce ziua.<\/div>\n<div><\/div>\n<div>Exclusiv disponibil \u00een pachetul Sapphire Circle de la BQeye, cu infuzie de lumin\u0103, Himalaya Blue creeaz\u0103 un halou de azur vindec\u0103tor \u00een jurul irisului dumneavoastr\u0103. \u00cempodobite cu binecuv\u00e2nt\u0103ri \u00een sanscrit\u0103 pentru pace, aceste lentile v\u0103 vor ridica cu siguran\u021b\u0103 moralul.<\/div>\n<div><\/div>\n<div>R\u0103sf\u0103\u021ba\u021bi nevoia de lini\u0219te a sufletului dumneavoastr\u0103 cu lentilele de contact BQeye Himalaya Blue. Sim\u021bi\u021bi cum tensiunea se dizolv\u0103, \u00een timp ce nuan\u021bele \u00eenaltului Himalaya v\u0103 lini\u0219tesc mintea, corpul \u0219i spiritul din interior spre exterior.<\/div>","protected":false},"excerpt":{"rendered":"<p>Find your inner calm with BQeye Himalaya Blue Colored Contact Lenses. Inspired by the vivid yet soothing shades of the Himalayan sky, our Himalaya Blue contact lenses open your eyes to a world of tranquility. A luxuriouslite blue-gray tint brings out the azure in your irises for an ethereal, spa-like effect. Made from hypoallergenic silicone-hydrogelmaterial, [&#8230;]\n","protected":false},"featured_media":554,"comment_status":"open","ping_status":"closed","template":"","meta":[],"product_brand":[],"product_cat":[102,91,75,96,98],"product_tag":[],"class_list":{"0":"post-549","1":"product","2":"type-product","3":"status-publish","4":"has-post-thumbnail","6":"product_cat-himalaya","7":"product_cat-14-2-mm","8":"product_cat-blue-contact-lenses","9":"product_cat-non-prescription","10":"product_cat-yearly-disposable","12":"first","13":"instock","14":"sale","15":"shipping-taxable","16":"purchasable","17":"product-type-variable","18":"has-default-attributes"},"_links":{"self":[{"href":"https:\/\/bqeye.com\/ro\/wp-json\/wp\/v2\/product\/549","targetHints":{"allow":["GET"]}}],"collection":[{"href":"https:\/\/bqeye.com\/ro\/wp-json\/wp\/v2\/product"}],"about":[{"href":"https:\/\/bqeye.com\/ro\/wp-json\/wp\/v2\/types\/product"}],"replies":[{"embeddable":true,"href":"https:\/\/bqeye.com\/ro\/wp-json\/wp\/v2\/comments?post=549"}],"wp:featuredmedia":[{"embeddable":true,"href":"https:\/\/bqeye.com\/ro\/wp-json\/wp\/v2\/media\/554"}],"wp:attachment":[{"href":"https:\/\/bqeye.com\/ro\/wp-json\/wp\/v2\/media?parent=549"}],"wp:term":[{"taxonomy":"product_brand","embeddable":true,"href":"https:\/\/bqeye.com\/ro\/wp-json\/wp\/v2\/product_brand?post=549"},{"taxonomy":"product_cat","embeddable":true,"href":"https:\/\/bqeye.com\/ro\/wp-json\/wp\/v2\/product_cat?post=549"},{"taxonomy":"product_tag","embeddable":true,"href":"https:\/\/bqeye.com\/ro\/wp-json\/wp\/v2\/product_tag?post=549"}],"curies":[{"name":"wp","href":"https:\/\/api.w.org\/{rel}","templated":true}]}}