{"id":591,"date":"2023-09-10T03:39:28","date_gmt":"2023-09-10T03:39:28","guid":{"rendered":"https:\/\/bqeye.com\/?post_type=product&#038;p=591"},"modified":"2024-04-18T02:23:16","modified_gmt":"2024-04-18T02:23:16","slug":"bqeye-himalaya-green-colored-contact-lenses","status":"publish","type":"product","link":"https:\/\/bqeye.com\/ro\/bqeye-himalaya-green-colored-contact-lenses\/","title":{"rendered":"Lentile de contact colorate BQeye Himalaya Green Green"},"content":{"rendered":"<p>\u00cen calitate de make-up artist, scopul meu este s\u0103 ajut femeile s\u0103 se exprime prin frumuse\u021be. \u00centotdeauna caut s\u0103 selectez cele mai noi produse care dau \u00eencredere \u00een sine din interior spre exterior. De aceea, sunt \u00eenc\u00e2ntat\u0103 s\u0103 le prezint clien\u021bilor mei lentilele de contact colorate BQeye Himalaya Himalaya Green.<\/p>\n<p>Aceste lentile inovatoare au fost concepute nu numai pentru a transforma culoarea ochilor, ci \u0219i pentru a ridica starea de spirit. Inspirat\u0103 din peisajele restauratoare din Himalaya, aceast\u0103 nuan\u021b\u0103 de verde vibrant lumineaz\u0103 ochii obosi\u021bi cu un val de cromoterapie. Fie c\u0103 alege\u021bi s\u0103 v\u0103 \u00eembun\u0103t\u0103\u021bi\u021bi irisul natural sau opta\u021bi pentru o nuan\u021b\u0103 mai \u00eendr\u0103znea\u021b\u0103, Himalaya Green insufl\u0103 o str\u0103lucire revigorant\u0103 de diminea\u021ba p\u00e2n\u0103 seara.<\/p>\n<p>Confec\u021bionate din gel de silicon hidratant \u0219i boostere acvatice bogate \u00een antioxidan\u021bi, lentilele hidrateaz\u0103 ochii obosi\u021bi f\u0103r\u0103 irita\u021bii. Chiar \u0219i clien\u021bii cu sensibilit\u0103\u021bi au l\u0103udat confortul lor calmant pe tot parcursul zilei. \u00centre timp, formula lor hipoalergenic\u0103 previne ro\u0219ea\u021ba inestetic\u0103 care poate \u00eentuneca \u00eencrederea.<\/p>\n<p>\u00cen timpul testelor, feedback-ul a fost cople\u0219itor de pozitiv. Mai multe femei au comentat c\u0103 au sim\u021bit energii motiva\u021bionale \u0219i o senin\u0103tate de tip Zen pur \u0219i simplu purt\u00e2nd aceast\u0103 lentil\u0103. O schimbare subtil\u0103 a culorii ochilor a creat efecte palpabile de bun\u0103stare.<\/p>\n<p>Ca artist, nimic nu \u00eemi ofer\u0103 o satisfac\u021bie mai mare dec\u00e2t s\u0103 v\u0103d cum machiajul transform\u0103 at\u00e2t aspectul, c\u00e2t \u0219i atitudinea. BQeye Himalaya Green dovede\u0219te c\u0103 frumuse\u021bea vine cu adev\u0103rat din interior, stiliz\u00e2nd ochii \u0219i \u00een acela\u0219i timp \u00een\u0103l\u021b\u00e2nd spiritul. Sunt m\u00e2ndr\u0103 s\u0103 le ofer clien\u021bilor mei aceast\u0103 lentil\u0103 inovatoare care d\u0103 putere \u00een interior \u0219i \u00een exterior.<\/p>","protected":false},"excerpt":{"rendered":"<p>As a makeup artist, my goal is to help women express themselves through beauty. I&#8217;m always looking to curate the latest products that empower self-confidence from the inside out. That&#8217;s why I&#8217;m excited to introduce BQeye Himalaya Green Colored Contact Lenses to my clients. These innovative lenses were designed not only to transform eye color, [&#8230;]\n","protected":false},"featured_media":597,"comment_status":"open","ping_status":"closed","template":"","meta":[],"product_brand":[],"product_cat":[102,91,77,96,98],"product_tag":[],"class_list":{"0":"post-591","1":"product","2":"type-product","3":"status-publish","4":"has-post-thumbnail","6":"product_cat-himalaya","7":"product_cat-14-2-mm","8":"product_cat-green-contact-lenses","9":"product_cat-non-prescription","10":"product_cat-yearly-disposable","12":"first","13":"instock","14":"sale","15":"shipping-taxable","16":"purchasable","17":"product-type-variable","18":"has-default-attributes"},"_links":{"self":[{"href":"https:\/\/bqeye.com\/ro\/wp-json\/wp\/v2\/product\/591","targetHints":{"allow":["GET"]}}],"collection":[{"href":"https:\/\/bqeye.com\/ro\/wp-json\/wp\/v2\/product"}],"about":[{"href":"https:\/\/bqeye.com\/ro\/wp-json\/wp\/v2\/types\/product"}],"replies":[{"embeddable":true,"href":"https:\/\/bqeye.com\/ro\/wp-json\/wp\/v2\/comments?post=591"}],"wp:featuredmedia":[{"embeddable":true,"href":"https:\/\/bqeye.com\/ro\/wp-json\/wp\/v2\/media\/597"}],"wp:attachment":[{"href":"https:\/\/bqeye.com\/ro\/wp-json\/wp\/v2\/media?parent=591"}],"wp:term":[{"taxonomy":"product_brand","embeddable":true,"href":"https:\/\/bqeye.com\/ro\/wp-json\/wp\/v2\/product_brand?post=591"},{"taxonomy":"product_cat","embeddable":true,"href":"https:\/\/bqeye.com\/ro\/wp-json\/wp\/v2\/product_cat?post=591"},{"taxonomy":"product_tag","embeddable":true,"href":"https:\/\/bqeye.com\/ro\/wp-json\/wp\/v2\/product_tag?post=591"}],"curies":[{"name":"wp","href":"https:\/\/api.w.org\/{rel}","templated":true}]}}