{"id":636,"date":"2023-09-10T09:04:32","date_gmt":"2023-09-10T09:04:32","guid":{"rendered":"https:\/\/bqeye.com\/?post_type=product&#038;p=636"},"modified":"2024-04-18T02:23:13","modified_gmt":"2024-04-18T02:23:13","slug":"bqeye-himalaya-brown-colored-contact-lenses","status":"publish","type":"product","link":"https:\/\/bqeye.com\/ro\/bqeye-himalaya-brown-colored-contact-lenses\/","title":{"rendered":"Lentile de contact colorate BQeye Himalaya maro"},"content":{"rendered":"<div>\u00cen calitate de profesionist \u00een machiaj, scopul meu este s\u0103 ajut femeile nu doar s\u0103 \u00ee\u0219i pun\u0103 \u00een valoare frumuse\u021bea natural\u0103, ci s\u0103 se simt\u0103 \u00eencrez\u0103toare din interior. De aceea, sunt at\u00e2t de \u00eenc\u00e2ntat\u0103 de cel mai recent produs BQeye - lentilele de contact colorate Himalaya Brown.<\/div>\n<div><\/div>\n<div>Aceast\u0103 nuan\u021b\u0103 bogat\u0103 de ciocolat\u0103 a fost creat\u0103 pentru a canaliza energiile restauratoare ale maiestuoasei lan\u021buri himalayene. Fie c\u0103 alege\u021bi s\u0103 scoate\u021bi \u00een eviden\u021b\u0103 nuan\u021bele calde ale irisului, fie c\u0103 opta\u021bi pentru o transformare care s\u0103 atrag\u0103 aten\u021bia, Himalaya Brown \u00eenv\u0103luie ochii \u00eentr-o aur\u0103 lini\u0219titoare, ca la spa.<\/div>\n<div><\/div>\n<div>\u00cen timpul testelor, am fost impresionat\u0103 de modul \u00een care a ridicat \u0219i a definit ochii de toate formele \u0219i formele fe\u021bei. \u00centre timp, propriet\u0103\u021bile sale hipoalergenice previn inestetismele care ar putea altfel s\u0103 atenueze starea de spirit.<\/div>\n<div><\/div>\n<div>Multe femei au observat c\u0103 se simt lini\u0219tite \u0219i centrate pur \u0219i simplu de la purtarea acestei lentile. Cromoterapia subtil\u0103 pe care o ofer\u0103 a creat un impact real asupra bun\u0103st\u0103rii, sporind \u00eencrederea din interior.<\/div>\n<div><\/div>\n<div>\u00cen calitate de artist, a v\u0103zut cum un lucru at\u00e2t de simplu precum culoarea ochilor schimba comportamentul a fost o surs\u0103 de inspira\u021bie. BQeye Himalaya Brown dovede\u0219te c\u0103 frumuse\u021bea poate at\u00e2t s\u0103 stilizeze aspectul, c\u00e2t \u0219i s\u0103 ridice moralul. Sunt \u00eenc\u00e2ntat\u0103 s\u0103 ofer aceast\u0103 lentil\u0103 inovatoare care le permite femeilor s\u0103 se simt\u0103 \u0219i s\u0103 arate c\u00e2t mai bine.<\/div>","protected":false},"excerpt":{"rendered":"<p>As a makeup professional, my goal is to help women not only enhance their natural beauty, but feel confident from the inside out. That&#8217;s why I&#8217;m so excited about BQeye&#8217;s latest product &#8211; the Himalaya Brown Colored Contact Lenses. This rich chocolate hue was crafted to channel the restorative energies of the majestic Himalayan ranges. [&#8230;]\n","protected":false},"featured_media":642,"comment_status":"open","ping_status":"closed","template":"","meta":[],"product_brand":[],"product_cat":[102,91,80,96,98],"product_tag":[],"class_list":{"0":"post-636","1":"product","2":"type-product","3":"status-publish","4":"has-post-thumbnail","6":"product_cat-himalaya","7":"product_cat-14-2-mm","8":"product_cat-brown-contact-lenses","9":"product_cat-non-prescription","10":"product_cat-yearly-disposable","12":"first","13":"instock","14":"sale","15":"shipping-taxable","16":"purchasable","17":"product-type-variable","18":"has-default-attributes"},"_links":{"self":[{"href":"https:\/\/bqeye.com\/ro\/wp-json\/wp\/v2\/product\/636","targetHints":{"allow":["GET"]}}],"collection":[{"href":"https:\/\/bqeye.com\/ro\/wp-json\/wp\/v2\/product"}],"about":[{"href":"https:\/\/bqeye.com\/ro\/wp-json\/wp\/v2\/types\/product"}],"replies":[{"embeddable":true,"href":"https:\/\/bqeye.com\/ro\/wp-json\/wp\/v2\/comments?post=636"}],"wp:featuredmedia":[{"embeddable":true,"href":"https:\/\/bqeye.com\/ro\/wp-json\/wp\/v2\/media\/642"}],"wp:attachment":[{"href":"https:\/\/bqeye.com\/ro\/wp-json\/wp\/v2\/media?parent=636"}],"wp:term":[{"taxonomy":"product_brand","embeddable":true,"href":"https:\/\/bqeye.com\/ro\/wp-json\/wp\/v2\/product_brand?post=636"},{"taxonomy":"product_cat","embeddable":true,"href":"https:\/\/bqeye.com\/ro\/wp-json\/wp\/v2\/product_cat?post=636"},{"taxonomy":"product_tag","embeddable":true,"href":"https:\/\/bqeye.com\/ro\/wp-json\/wp\/v2\/product_tag?post=636"}],"curies":[{"name":"wp","href":"https:\/\/api.w.org\/{rel}","templated":true}]}}