{"id":644,"date":"2023-09-10T09:45:11","date_gmt":"2023-09-10T09:45:11","guid":{"rendered":"https:\/\/bqeye.com\/?post_type=product&#038;p=644"},"modified":"2024-04-18T02:23:09","modified_gmt":"2024-04-18T02:23:09","slug":"bqeye-himalaya-grey-colored-contact-lenses","status":"publish","type":"product","link":"https:\/\/bqeye.com\/ro\/bqeye-himalaya-grey-colored-contact-lenses\/","title":{"rendered":"Lentile de contact colorate BQeye Himalaya Grey"},"content":{"rendered":"<p>\u00cembr\u0103\u021bi\u0219a\u021bi frumuse\u021bea minimalist\u0103 cu lentilele de contact colorate BQeye Himalaya Himalaya Grey. Inspir\u00e2ndu-se din culorile subtile, dar izbitoare ale cerului din Himalaya, aceast\u0103 nuan\u021b\u0103 gri moale adaug\u0103 un aer de rafinament privirii.<\/p>\n<p>Fie c\u0103 se joac\u0103 cu nuan\u021bele reci ale irisului natural, fie c\u0103 se opteaz\u0103 pentru o schimbare mai dramatic\u0103, Himalaya Grey confer\u0103 ochilor o aur\u0103 elegant\u0103, de tip zen. Materialul hidrogel de silicon super-confortabil se mi\u0219c\u0103 tangent cu ochii t\u0103i, astfel \u00eenc\u00e2t s\u0103 ui\u021bi c\u0103 por\u021bi lentile.<\/p>\n<p>Hipoalergenic \u0219i infuzat cu substan\u021be esen\u021biale care blocheaz\u0103 hidratarea, Himalaya Grey Contacts \u00eengrije\u0219te chiar \u0219i cei mai sensibili ochi. Purt\u0103torii se bucur\u0103 de o vedere proasp\u0103t\u0103 \u0219i revitalizat\u0103, f\u0103r\u0103 ro\u0219ea\u021b\u0103 sau disconfort pe tot parcursul zilei.<\/p>\n<p>\u00cen timpul testelor, clien\u021bii au l\u0103udat modul \u00een care acesta a adus un sentiment de lini\u0219te at\u00e2t \u00een ceea ce prive\u0219te aspectul lor, c\u00e2t \u0219i \u00een ceea ce prive\u0219te perspectiva general\u0103. \u00centre timp, griul sublim al lentilei aduce accentul pe ochi \u00eentr-un mod izbitor, dar senin.<\/p>\n<p>Adorna\u021bi-v\u0103 ochii cu elegan\u021b\u0103 discret\u0103 prin BQeye Himalaya Grey. Subtil\u0103, dar puternic\u0103, aceast\u0103 lentil\u0103 permite lini\u0219tii interioare s\u0103 str\u0103luceasc\u0103 prin simpla schimbare a st\u0103rii de spirit a culorii ochilor t\u0103i.<\/p>","protected":false},"excerpt":{"rendered":"<p>Embrace minimalist beauty with the BQeye Himalaya Grey Colored Contact Lenses. Drawing inspiration from the subtle yet striking colors of the Himalayan skies, this soft grey hue adds an air of refinement to one&#8217;s gaze. Whether playing up cool undertones in your natural iris or opting for a more dramatic shift, Himalaya Grey lends an [&#8230;]\n","protected":false},"featured_media":652,"comment_status":"open","ping_status":"closed","template":"","meta":[],"product_brand":[],"product_cat":[102,91,81,96,98],"product_tag":[],"class_list":{"0":"post-644","1":"product","2":"type-product","3":"status-publish","4":"has-post-thumbnail","6":"product_cat-himalaya","7":"product_cat-14-2-mm","8":"product_cat-grey-contact-lenses","9":"product_cat-non-prescription","10":"product_cat-yearly-disposable","12":"first","13":"instock","14":"sale","15":"shipping-taxable","16":"purchasable","17":"product-type-variable","18":"has-default-attributes"},"_links":{"self":[{"href":"https:\/\/bqeye.com\/ro\/wp-json\/wp\/v2\/product\/644","targetHints":{"allow":["GET"]}}],"collection":[{"href":"https:\/\/bqeye.com\/ro\/wp-json\/wp\/v2\/product"}],"about":[{"href":"https:\/\/bqeye.com\/ro\/wp-json\/wp\/v2\/types\/product"}],"replies":[{"embeddable":true,"href":"https:\/\/bqeye.com\/ro\/wp-json\/wp\/v2\/comments?post=644"}],"wp:featuredmedia":[{"embeddable":true,"href":"https:\/\/bqeye.com\/ro\/wp-json\/wp\/v2\/media\/652"}],"wp:attachment":[{"href":"https:\/\/bqeye.com\/ro\/wp-json\/wp\/v2\/media?parent=644"}],"wp:term":[{"taxonomy":"product_brand","embeddable":true,"href":"https:\/\/bqeye.com\/ro\/wp-json\/wp\/v2\/product_brand?post=644"},{"taxonomy":"product_cat","embeddable":true,"href":"https:\/\/bqeye.com\/ro\/wp-json\/wp\/v2\/product_cat?post=644"},{"taxonomy":"product_tag","embeddable":true,"href":"https:\/\/bqeye.com\/ro\/wp-json\/wp\/v2\/product_tag?post=644"}],"curies":[{"name":"wp","href":"https:\/\/api.w.org\/{rel}","templated":true}]}}