{"id":710,"date":"2023-09-11T07:56:54","date_gmt":"2023-09-11T07:56:54","guid":{"rendered":"https:\/\/bqeye.com\/?post_type=product&#038;p=710"},"modified":"2024-04-18T02:23:06","modified_gmt":"2024-04-18T02:23:06","slug":"bqeye-polar-lights-grey-colored-contact-lenses","status":"publish","type":"product","link":"https:\/\/bqeye.com\/ro\/bqeye-polar-lights-grey-colored-contact-lenses\/","title":{"rendered":"Lentile de contact colorate BQeye Polar Lights Grey"},"content":{"rendered":"<p>Scoate\u021bi \u00een eviden\u021b\u0103 misterul \u0219i magia aurorei boreale cu lentilele de contact colorate BQeye's Polar Lights Grey.<\/p>\n<p>Inspirat\u0103 de str\u0103lucirea eteric\u0103 emanat\u0103 de cerul arctic, aceast\u0103 nuan\u021b\u0103 de gri hipnotizant\u0103 imit\u0103 dansul luminii slabe pe norii de iarn\u0103. Fie c\u0103 alege\u021bi s\u0103 accentua\u021bi subtil nuan\u021bele reci sau opta\u021bi pentru o transformare mai \u00eendr\u0103znea\u021b\u0103, Polar Lights Grey infuzeaz\u0103 ochii cu o frumuse\u021be spectral\u0103.<\/p>\n<p>Confec\u021bionate din lentile hidrogel ultra respirabile, Polar Lights Grey creeaz\u0103 o iluzie de culoare care este la fel de captivant\u0103 pe c\u00e2t este de confortabil\u0103. Formula de ultim\u0103 genera\u021bie asigur\u0103 o senza\u021bie de revigorare a ochilor pe tot parcursul zilei, f\u0103r\u0103 nicio irita\u021bie.<\/p>\n<p>\u00cen timpul testelor, purt\u0103torii au raportat o aur\u0103 intrigant\u0103 care a atras privirile \u00eendelungate. C\u00e2\u021biva chiar au comentat c\u0103 prietenii credeau c\u0103 au ochi fermec\u0103tori \u00een mod natural!<\/p>\n<p>A\u0219a c\u0103 \u00eembr\u0103\u021bi\u0219eaz\u0103-\u021bi luminescen\u021ba interioar\u0103 cu BQeye Polar Lights Grey. Ad\u0103uga\u021bi un aer mistic privirii dvs. prin lentile la fel de impresionante ca \u0219i aurorele boreale \u00eensele. Comand\u0103 o pereche ast\u0103zi pentru a \u00eentrez\u0103ri frumuse\u021bea rar\u0103 din nou \u00een fiecare diminea\u021b\u0103!<\/p>\n<p>Sper c\u0103 acest lucru v\u0103 ofer\u0103 o idee despre cum ar putea fi descrise obiectivele pentru a le surprinde magia. Anun\u021b\u0103-m\u0103 dac\u0103 ai nevoie de alte detalii personalizate pentru brandul t\u0103u.<\/p>","protected":false},"excerpt":{"rendered":"<p>Bring out the mystery and magic of the Northern Lights with BQeye&#8217;s Polar Lights Grey Colored Contact Lenses. Inspired by the ethereal glow emanating across Arctic skies, this mesmerizing grey hue mimics the dance of faint light across wintry clouds. Whether choosing to subtly emphasize cool undertones or opt for a bolder transformation, Polar Lights [&#8230;]\n","protected":false},"featured_media":718,"comment_status":"open","ping_status":"closed","template":"","meta":[],"product_brand":[],"product_cat":[106,91,81,96,98],"product_tag":[],"class_list":{"0":"post-710","1":"product","2":"type-product","3":"status-publish","4":"has-post-thumbnail","6":"product_cat-polar-lights","7":"product_cat-14-2-mm","8":"product_cat-grey-contact-lenses","9":"product_cat-non-prescription","10":"product_cat-yearly-disposable","12":"first","13":"instock","14":"sale","15":"shipping-taxable","16":"purchasable","17":"product-type-variable","18":"has-default-attributes"},"_links":{"self":[{"href":"https:\/\/bqeye.com\/ro\/wp-json\/wp\/v2\/product\/710","targetHints":{"allow":["GET"]}}],"collection":[{"href":"https:\/\/bqeye.com\/ro\/wp-json\/wp\/v2\/product"}],"about":[{"href":"https:\/\/bqeye.com\/ro\/wp-json\/wp\/v2\/types\/product"}],"replies":[{"embeddable":true,"href":"https:\/\/bqeye.com\/ro\/wp-json\/wp\/v2\/comments?post=710"}],"wp:featuredmedia":[{"embeddable":true,"href":"https:\/\/bqeye.com\/ro\/wp-json\/wp\/v2\/media\/718"}],"wp:attachment":[{"href":"https:\/\/bqeye.com\/ro\/wp-json\/wp\/v2\/media?parent=710"}],"wp:term":[{"taxonomy":"product_brand","embeddable":true,"href":"https:\/\/bqeye.com\/ro\/wp-json\/wp\/v2\/product_brand?post=710"},{"taxonomy":"product_cat","embeddable":true,"href":"https:\/\/bqeye.com\/ro\/wp-json\/wp\/v2\/product_cat?post=710"},{"taxonomy":"product_tag","embeddable":true,"href":"https:\/\/bqeye.com\/ro\/wp-json\/wp\/v2\/product_tag?post=710"}],"curies":[{"name":"wp","href":"https:\/\/api.w.org\/{rel}","templated":true}]}}