{"id":719,"date":"2023-09-11T08:13:12","date_gmt":"2023-09-11T08:13:12","guid":{"rendered":"https:\/\/bqeye.com\/?post_type=product&#038;p=719"},"modified":"2024-04-18T02:23:02","modified_gmt":"2024-04-18T02:23:02","slug":"bqeye-polar-lights-yellow-green-colored-contact-lenses","status":"publish","type":"product","link":"https:\/\/bqeye.com\/ro\/bqeye-polar-lights-yellow-green-colored-contact-lenses\/","title":{"rendered":"Lentile de contact colorate BQeye Polar Lights galben-verde"},"content":{"rendered":"<p>Canaliza\u021bi nuan\u021bele captivante ale aurorei boreale cu lentilele de contact colorate BQeye's Polar Lights Yellow Green.<\/p>\n<p>Inspirat\u0103 din spectacolele radiante ale Aurorei Boreale, aceast\u0103 nuan\u021b\u0103 galben-verzui plin\u0103 de via\u021b\u0103 imit\u0103 culorile vii \u0219i dansante care lumineaz\u0103 cerul arctic. Fie c\u0103 juca\u021bi cu nuan\u021be mai calde, fie c\u0103 opta\u021bi pentru o transformare care s\u0103 atrag\u0103 aten\u021bia, lentilele de contact colorate Polar Lights Yellow Green scufund\u0103 ochii \u00eentr-o str\u0103lucire luminoas\u0103.<\/p>\n<p>Confec\u021bionate din materialul nostru specializat Hydralens, aceste lentile de contact ofer\u0103 o iluzie de vivacitate pe tot parcursul zilei, care este la fel de izbitoare ca \u0219i confortabil\u0103. Formula inovatoare protejeaz\u0103, de asemenea, ochii de usc\u0103ciune sau irita\u021bie, astfel \u00eenc\u00e2t purt\u0103torii se pot concentra pe noua lor privire hipnotizant\u0103.<\/p>\n<p>\u00cen timpul testelor, au curs complimente despre \"frumuse\u021bea din alt\u0103 lume\" pe care o aveau acum ochii captivan\u021bi. Purt\u0103torii au vorbit despre faptul c\u0103 se sim\u021beau misterios de fermec\u0103tori - la fel de \u00eensufle\u021bi\u021bi ca \u00eens\u0103\u0219i aurora boreal\u0103.<\/p>\n<p>L\u0103sa\u021bi lentilele de contact colorate BQeye Polar Lights Yellow Green s\u0103 v\u0103 transpun\u0103 \u00een fiecare zi \u00een noi dimensiuni vii de culoare. Ad\u0103uga\u021bi o not\u0103 de farmec magic la fiecare look cu lentile la fel de uluitoare \u0219i de neuitat ca cel mai mare spectacol al naturii.<\/p>","protected":false},"excerpt":{"rendered":"<p>Channel the captivating hues of the Northern Lights with BQeye&#8217;s Polar Lights Yellow Green colored contact lenses. Drawing from the radiant Aurora Borealis displays, this lively yellow-green shade mimics the vivid dancing colors that illuminate Arctic skies. Whether playing up warmer undertones or opting for an eye-catching transformation, Polar Lights Yellow Green colored contact lenses [&#8230;]\n","protected":false},"featured_media":726,"comment_status":"open","ping_status":"closed","template":"","meta":[],"product_brand":[],"product_cat":[106,91,77,96,98],"product_tag":[],"class_list":{"0":"post-719","1":"product","2":"type-product","3":"status-publish","4":"has-post-thumbnail","6":"product_cat-polar-lights","7":"product_cat-14-2-mm","8":"product_cat-green-contact-lenses","9":"product_cat-non-prescription","10":"product_cat-yearly-disposable","12":"first","13":"instock","14":"sale","15":"shipping-taxable","16":"purchasable","17":"product-type-variable","18":"has-default-attributes"},"_links":{"self":[{"href":"https:\/\/bqeye.com\/ro\/wp-json\/wp\/v2\/product\/719","targetHints":{"allow":["GET"]}}],"collection":[{"href":"https:\/\/bqeye.com\/ro\/wp-json\/wp\/v2\/product"}],"about":[{"href":"https:\/\/bqeye.com\/ro\/wp-json\/wp\/v2\/types\/product"}],"replies":[{"embeddable":true,"href":"https:\/\/bqeye.com\/ro\/wp-json\/wp\/v2\/comments?post=719"}],"wp:featuredmedia":[{"embeddable":true,"href":"https:\/\/bqeye.com\/ro\/wp-json\/wp\/v2\/media\/726"}],"wp:attachment":[{"href":"https:\/\/bqeye.com\/ro\/wp-json\/wp\/v2\/media?parent=719"}],"wp:term":[{"taxonomy":"product_brand","embeddable":true,"href":"https:\/\/bqeye.com\/ro\/wp-json\/wp\/v2\/product_brand?post=719"},{"taxonomy":"product_cat","embeddable":true,"href":"https:\/\/bqeye.com\/ro\/wp-json\/wp\/v2\/product_cat?post=719"},{"taxonomy":"product_tag","embeddable":true,"href":"https:\/\/bqeye.com\/ro\/wp-json\/wp\/v2\/product_tag?post=719"}],"curies":[{"name":"wp","href":"https:\/\/api.w.org\/{rel}","templated":true}]}}