{"id":728,"date":"2023-09-11T11:42:43","date_gmt":"2023-09-11T11:42:43","guid":{"rendered":"https:\/\/bqeye.com\/?post_type=product&#038;p=728"},"modified":"2024-04-18T02:22:59","modified_gmt":"2024-04-18T02:22:59","slug":"bqeye-polar-lights-brown-colored-contact-lenses","status":"publish","type":"product","link":"https:\/\/bqeye.com\/ro\/bqeye-polar-lights-brown-colored-contact-lenses\/","title":{"rendered":"Lentile de contact colorate BQeye Polar Lights maro"},"content":{"rendered":"<p>Canaliza\u021bi farmecul p\u0103m\u00e2ntesc al p\u0103durii de iarn\u0103 cu lentilele de contact colorate Polar Lights Brown de la BQeye.<\/p>\n<p>Inspirat\u0103 de tonurile bogate ale scoar\u021bei de pin \u0219i ale ramurilor goale de copac sub luminile nordice, aceast\u0103 nuan\u021b\u0103 de maro intens confer\u0103 ochilor o profunzime \u0219i o intrig\u0103 intense. Fie c\u0103 juca\u021bi cu subtonuri calde, fie c\u0103 opta\u021bi pentru o transformare care s\u0103 atrag\u0103 aten\u021bia, Polar Lights Brown \u00eenv\u0103luie ochii \u00eentr-o intrig\u0103 pur\u0103.<\/p>\n<p>Confec\u021bionate din material care blocheaz\u0103 umezeala, aceste lentile de contact ofer\u0103 confort pe tot parcursul zilei, f\u0103r\u0103 a priva ochii de mistica lor nou descoperit\u0103. Tehnologia inovatoare a lentilelor protejeaz\u0103, de asemenea, vederea \u00eempotriva usc\u0103rii sau disconfortului pe parcursul nop\u021bilor lungi de iarn\u0103.<\/p>\n<p>\u00cen timpul testelor produselor, purt\u0103torii au relatat c\u0103 se simt \u00een mod natural misterio\u0219i - la fel de captivan\u021bi ca \u0219i peisajele nordice \u00een sine. Cu o simpl\u0103 schimbare a culorii ochilor, lentilele de contact colorate Polar Lights Brown imprim\u0103 prezen\u021bei o vraj\u0103 durabil\u0103.<\/p>\n<p>A\u0219a c\u0103 \u00eembr\u0103\u021bi\u0219a\u021bi-v\u0103 magnetismul de iarn\u0103 cu BQeye Polar Lights Brown. Ad\u0103uga\u021bi un aer de minune p\u0103m\u00e2ntean\u0103 privirii dvs. prin lentile la fel de fermec\u0103toare \u0219i memorabile ca \u0219i magia naturii. Comanda\u021bi-le pe ale dvs. ast\u0103zi pentru a descoperi frumuse\u021bea rar\u0103 din nou \u00een fiecare diminea\u021b\u0103.<\/p>","protected":false},"excerpt":{"rendered":"<p>Channel the earthy allure of the winter forest with BQeye&#8217;s Polar Lights Brown colored contact lenses. Inspired by the rich tones of pine bark and bare tree branches under northern lights, this deep brown shade lends eyes intense depth and intrigue. Whether playing up warm undertones or opting for an eye-catching transformation, Polar Lights Brown [&#8230;]\n","protected":false},"featured_media":737,"comment_status":"open","ping_status":"closed","template":"","meta":[],"product_brand":[],"product_cat":[106,91,80,96,98],"product_tag":[],"class_list":{"0":"post-728","1":"product","2":"type-product","3":"status-publish","4":"has-post-thumbnail","6":"product_cat-polar-lights","7":"product_cat-14-2-mm","8":"product_cat-brown-contact-lenses","9":"product_cat-non-prescription","10":"product_cat-yearly-disposable","12":"first","13":"instock","14":"sale","15":"shipping-taxable","16":"purchasable","17":"product-type-variable","18":"has-default-attributes"},"_links":{"self":[{"href":"https:\/\/bqeye.com\/ro\/wp-json\/wp\/v2\/product\/728","targetHints":{"allow":["GET"]}}],"collection":[{"href":"https:\/\/bqeye.com\/ro\/wp-json\/wp\/v2\/product"}],"about":[{"href":"https:\/\/bqeye.com\/ro\/wp-json\/wp\/v2\/types\/product"}],"replies":[{"embeddable":true,"href":"https:\/\/bqeye.com\/ro\/wp-json\/wp\/v2\/comments?post=728"}],"wp:featuredmedia":[{"embeddable":true,"href":"https:\/\/bqeye.com\/ro\/wp-json\/wp\/v2\/media\/737"}],"wp:attachment":[{"href":"https:\/\/bqeye.com\/ro\/wp-json\/wp\/v2\/media?parent=728"}],"wp:term":[{"taxonomy":"product_brand","embeddable":true,"href":"https:\/\/bqeye.com\/ro\/wp-json\/wp\/v2\/product_brand?post=728"},{"taxonomy":"product_cat","embeddable":true,"href":"https:\/\/bqeye.com\/ro\/wp-json\/wp\/v2\/product_cat?post=728"},{"taxonomy":"product_tag","embeddable":true,"href":"https:\/\/bqeye.com\/ro\/wp-json\/wp\/v2\/product_tag?post=728"}],"curies":[{"name":"wp","href":"https:\/\/api.w.org\/{rel}","templated":true}]}}