{"id":738,"date":"2023-09-11T11:54:43","date_gmt":"2023-09-11T11:54:43","guid":{"rendered":"https:\/\/bqeye.com\/?post_type=product&#038;p=738"},"modified":"2024-04-18T02:22:56","modified_gmt":"2024-04-18T02:22:56","slug":"bqeye-polar-lights-blue-colored-contact-lenses","status":"publish","type":"product","link":"https:\/\/bqeye.com\/ro\/bqeye-polar-lights-blue-colored-contact-lenses\/","title":{"rendered":"Lentile de contact colorate BQeye Polar Lights Albastru"},"content":{"rendered":"<p>Canaliza\u021bi magia \u00eenghe\u021bat\u0103 a m\u0103rilor arctice cu lentilele de contact colorate BQeye Polar Lights Blue.<\/p>\n<p>Baz\u00e2ndu-se pe nuan\u021bele vii \u0219i totu\u0219i lini\u0219tite ale fiordurilor \u00eenghe\u021bate sub aurora boreal\u0103, aceast\u0103 nuan\u021b\u0103 de albastru hipnotizant imit\u0103 frumuse\u021bea eteric\u0103 reflectat\u0103 \u00een apele arctice. Fie c\u0103 alege\u021bi s\u0103 eviden\u021bia\u021bi nuan\u021bele naturale sau opta\u021bi pentru o transformare izbitoare, Polar Lights Blue imprim\u0103 ochilor o mistic\u0103 la fel de profund\u0103 ca oceanul nordic.<\/p>\n<p>Confec\u021bionate din materialul inovator Hydrolane, aceste lentile de contact ofer\u0103 un confort pe tot parcursul zilei, combinat cu o iluzie de culoare care este la fel de lini\u0219titoare ca \u0219i fermec\u0103toare. Formula avansat\u0103 protejeaz\u0103, de asemenea, ochii de stresul de mediu, astfel \u00eenc\u00e2t purt\u0103torii se pot pierde \u00een propriul sentiment de uimire.<\/p>\n<p>\u00cen timpul test\u0103rii produsului, au ap\u0103rut comentarii despre alura \"\u00eenghe\u021bat\u0103, dar vibrant\u0103\" pe care o aveau acum ochii. Purt\u0103torii au discutat despre senza\u021bia de lini\u0219te misterioas\u0103 - la fel de calm\u0103 \u0219i totu\u0219i luminoas\u0103 ca \u0219i Arctica \u00eens\u0103\u0219i.<\/p>\n<p>L\u0103sa\u021bi lentilele de contact colorate BQeye Polar Lights Blue s\u0103 v\u0103 transporte \u00een fiecare zi \u00eentr-o lume de m\u0103re\u021bie \u00eenghe\u021bat\u0103. Ad\u0103uga\u021bi o not\u0103 de frumuse\u021be spectral\u0103 la fiecare look cu lentile la fel de hipnotizante \u0219i durabile ca aurorele boreale deasupra m\u0103rii.<\/p>","protected":false},"excerpt":{"rendered":"<p>Channel the frozen magic of the Arctic seas with BQeye&#8217;s Polar Lights Blue colored contact lenses. Drawing from the vivid yet tranquil hues of icy fjords under the aurora borealis, this mesmerizing blue shade mimics the ethereal beauty reflected across Arctic waters. Whether choosing to highlight natural undertones or opt for a striking transformation, Polar [&#8230;]\n","protected":false},"featured_media":741,"comment_status":"open","ping_status":"closed","template":"","meta":[],"product_brand":[],"product_cat":[106,91,75,96,98],"product_tag":[],"class_list":{"0":"post-738","1":"product","2":"type-product","3":"status-publish","4":"has-post-thumbnail","6":"product_cat-polar-lights","7":"product_cat-14-2-mm","8":"product_cat-blue-contact-lenses","9":"product_cat-non-prescription","10":"product_cat-yearly-disposable","12":"first","13":"instock","14":"sale","15":"shipping-taxable","16":"purchasable","17":"product-type-variable","18":"has-default-attributes"},"_links":{"self":[{"href":"https:\/\/bqeye.com\/ro\/wp-json\/wp\/v2\/product\/738","targetHints":{"allow":["GET"]}}],"collection":[{"href":"https:\/\/bqeye.com\/ro\/wp-json\/wp\/v2\/product"}],"about":[{"href":"https:\/\/bqeye.com\/ro\/wp-json\/wp\/v2\/types\/product"}],"replies":[{"embeddable":true,"href":"https:\/\/bqeye.com\/ro\/wp-json\/wp\/v2\/comments?post=738"}],"wp:featuredmedia":[{"embeddable":true,"href":"https:\/\/bqeye.com\/ro\/wp-json\/wp\/v2\/media\/741"}],"wp:attachment":[{"href":"https:\/\/bqeye.com\/ro\/wp-json\/wp\/v2\/media?parent=738"}],"wp:term":[{"taxonomy":"product_brand","embeddable":true,"href":"https:\/\/bqeye.com\/ro\/wp-json\/wp\/v2\/product_brand?post=738"},{"taxonomy":"product_cat","embeddable":true,"href":"https:\/\/bqeye.com\/ro\/wp-json\/wp\/v2\/product_cat?post=738"},{"taxonomy":"product_tag","embeddable":true,"href":"https:\/\/bqeye.com\/ro\/wp-json\/wp\/v2\/product_tag?post=738"}],"curies":[{"name":"wp","href":"https:\/\/api.w.org\/{rel}","templated":true}]}}