{"id":746,"date":"2023-09-11T12:08:50","date_gmt":"2023-09-11T12:08:50","guid":{"rendered":"https:\/\/bqeye.com\/?post_type=product&#038;p=746"},"modified":"2024-04-18T02:22:53","modified_gmt":"2024-04-18T02:22:53","slug":"bqeye-polar-lights-blue-grey-colored-contact-lenses","status":"publish","type":"product","link":"https:\/\/bqeye.com\/ro\/bqeye-polar-lights-blue-grey-colored-contact-lenses\/","title":{"rendered":"Lentile de contact colorate BQeye Polar Lights Blue Grey"},"content":{"rendered":"<p>Canaliza\u021bi imensitatea lini\u0219titoare a cerului arctic cu lentilele de contact colorate BQeye Polar Lights Blue Grey.<\/p>\n<p>Inspirat\u0103 de norii maiestuo\u0219i de iarn\u0103 ilumina\u021bi de aurora boreal\u0103, aceast\u0103 nuan\u021b\u0103 lini\u0219titoare de albastru-gri imit\u0103 frumuse\u021bea eteric\u0103 reflectat\u0103 pe orizonturile nordice. Fie c\u0103 alege\u021bi s\u0103 pune\u021bi \u00een valoare nuan\u021be reci sau opta\u021bi pentru o transformare care s\u0103 atrag\u0103 privirile, lentilele de contact colorate Polar Lights Blue Grey \u00eenv\u0103luie ochii \u00een mistere la fel de nesf\u00e2r\u0219ite ca firmamentul arctic.<\/p>\n<p>Confec\u021bionate din materialul respirabil Hydrosphere, aceste lentile de contact ofer\u0103 un confort pe tot parcursul zilei, combinat cu o iluzie de culoare la fel de senin\u0103 ca \u0219i cerul liber. Formula specializat\u0103 protejeaz\u0103, de asemenea, vederea \u00een nop\u021bile lungi de iarn\u0103, astfel \u00eenc\u00e2t purt\u0103torii s\u0103 se poat\u0103 cufunda \u00een minunile neb\u0103nuite de deasupra.<\/p>\n<p>\u00cen timpul test\u0103rii produsului, complimentele au eviden\u021biat farmecul \"lini\u0219titor \u0219i totu\u0219i captivant\" pe care \u00eel au acum ochii. Purt\u0103torii au discutat despre senza\u021bia de calmare misterioas\u0103 - la fel de vast\u0103 \u0219i luminoas\u0103 ca peisajul arctic.<\/p>\n<p>L\u0103sa\u021bi lentilele de contact colorate BQeye Polar Lights Blue Grey s\u0103 v\u0103 transporte \u00een fiecare zi \u00eentr-o lume de iarn\u0103 imens\u0103. Ad\u0103uga\u021bi o not\u0103 de frumuse\u021be spectral\u0103 fiec\u0103rui look cu lentile la fel de hipnotizante \u0219i reconfortante ca \u0219i magia naturii pe cerul arctic.<\/p>","protected":false},"excerpt":{"rendered":"<p>Channel the calming vastness of Arctic skies with BQeye&#8217;s Polar Lights Blue Grey colored contact lenses. Drawing inspiration from majestic winter clouds illuminated by the aurora borealis, this soothing blue-grey shade mimics the ethereal beauty reflected across northern horizons. Whether choosing to enhance cool undertones or opt for an eye-catching transformation, Polar Lights Blue Grey [&#8230;]\n","protected":false},"featured_media":754,"comment_status":"open","ping_status":"closed","template":"","meta":[],"product_brand":[],"product_cat":[106,91,75,81,96,98],"product_tag":[],"class_list":{"0":"post-746","1":"product","2":"type-product","3":"status-publish","4":"has-post-thumbnail","6":"product_cat-polar-lights","7":"product_cat-14-2-mm","8":"product_cat-blue-contact-lenses","9":"product_cat-grey-contact-lenses","10":"product_cat-non-prescription","11":"product_cat-yearly-disposable","13":"first","14":"instock","15":"sale","16":"shipping-taxable","17":"purchasable","18":"product-type-variable","19":"has-default-attributes"},"_links":{"self":[{"href":"https:\/\/bqeye.com\/ro\/wp-json\/wp\/v2\/product\/746","targetHints":{"allow":["GET"]}}],"collection":[{"href":"https:\/\/bqeye.com\/ro\/wp-json\/wp\/v2\/product"}],"about":[{"href":"https:\/\/bqeye.com\/ro\/wp-json\/wp\/v2\/types\/product"}],"replies":[{"embeddable":true,"href":"https:\/\/bqeye.com\/ro\/wp-json\/wp\/v2\/comments?post=746"}],"wp:featuredmedia":[{"embeddable":true,"href":"https:\/\/bqeye.com\/ro\/wp-json\/wp\/v2\/media\/754"}],"wp:attachment":[{"href":"https:\/\/bqeye.com\/ro\/wp-json\/wp\/v2\/media?parent=746"}],"wp:term":[{"taxonomy":"product_brand","embeddable":true,"href":"https:\/\/bqeye.com\/ro\/wp-json\/wp\/v2\/product_brand?post=746"},{"taxonomy":"product_cat","embeddable":true,"href":"https:\/\/bqeye.com\/ro\/wp-json\/wp\/v2\/product_cat?post=746"},{"taxonomy":"product_tag","embeddable":true,"href":"https:\/\/bqeye.com\/ro\/wp-json\/wp\/v2\/product_tag?post=746"}],"curies":[{"name":"wp","href":"https:\/\/api.w.org\/{rel}","templated":true}]}}