{"id":768,"date":"2023-09-11T13:51:20","date_gmt":"2023-09-11T13:51:20","guid":{"rendered":"https:\/\/bqeye.com\/?post_type=product&#038;p=768"},"modified":"2024-04-18T02:22:49","modified_gmt":"2024-04-18T02:22:49","slug":"bqeye-cocktail-greyhound-colored-contact-lenses","status":"publish","type":"product","link":"https:\/\/bqeye.com\/ro\/bqeye-cocktail-greyhound-colored-contact-lenses\/","title":{"rendered":"Lentile de contact colorate BQeye Cocktail Greyhound"},"content":{"rendered":"<p>Ad\u0103uga\u021bi o not\u0103 de rafinament look-ului dvs. cu lentilele de contact colorate BQeye's Cocktail Greyhound, inspirate de cocktailul iconic cu acela\u0219i nume.<\/p>\n<p>Cu nuan\u021be subtile, dar pline de via\u021b\u0103, care imit\u0103 nuan\u021ba gri palid a sucului proasp\u0103t de grapefruit combinat cu vodc\u0103 crocant\u0103, aceste lentile scot \u00een eviden\u021b\u0103 ochii cu un aspect care este \u0219ic f\u0103r\u0103 efort. Fie c\u0103 pune\u021bi \u00een valoare tonurile naturale, fie c\u0103 opta\u021bi pentru o schimbare mai \u00eendr\u0103znea\u021b\u0103, Cocktail Greyhound \u00eembrac\u0103 ochii cu un strop r\u0103coritor de farmec de ora de cocktail.<\/p>\n<p>Confec\u021bionate din material hidrogel respirabil, lentilele au ca prioritate confortul pe tot parcursul zilei, al\u0103turi de o schimbare versatil\u0103 de culoare. Formula lor de ultim\u0103 genera\u021bie protejeaz\u0103, de asemenea, ochii de stresul din mediul \u00eenconjur\u0103tor, asigur\u00e2nd viziuni la fel de clare ca \u0219i simplul cocktail \u00een sine.<\/p>\n<p>\u00cen timpul testelor de pia\u021b\u0103, purt\u0103torii au descris sentimentul de elegan\u021b\u0103 natural\u0103 - de la doar o not\u0103 de gri ad\u0103ugat\u0103 privirii lor. La fel ca b\u0103utura atemporal\u0103 \u00een sine, lentilele de contact colorate Cocktail Greyhound Grey sunt destinate s\u0103 devin\u0103 o solu\u021bie pentru \u00eembun\u0103t\u0103\u021birea aspectului de zi cu zi cu un stil f\u0103r\u0103 efort.<\/p>\n<p>Condimenteaz\u0103-\u021bi stilul cu o not\u0103 de inspira\u021bie pentru cocktailuri de la BQeye. Comand\u0103 acum lentilele Cocktail Greyhound pentru a ad\u0103uga o alur\u0103 r\u0103coritoare look-ului t\u0103u, la fel de emblematic\u0103 precum b\u0103utura omonim\u0103.<\/p>","protected":false},"excerpt":{"rendered":"<p>Add a touch of sophistication to your look with BQeye&#8217;s Cocktail Greyhound colored contact lenses, inspired by the iconic cocktail of the same name. With subtle yet lively undertones that mimic the pale grey hue of fresh grapefruit juice combined with crisp vodka, these lenses bring out the eyes with a look that is effortlessly [&#8230;]\n","protected":false},"featured_media":775,"comment_status":"open","ping_status":"closed","template":"","meta":[],"product_brand":[],"product_cat":[137,91,81,96,98],"product_tag":[],"class_list":{"0":"post-768","1":"product","2":"type-product","3":"status-publish","4":"has-post-thumbnail","6":"product_cat-cocktail","7":"product_cat-14-2-mm","8":"product_cat-grey-contact-lenses","9":"product_cat-non-prescription","10":"product_cat-yearly-disposable","12":"first","13":"instock","14":"sale","15":"shipping-taxable","16":"purchasable","17":"product-type-variable","18":"has-default-attributes"},"_links":{"self":[{"href":"https:\/\/bqeye.com\/ro\/wp-json\/wp\/v2\/product\/768","targetHints":{"allow":["GET"]}}],"collection":[{"href":"https:\/\/bqeye.com\/ro\/wp-json\/wp\/v2\/product"}],"about":[{"href":"https:\/\/bqeye.com\/ro\/wp-json\/wp\/v2\/types\/product"}],"replies":[{"embeddable":true,"href":"https:\/\/bqeye.com\/ro\/wp-json\/wp\/v2\/comments?post=768"}],"wp:featuredmedia":[{"embeddable":true,"href":"https:\/\/bqeye.com\/ro\/wp-json\/wp\/v2\/media\/775"}],"wp:attachment":[{"href":"https:\/\/bqeye.com\/ro\/wp-json\/wp\/v2\/media?parent=768"}],"wp:term":[{"taxonomy":"product_brand","embeddable":true,"href":"https:\/\/bqeye.com\/ro\/wp-json\/wp\/v2\/product_brand?post=768"},{"taxonomy":"product_cat","embeddable":true,"href":"https:\/\/bqeye.com\/ro\/wp-json\/wp\/v2\/product_cat?post=768"},{"taxonomy":"product_tag","embeddable":true,"href":"https:\/\/bqeye.com\/ro\/wp-json\/wp\/v2\/product_tag?post=768"}],"curies":[{"name":"wp","href":"https:\/\/api.w.org\/{rel}","templated":true}]}}