{"id":777,"date":"2023-09-11T14:05:27","date_gmt":"2023-09-11T14:05:27","guid":{"rendered":"https:\/\/bqeye.com\/?post_type=product&#038;p=777"},"modified":"2024-04-18T02:22:45","modified_gmt":"2024-04-18T02:22:45","slug":"bqeye-cocktail-blue-margarita-colored-contact-lenses","status":"publish","type":"product","link":"https:\/\/bqeye.com\/ro\/bqeye-cocktail-blue-margarita-colored-contact-lenses\/","title":{"rendered":"Lentile de contact colorate BQeye Cocktail Blue Margarita Blue Margarita"},"content":{"rendered":"<div>Sc\u00e2nteiaz\u0103-\u021bi stilul cu un strop de culoare Cocktail Blue Margarita de la BQeye.<\/div>\n<div><\/div>\n<div>Inspirate de albastrul \u00eenghe\u021bat al cocktailului clasic de tequila, aceste lentile de contact colorate infuzeaz\u0103 ochii cu o nuan\u021b\u0103 clar\u0103 \u0219i r\u0103coritoare. Fie c\u0103 completeaz\u0103 tonurile naturale sau opteaz\u0103 pentru o transformare orbitoare, Cocktail Blue Margarita \u00eenv\u0103luie ochii \u00eentr-un look care strig\u0103 \" \u00a1Viva la fiesta!\".<\/div>\n<div><\/div>\n<div>Confec\u021bionate din material HEMA u\u0219or, lentilele men\u021bin o iluzie de culoare vibrant\u0103, acord\u00e2nd \u00een acela\u0219i timp prioritate respirabilit\u0103\u021bii \u0219i confortului pe tot parcursul zilei. Formula lor avansat\u0103 protejeaz\u0103, de asemenea, ochii delica\u021bi de iritan\u021bii din mediul \u00eenconjur\u0103tor, astfel \u00eenc\u00e2t purt\u0103torii s\u0103 poat\u0103 petrece cu abandon toat\u0103 noaptea.<\/div>\n<div><\/div>\n<div>\u00cen timpul test\u0103rii produsului, complimentele au eviden\u021biat \"farmecul picant, dar r\u0103coritor\" pe care \u00eel au acum ochii. Purt\u0103torii au discutat despre faptul c\u0103 se simt minunat de sprinteni - la fel de plini de via\u021b\u0103 \u0219i de poft\u0103 de m\u00e2ncare ca \u00eens\u0103\u0219i b\u0103utura caracteristic\u0103.<\/div>\n<div><\/div>\n<div>L\u0103sa\u021bi lentilele de contact colorate BQeye Cocktail Blue Margarita s\u0103 v\u0103 transporte \u00een fiecare zi \u00eentr-un loc de distrac\u021bie de var\u0103. Ad\u0103uga\u021bi o inspira\u021bie uimitoare de cocktail la fiecare look cu lentile la fel de vibrante \u0219i efervescente ca lichiorul \u0219i l\u0103m\u00e2ile. \u00a1Salud!<\/div>","protected":false},"excerpt":{"rendered":"<p>Spark your style with a splash of Cocktail Blue Margarita color from BQeye. Inspired by the icy blues of the classic tequila cocktail, these colored contact lenses infuse eyes with a crisp and refreshing hue. Whether complementing natural tones or opting for a dazzling transformation, Cocktail Blue Margarita wraps the eyes in a look that [&#8230;]\n","protected":false},"featured_media":782,"comment_status":"open","ping_status":"closed","template":"","meta":[],"product_brand":[],"product_cat":[137,91,75,96,98],"product_tag":[],"class_list":{"0":"post-777","1":"product","2":"type-product","3":"status-publish","4":"has-post-thumbnail","6":"product_cat-cocktail","7":"product_cat-14-2-mm","8":"product_cat-blue-contact-lenses","9":"product_cat-non-prescription","10":"product_cat-yearly-disposable","12":"first","13":"instock","14":"sale","15":"shipping-taxable","16":"purchasable","17":"product-type-variable","18":"has-default-attributes"},"_links":{"self":[{"href":"https:\/\/bqeye.com\/ro\/wp-json\/wp\/v2\/product\/777","targetHints":{"allow":["GET"]}}],"collection":[{"href":"https:\/\/bqeye.com\/ro\/wp-json\/wp\/v2\/product"}],"about":[{"href":"https:\/\/bqeye.com\/ro\/wp-json\/wp\/v2\/types\/product"}],"replies":[{"embeddable":true,"href":"https:\/\/bqeye.com\/ro\/wp-json\/wp\/v2\/comments?post=777"}],"wp:featuredmedia":[{"embeddable":true,"href":"https:\/\/bqeye.com\/ro\/wp-json\/wp\/v2\/media\/782"}],"wp:attachment":[{"href":"https:\/\/bqeye.com\/ro\/wp-json\/wp\/v2\/media?parent=777"}],"wp:term":[{"taxonomy":"product_brand","embeddable":true,"href":"https:\/\/bqeye.com\/ro\/wp-json\/wp\/v2\/product_brand?post=777"},{"taxonomy":"product_cat","embeddable":true,"href":"https:\/\/bqeye.com\/ro\/wp-json\/wp\/v2\/product_cat?post=777"},{"taxonomy":"product_tag","embeddable":true,"href":"https:\/\/bqeye.com\/ro\/wp-json\/wp\/v2\/product_tag?post=777"}],"curies":[{"name":"wp","href":"https:\/\/api.w.org\/{rel}","templated":true}]}}