{"id":785,"date":"2023-09-11T14:22:37","date_gmt":"2023-09-11T14:22:37","guid":{"rendered":"https:\/\/bqeye.com\/?post_type=product&#038;p=785"},"modified":"2024-04-18T02:22:42","modified_gmt":"2024-04-18T02:22:42","slug":"bqeye-cocktail-chocolate-martini-colored-contact-lenses","status":"publish","type":"product","link":"https:\/\/bqeye.com\/ro\/bqeye-cocktail-chocolate-martini-colored-contact-lenses\/","title":{"rendered":"Lentile de contact colorate BQeye Cocktail Chocolate Martini"},"content":{"rendered":"<p>R\u0103sf\u0103\u021ba\u021bi-v\u0103 ochii \u00een bog\u0103\u021bia ciocolatei cu lentilele de contact colorate BQeye's Cocktail Chocolate Martini.<\/p>\n<p>Inspir\u00e2ndu-se din tonurile netede \u0219i \u00eentunecate ale cocktailului preferat de toat\u0103 lumea, aceste lentile \u00eenvelesc ochii \u00eentr-un look pe c\u00e2t de decadent, pe at\u00e2t de \u00eendr\u0103zne\u021b. Fie c\u0103 accentueaz\u0103 nuan\u021bele naturale de maro, fie c\u0103 opteaz\u0103 pentru o transformare complet\u0103, Cocktail Chocolate Martini \u00eembrac\u0103 ochii cu o privire intens luxoas\u0103.<\/p>\n<p>Confec\u021bionate din Hydrogel care blocheaz\u0103 umiditatea, lentilele ofer\u0103 hidratare \u0219i confort, al\u0103turi de o schimbare de culoare fascinant\u0103. Formula lor avansat\u0103 protejeaz\u0103, de asemenea, ochii de stresul de mediu, astfel \u00eenc\u00e2t purt\u0103torii se pot cufunda \u00een r\u0103sf\u0103\u021b bogat pe tot parcursul zilei.<\/p>\n<p>\u00cen timpul testelor de consum, complimentele curgeau despre alura \"p\u0103c\u0103toas\u0103 \u0219i somptuoas\u0103\" pe care o avea acum \u00een ochi. Purt\u0103torii au discutat despre faptul c\u0103 se sim\u021beau fastuos de captivante - la fel de decadente \u0219i irezistibile ca \u0219i clasicul cocktail de tratament \u00een sine.<\/p>\n<p>R\u0103sfa\u021b\u0103-\u021bi pofta de dulce \u0219i stilul t\u0103u cu lentilele de contact colorate BQeye Cocktail Chocolate Martini. Ad\u0103uga\u021bi o not\u0103 exotic\u0103 delicioas\u0103 aspectului prin culori de contact la fel de bogate \u0219i tentante ca \u0219i deliciul de ciocolat\u0103 cu acela\u0219i nume. Delicios!<\/p>","protected":false},"excerpt":{"rendered":"<p>Indulge your eyes in the richness of chocolate with BQeye&#8217;s Cocktail Chocolate Martini colored contact lenses. Taking inspiration from the smooth, dark tones of everyone&#8217;s favorite cocktail confection, these lenses wrap eyes in a look that is as decadent as it is daring. Whether accentuating natural brown hues or opting for a full transformation, Cocktail [&#8230;]\n","protected":false},"featured_media":793,"comment_status":"open","ping_status":"closed","template":"","meta":[],"product_brand":[],"product_cat":[137,91,80,96,98],"product_tag":[],"class_list":{"0":"post-785","1":"product","2":"type-product","3":"status-publish","4":"has-post-thumbnail","6":"product_cat-cocktail","7":"product_cat-14-2-mm","8":"product_cat-brown-contact-lenses","9":"product_cat-non-prescription","10":"product_cat-yearly-disposable","12":"first","13":"instock","14":"sale","15":"shipping-taxable","16":"purchasable","17":"product-type-variable","18":"has-default-attributes"},"_links":{"self":[{"href":"https:\/\/bqeye.com\/ro\/wp-json\/wp\/v2\/product\/785","targetHints":{"allow":["GET"]}}],"collection":[{"href":"https:\/\/bqeye.com\/ro\/wp-json\/wp\/v2\/product"}],"about":[{"href":"https:\/\/bqeye.com\/ro\/wp-json\/wp\/v2\/types\/product"}],"replies":[{"embeddable":true,"href":"https:\/\/bqeye.com\/ro\/wp-json\/wp\/v2\/comments?post=785"}],"wp:featuredmedia":[{"embeddable":true,"href":"https:\/\/bqeye.com\/ro\/wp-json\/wp\/v2\/media\/793"}],"wp:attachment":[{"href":"https:\/\/bqeye.com\/ro\/wp-json\/wp\/v2\/media?parent=785"}],"wp:term":[{"taxonomy":"product_brand","embeddable":true,"href":"https:\/\/bqeye.com\/ro\/wp-json\/wp\/v2\/product_brand?post=785"},{"taxonomy":"product_cat","embeddable":true,"href":"https:\/\/bqeye.com\/ro\/wp-json\/wp\/v2\/product_cat?post=785"},{"taxonomy":"product_tag","embeddable":true,"href":"https:\/\/bqeye.com\/ro\/wp-json\/wp\/v2\/product_tag?post=785"}],"curies":[{"name":"wp","href":"https:\/\/api.w.org\/{rel}","templated":true}]}}