{"id":794,"date":"2023-09-11T14:36:57","date_gmt":"2023-09-11T14:36:57","guid":{"rendered":"https:\/\/bqeye.com\/?post_type=product&#038;p=794"},"modified":"2024-04-18T02:22:39","modified_gmt":"2024-04-18T02:22:39","slug":"bqeye-cocktail-green-hornet-colored-contact-lenses","status":"publish","type":"product","link":"https:\/\/bqeye.com\/ro\/bqeye-cocktail-green-hornet-colored-contact-lenses\/","title":{"rendered":"Lentile de contact colorate BQeye Cocktail Green Hornet"},"content":{"rendered":"<p>Intr\u0103 \u00een ora de cocktail cu o explozie de culoare vibrant\u0103 de la lentilele de contact colorate BQeye's Cocktail Green Hornet.<\/p>\n<p>Av\u00e2nd ca surs\u0103 de inspira\u021bie nuan\u021ba verde aprins\u0103 a b\u0103uturii cu acela\u0219i nume, aceste lentile de contact infuzeaz\u0103 ochii cu o nuan\u021b\u0103 energic\u0103 de smarald. Fie c\u0103 joac\u0103 tonuri naturale, fie c\u0103 opteaz\u0103 pentru o transformare electrizant\u0103, Green Hornet \u00eembrac\u0103 ochii \u00eentr-un look \u00eendr\u0103zne\u021b, r\u0103coritor \u0219i plin de farmec firav.<\/p>\n<p>Confec\u021bionate din material HEMA, lentilele men\u021bin o culoare orbitoare, asigur\u00e2nd \u00een acela\u0219i timp un confort ca pielea pe toat\u0103 durata festivit\u0103\u021bilor. Formula lor avansat\u0103 protejeaz\u0103, de asemenea, ochii delica\u021bi de stresul din mediul \u00eenconjur\u0103tor, astfel \u00eenc\u00e2t petrec\u0103re\u021bii s\u0103 poat\u0103 dansa p\u00e2n\u0103 \u00een noapte.<\/p>\n<p>\u00cen timpul test\u0103rii produsului, purt\u0103torii au descris sentimentul de \u00eendr\u0103zneal\u0103 cu noile lor priviri verzi. La fel ca \u0219i b\u0103utura plin\u0103 de via\u021b\u0103, lentilele Green Hornet adaug\u0103 un zvon de aventur\u0103 sofisticat\u0103 la orice ocazie.<\/p>\n<p>Fii sufletul petrecerii cu lentilele de contact colorate BQeye Cocktail Green Hornet. Comand\u0103-le pe ale tale ast\u0103zi pentru a aduce un strop de culoare smarald plin\u0103 de via\u021b\u0103 la fiecare \u00eent\u00e2lnire, la fel de zbuciumat\u0103 \u0219i str\u0103lucitoare ca \u0219i cocktailul iconic.<\/p>","protected":false},"excerpt":{"rendered":"<p>Buzz into the cocktail hour with a vibrant pop of color from BQeye&#8217;s Cocktail Green Hornet colored contact lenses. Taking cues from the crisp green hue of the eponymous tipple, these contacts infuse eyes with an energetic emerald shade. Whether playing up natural tones or opting for an electrifying transformation, Green Hornet wraps eyes in [&#8230;]\n","protected":false},"featured_media":801,"comment_status":"open","ping_status":"closed","template":"","meta":[],"product_brand":[],"product_cat":[137,91,77,96,98],"product_tag":[],"class_list":{"0":"post-794","1":"product","2":"type-product","3":"status-publish","4":"has-post-thumbnail","6":"product_cat-cocktail","7":"product_cat-14-2-mm","8":"product_cat-green-contact-lenses","9":"product_cat-non-prescription","10":"product_cat-yearly-disposable","12":"first","13":"instock","14":"sale","15":"shipping-taxable","16":"purchasable","17":"product-type-variable","18":"has-default-attributes"},"_links":{"self":[{"href":"https:\/\/bqeye.com\/ro\/wp-json\/wp\/v2\/product\/794","targetHints":{"allow":["GET"]}}],"collection":[{"href":"https:\/\/bqeye.com\/ro\/wp-json\/wp\/v2\/product"}],"about":[{"href":"https:\/\/bqeye.com\/ro\/wp-json\/wp\/v2\/types\/product"}],"replies":[{"embeddable":true,"href":"https:\/\/bqeye.com\/ro\/wp-json\/wp\/v2\/comments?post=794"}],"wp:featuredmedia":[{"embeddable":true,"href":"https:\/\/bqeye.com\/ro\/wp-json\/wp\/v2\/media\/801"}],"wp:attachment":[{"href":"https:\/\/bqeye.com\/ro\/wp-json\/wp\/v2\/media?parent=794"}],"wp:term":[{"taxonomy":"product_brand","embeddable":true,"href":"https:\/\/bqeye.com\/ro\/wp-json\/wp\/v2\/product_brand?post=794"},{"taxonomy":"product_cat","embeddable":true,"href":"https:\/\/bqeye.com\/ro\/wp-json\/wp\/v2\/product_cat?post=794"},{"taxonomy":"product_tag","embeddable":true,"href":"https:\/\/bqeye.com\/ro\/wp-json\/wp\/v2\/product_tag?post=794"}],"curies":[{"name":"wp","href":"https:\/\/api.w.org\/{rel}","templated":true}]}}