{"id":803,"date":"2023-09-11T14:57:59","date_gmt":"2023-09-11T14:57:59","guid":{"rendered":"https:\/\/bqeye.com\/?post_type=product&#038;p=803"},"modified":"2024-04-18T02:22:36","modified_gmt":"2024-04-18T02:22:36","slug":"bqeye-dna-taylor-purple-colored-contact-lenses","status":"publish","type":"product","link":"https:\/\/bqeye.com\/ro\/bqeye-dna-taylor-purple-colored-contact-lenses\/","title":{"rendered":"Lentile de contact colorate BQeye DNA Taylor Violet"},"content":{"rendered":"<div>Canaliza\u021bi tonurile regale cu lentilele de contact colorate BQeye's DNA Taylor Purple.<\/div>\n<div><\/div>\n<div>Inspirat\u0103 de paleta hipnotic\u0103 de farduri de ochi de lavand\u0103 a make-up artistului Pat McGrath, aceast\u0103 privire violet\u0103 surprinz\u0103toare seduce cu o arom\u0103 aristocratic\u0103. Fie c\u0103 joac\u0103 tonuri naturale, fie c\u0103 opteaz\u0103 pentru o regalitate care atrage privirile, DNA Taylor Purple \u00eencoroneaz\u0103 ochii cu un look demn de covoare ro\u0219ii prestigioase.<\/div>\n<div><\/div>\n<div>Confec\u021bionate din HEMA cu infuzie de umiditate, lentilele de contact colorate men\u021bin culoarea personalizat\u0103 24 de ore din 24, \u00een confort. Formula sa revolu\u021bionar\u0103 protejeaz\u0103, de asemenea, ochii de insultele mediului \u00eenconjur\u0103tor, pentru a l\u0103sa mistica s\u0103 domneasc\u0103 \u00een mod suprem.<\/div>\n<div><\/div>\n<div>\u00cen timpul testelor de pia\u021b\u0103, admiratorii au calificat noile priviri \"mov maiestuos\" drept \"opere de art\u0103\". Purt\u0103torii au discutat despre faptul c\u0103 se simt somptuos de puternici - la fel de extravagant de captivan\u021bi ca \u0219i legendara privire a artistului iconic.<\/div>\n<div><\/div>\n<div>Conduce\u021bi podiumurile \u0219i covoarele ro\u0219ii cu lentilele de contact colorate BQeye DNA Taylor Purple. Pune\u021bi cele mai exclusiviste cercuri de la Hollywood sub vraja voastr\u0103 hipnotic\u0103 de violet prin culori pe c\u00e2t de luminoase, pe at\u00e2t de luxoase. Plaseaz\u0103-\u021bi comanda acum pentru a face o intrare grandioas\u0103 la orice eveniment, potrivit\u0103 pentru cele mai prestigioase domnii violet din lume.<\/div>","protected":false},"excerpt":{"rendered":"<p>Channel royal tones with BQeye&#8217;s DNA Taylor Purple colored contact lenses. Inspired by makeup artist Pat McGrath&#8217;s hypnotic lavender eyeshadow palette, this arresting violet gaze seduces with aristocratic flavor. Whether playing up natural tones or opting for eye-catching royalty, DNA Taylor Purple crowns eyes with a look fit for prestigious red carpets. Crafted from moisture-infused [&#8230;]\n","protected":false},"featured_media":813,"comment_status":"open","ping_status":"closed","template":"","meta":[],"product_brand":[],"product_cat":[178,91,96,82,98],"product_tag":[],"class_list":{"0":"post-803","1":"product","2":"type-product","3":"status-publish","4":"has-post-thumbnail","6":"product_cat-dna-taylor","7":"product_cat-14-2-mm","8":"product_cat-non-prescription","9":"product_cat-purple-contact-lenses","10":"product_cat-yearly-disposable","12":"first","13":"instock","14":"sale","15":"shipping-taxable","16":"purchasable","17":"product-type-variable","18":"has-default-attributes"},"_links":{"self":[{"href":"https:\/\/bqeye.com\/ro\/wp-json\/wp\/v2\/product\/803","targetHints":{"allow":["GET"]}}],"collection":[{"href":"https:\/\/bqeye.com\/ro\/wp-json\/wp\/v2\/product"}],"about":[{"href":"https:\/\/bqeye.com\/ro\/wp-json\/wp\/v2\/types\/product"}],"replies":[{"embeddable":true,"href":"https:\/\/bqeye.com\/ro\/wp-json\/wp\/v2\/comments?post=803"}],"wp:featuredmedia":[{"embeddable":true,"href":"https:\/\/bqeye.com\/ro\/wp-json\/wp\/v2\/media\/813"}],"wp:attachment":[{"href":"https:\/\/bqeye.com\/ro\/wp-json\/wp\/v2\/media?parent=803"}],"wp:term":[{"taxonomy":"product_brand","embeddable":true,"href":"https:\/\/bqeye.com\/ro\/wp-json\/wp\/v2\/product_brand?post=803"},{"taxonomy":"product_cat","embeddable":true,"href":"https:\/\/bqeye.com\/ro\/wp-json\/wp\/v2\/product_cat?post=803"},{"taxonomy":"product_tag","embeddable":true,"href":"https:\/\/bqeye.com\/ro\/wp-json\/wp\/v2\/product_tag?post=803"}],"curies":[{"name":"wp","href":"https:\/\/api.w.org\/{rel}","templated":true}]}}