{"id":814,"date":"2023-09-11T15:19:13","date_gmt":"2023-09-11T15:19:13","guid":{"rendered":"https:\/\/bqeye.com\/?post_type=product&#038;p=814"},"modified":"2024-04-18T02:22:32","modified_gmt":"2024-04-18T02:22:32","slug":"bqeye-dna-taylor-green-colored-contact-lenses","status":"publish","type":"product","link":"https:\/\/bqeye.com\/ro\/bqeye-dna-taylor-green-colored-contact-lenses\/","title":{"rendered":"Lentile de contact colorate BQeye DNA Taylor Green Green"},"content":{"rendered":"<p>Canalizeaz\u0103-\u021bi regina de basm din interior cu lentilele de contact colorate BQeye's DNA Taylor Green.<\/p>\n<p>Inspirat de fardul de ochi mistic de smarald al lui Pat McGrath, aceast\u0103 privire verde captivant\u0103 \u00eencoroneaz\u0103 ochii cu o vraj\u0103 radiant\u0103 \u0219i regal\u0103. Fie c\u0103 accentua\u021bi nuan\u021bele naturale, fie c\u0103 opta\u021bi pentru o transformare fermec\u0103toare, DNA Taylor Green \u00eenv\u0103luie ochii \u00eentr-un look desprins direct din paginile fastuoase ale legendei.<\/p>\n<p>Confec\u021bionate din material HEMA cu infuzie de umiditate, lentilele men\u021bin culoarea vibrant\u0103 24 de ore din 24 cu un lux confortabil. Formula lor revolu\u021bionar\u0103 protejeaz\u0103, de asemenea, ochii de efectele nocive ale mediului \u00eenconjur\u0103tor, pentru a l\u0103sa \u00eenc\u00e2ntarea s\u0103 domneasc\u0103 liber\u0103.<\/p>\n<p>\u00cen timpul testelor de produs, admiratorii au declarat c\u0103 noua privire \"verde fermec\u0103tor\" nu este nimic mai pu\u021bin dec\u00e2t ceea ce este f\u0103cut din magie. Purt\u0103toarele s-au sim\u021bit maiestuos de fermec\u0103toare - la fel de extravagant de seduc\u0103toare ca \u0219i fanteziile semnate de iconicul make-up artist care prind via\u021b\u0103.<\/p>\n<p>Domina\u021bi-v\u0103 domeniul de basm cu lentilele de contact colorate BQeye DNA Taylor Green. Aduce\u021bi cele mai exclusiviste serate de la Hollywood sub vraja dvs. verde prin culori la fel de magice ca \u0219i capodoperele lui Pat McGrath. Plaseaz\u0103-\u021bi comanda acum pentru a \u021bese minuni la orice adunare, potrivite pentru cele mai verzi reverii ale regalit\u0103\u021bii.<\/p>","protected":false},"excerpt":{"rendered":"<p>Channel your inner fairytale queen with BQeye&#8217;s DNA Taylor Green colored contact lenses. Inspired by Pat McGrath&#8217;s mystical emerald eyeshadow look, this arresting green gaze crowns eyes with a radiant, regal spell. Whether accentuating natural hues or opting for an entrancing transformation, DNA Taylor Green wraps eyes in a look straight from legend&#8217;s lavish pages. [&#8230;]\n","protected":false},"featured_media":820,"comment_status":"open","ping_status":"closed","template":"","meta":[],"product_brand":[],"product_cat":[178,91,77,96,98],"product_tag":[],"class_list":{"0":"post-814","1":"product","2":"type-product","3":"status-publish","4":"has-post-thumbnail","6":"product_cat-dna-taylor","7":"product_cat-14-2-mm","8":"product_cat-green-contact-lenses","9":"product_cat-non-prescription","10":"product_cat-yearly-disposable","12":"first","13":"instock","14":"sale","15":"shipping-taxable","16":"purchasable","17":"product-type-variable","18":"has-default-attributes"},"_links":{"self":[{"href":"https:\/\/bqeye.com\/ro\/wp-json\/wp\/v2\/product\/814","targetHints":{"allow":["GET"]}}],"collection":[{"href":"https:\/\/bqeye.com\/ro\/wp-json\/wp\/v2\/product"}],"about":[{"href":"https:\/\/bqeye.com\/ro\/wp-json\/wp\/v2\/types\/product"}],"replies":[{"embeddable":true,"href":"https:\/\/bqeye.com\/ro\/wp-json\/wp\/v2\/comments?post=814"}],"wp:featuredmedia":[{"embeddable":true,"href":"https:\/\/bqeye.com\/ro\/wp-json\/wp\/v2\/media\/820"}],"wp:attachment":[{"href":"https:\/\/bqeye.com\/ro\/wp-json\/wp\/v2\/media?parent=814"}],"wp:term":[{"taxonomy":"product_brand","embeddable":true,"href":"https:\/\/bqeye.com\/ro\/wp-json\/wp\/v2\/product_brand?post=814"},{"taxonomy":"product_cat","embeddable":true,"href":"https:\/\/bqeye.com\/ro\/wp-json\/wp\/v2\/product_cat?post=814"},{"taxonomy":"product_tag","embeddable":true,"href":"https:\/\/bqeye.com\/ro\/wp-json\/wp\/v2\/product_tag?post=814"}],"curies":[{"name":"wp","href":"https:\/\/api.w.org\/{rel}","templated":true}]}}