{"id":822,"date":"2023-09-11T15:34:00","date_gmt":"2023-09-11T15:34:00","guid":{"rendered":"https:\/\/bqeye.com\/?post_type=product&#038;p=822"},"modified":"2024-04-18T02:22:29","modified_gmt":"2024-04-18T02:22:29","slug":"bqeye-dna-taylor-grey-colored-contact-lenses","status":"publish","type":"product","link":"https:\/\/bqeye.com\/ro\/bqeye-dna-taylor-grey-colored-contact-lenses\/","title":{"rendered":"Lentile de contact colorate BQeye DNA Taylor Grey"},"content":{"rendered":"<p>Canalizeaz\u0103-\u021bi supernova interioar\u0103 cu lentilele de contact colorate BQeye's DNA Taylor Grey.<\/p>\n<p>Inspirat de look-urile hipnotizante ale lui Pat McGrath cu ochi fumurii, aceast\u0103 privire hipnotic\u0103 gri transform\u0103 ochii \u00een corpuri cere\u0219ti fascinante. Fie c\u0103 joac\u0103 tonuri neutre, fie c\u0103 opteaz\u0103 pentru misticism, DNA Taylor Grey \u00eenv\u0103luie ochii \u00eentr-o intrig\u0103 \u00eentunecat\u0103, dar orbitoare.<\/p>\n<p>Confec\u021bionate din gel HydroPulse, bogat \u00een hidratare, lentilele men\u021bin culoarea fermec\u0103toare 24 de ore din 24, \u00eentr-un confort asem\u0103n\u0103tor pielii. De asemenea, formula lor inovatoare protejeaz\u0103 ochii de stresul mediului \u00eenconjur\u0103tor, pentru ca mistica s\u0103 domneasc\u0103 toat\u0103 ziua \u0219i toat\u0103 noaptea.<\/p>\n<p>\u00cen timpul testelor, admiratorii au declarat c\u0103 noua privire cu \"mercur mesmeric\" nu este altceva dec\u00e2t \"o oper\u0103 de art\u0103 cosmic\u0103\". Purt\u0103torii au canalizat pulsarii, sim\u021bindu-se puternic atr\u0103g\u0103tori - la fel de fermec\u0103tori din punct de vedere magnetic ca \u0219i legendarele stiluri astronomice ale artistului emblematic.<\/p>\n<p>Profita\u021bi de atrac\u021bia gravita\u021bional\u0103 a farmecului cu lentilele de contact colorate BQeye DNA Taylor Grey. Plasa\u021bi cele mai exigente serate de la Hollywood sub vraja dumneavoastr\u0103 hipnotic\u0103 stelar\u0103 prin culori la fel de luminoase \u0219i enigmatice ca \u0219i legendele \u00eensele. Plaseaz\u0103-\u021bi comanda pentru a str\u0103luci un nou farmec asupra oric\u0103rei ocazii, potrivit pentru cea mai uluitoare domnie a cosmosului.<\/p>","protected":false},"excerpt":{"rendered":"<p>Channel your inner supernova with BQeye&#8217;s DNA Taylor Grey colored contact lenses. Inspired by Pat McGrath&#8217;s mesmerizing smoky eye looks, this hypnotic grey gaze transforms eyes into fascinating celestial bodies. Whether playing up neutral tones or opting for mystique, DNA Taylor Grey wraps eyes in intrigue dark yet dazzling. Crafted from moisture-rich HydroPulse gel, the [&#8230;]\n","protected":false},"featured_media":828,"comment_status":"open","ping_status":"closed","template":"","meta":[],"product_brand":[],"product_cat":[178,91,81,96,98],"product_tag":[],"class_list":{"0":"post-822","1":"product","2":"type-product","3":"status-publish","4":"has-post-thumbnail","6":"product_cat-dna-taylor","7":"product_cat-14-2-mm","8":"product_cat-grey-contact-lenses","9":"product_cat-non-prescription","10":"product_cat-yearly-disposable","12":"first","13":"instock","14":"sale","15":"shipping-taxable","16":"purchasable","17":"product-type-variable","18":"has-default-attributes"},"_links":{"self":[{"href":"https:\/\/bqeye.com\/ro\/wp-json\/wp\/v2\/product\/822","targetHints":{"allow":["GET"]}}],"collection":[{"href":"https:\/\/bqeye.com\/ro\/wp-json\/wp\/v2\/product"}],"about":[{"href":"https:\/\/bqeye.com\/ro\/wp-json\/wp\/v2\/types\/product"}],"replies":[{"embeddable":true,"href":"https:\/\/bqeye.com\/ro\/wp-json\/wp\/v2\/comments?post=822"}],"wp:featuredmedia":[{"embeddable":true,"href":"https:\/\/bqeye.com\/ro\/wp-json\/wp\/v2\/media\/828"}],"wp:attachment":[{"href":"https:\/\/bqeye.com\/ro\/wp-json\/wp\/v2\/media?parent=822"}],"wp:term":[{"taxonomy":"product_brand","embeddable":true,"href":"https:\/\/bqeye.com\/ro\/wp-json\/wp\/v2\/product_brand?post=822"},{"taxonomy":"product_cat","embeddable":true,"href":"https:\/\/bqeye.com\/ro\/wp-json\/wp\/v2\/product_cat?post=822"},{"taxonomy":"product_tag","embeddable":true,"href":"https:\/\/bqeye.com\/ro\/wp-json\/wp\/v2\/product_tag?post=822"}],"curies":[{"name":"wp","href":"https:\/\/api.w.org\/{rel}","templated":true}]}}