{"id":830,"date":"2023-09-11T15:45:31","date_gmt":"2023-09-11T15:45:31","guid":{"rendered":"https:\/\/bqeye.com\/?post_type=product&#038;p=830"},"modified":"2024-04-18T02:22:26","modified_gmt":"2024-04-18T02:22:26","slug":"bqeye-dna-taylor-brown-colored-contact-lenses","status":"publish","type":"product","link":"https:\/\/bqeye.com\/ro\/bqeye-dna-taylor-brown-colored-contact-lenses\/","title":{"rendered":"Lentile de contact colorate BQeye DNA Taylor Brown"},"content":{"rendered":"<p>Canaliza\u021bi mistica f\u0103r\u0103 efort cu lentilele de contact colorate BQeye DNA Taylor Brown.<\/p>\n<p>Inspirat de look-urile sofisticate Smokey Eye ale lui Pat McGrath, aceast\u0103 privire seduc\u0103toare, de un maro bogat, \u00eenv\u0103luie ochii \u00eentr-o intrig\u0103 senzual\u0103. Fie c\u0103 accentueaz\u0103 profunzimea natural\u0103 sau amplific\u0103 atrac\u021bia hipnotic\u0103, DNA Taylor Brown \u00eenv\u0103luie ochii \u00eentr-o alur\u0103 seduc\u0103toare care \u0219opte\u0219te secrete nespuse.<\/p>\n<p>Confec\u021bionate din materialul BioCore, care filtreaz\u0103 umezeala, lentilele men\u021bin pigmen\u021bii hipnotizan\u021bi cu un confort nedetectat. Formula lor de ultim\u0103 genera\u021bie protejeaz\u0103 ochii \u0219i \u00een timpul nop\u021bilor lungi, pentru a l\u0103sa mistica s\u0103 se men\u021bin\u0103 dup\u0103 l\u0103sarea \u00eentunericului.<\/p>\n<p>\u00cen timpul testelor, admiratorii au declarat c\u0103 noua privire \"p\u0103m\u00e2ntie de invidiat\" nu este mai pu\u021bin dec\u00e2t rafinat de ispititoare. Purt\u0103toarele au canalizat legendele urbane, sim\u021bindu-se sublim de fermec\u0103toare - la fel de magnetic de misterioase ca \u0219i stilurile underground ale legendarului artist.<\/p>\n<p>Arunc\u0103 vr\u0103ji hipnotice cu lentilele de contact colorate BQeye DNA Taylor Brown. Adu demimondul ascuns \u00een centrul aten\u021biei prin culori care intrig\u0103 prin bog\u0103\u021bia unor sofistic\u0103ri ne\u0219tiute \u00eenc\u0103 dezv\u0103luite. Plaseaz\u0103-\u021bi comanda pentru a \u021bese farmece mistice dup\u0103 sf\u00e2r\u0219itul zilei.<\/p>","protected":false},"excerpt":{"rendered":"<p>Channel effortless mystique with BQeye&#8217;s DNA Taylor Brown colored contact lenses. Inspired by Pat McGrath&#8217;s sophisticated smokey eye looks, this seductive rich brown gaze cloaks eyes in sensual intrigue. Whether emphasizing natural depths or amplifying hypnotic appeal, DNA Taylor Brown wraps eyes in alluring allure that whispers unspoken secrets. Crafted from moisture-lensing BioCore material, the [&#8230;]\n","protected":false},"featured_media":836,"comment_status":"open","ping_status":"closed","template":"","meta":[],"product_brand":[],"product_cat":[178,91,80,96,98],"product_tag":[],"class_list":{"0":"post-830","1":"product","2":"type-product","3":"status-publish","4":"has-post-thumbnail","6":"product_cat-dna-taylor","7":"product_cat-14-2-mm","8":"product_cat-brown-contact-lenses","9":"product_cat-non-prescription","10":"product_cat-yearly-disposable","12":"first","13":"instock","14":"sale","15":"shipping-taxable","16":"purchasable","17":"product-type-variable","18":"has-default-attributes"},"_links":{"self":[{"href":"https:\/\/bqeye.com\/ro\/wp-json\/wp\/v2\/product\/830","targetHints":{"allow":["GET"]}}],"collection":[{"href":"https:\/\/bqeye.com\/ro\/wp-json\/wp\/v2\/product"}],"about":[{"href":"https:\/\/bqeye.com\/ro\/wp-json\/wp\/v2\/types\/product"}],"replies":[{"embeddable":true,"href":"https:\/\/bqeye.com\/ro\/wp-json\/wp\/v2\/comments?post=830"}],"wp:featuredmedia":[{"embeddable":true,"href":"https:\/\/bqeye.com\/ro\/wp-json\/wp\/v2\/media\/836"}],"wp:attachment":[{"href":"https:\/\/bqeye.com\/ro\/wp-json\/wp\/v2\/media?parent=830"}],"wp:term":[{"taxonomy":"product_brand","embeddable":true,"href":"https:\/\/bqeye.com\/ro\/wp-json\/wp\/v2\/product_brand?post=830"},{"taxonomy":"product_cat","embeddable":true,"href":"https:\/\/bqeye.com\/ro\/wp-json\/wp\/v2\/product_cat?post=830"},{"taxonomy":"product_tag","embeddable":true,"href":"https:\/\/bqeye.com\/ro\/wp-json\/wp\/v2\/product_tag?post=830"}],"curies":[{"name":"wp","href":"https:\/\/api.w.org\/{rel}","templated":true}]}}