{"id":850,"date":"2023-09-12T02:48:48","date_gmt":"2023-09-12T02:48:48","guid":{"rendered":"https:\/\/bqeye.com\/?post_type=product&#038;p=850"},"modified":"2024-04-18T02:22:22","modified_gmt":"2024-04-18T02:22:22","slug":"bqeye-trinity-grey-colored-contact-lenses","status":"publish","type":"product","link":"https:\/\/bqeye.com\/ro\/bqeye-trinity-grey-colored-contact-lenses\/","title":{"rendered":"Lentile de contact colorate BQeye Trinity Trinity Grey"},"content":{"rendered":"<p>Canaliza\u021bi versatilitatea cool cu lentilele de contact colorate Trinity Grey de la BQeye.<\/p>\n<p>Inspirat de griurile tridimensionale prezentate \u00een paletele de umbre de ochi \u00eendr\u0103zne\u021be ale lui Pat McGrath, acest hipnotizant ton rece transform\u0103 ochii \u00een prisme ale posibilit\u0103\u021bilor. Fie c\u0103 apeleaz\u0103 la o neutralitate subtil\u0103, fie c\u0103 dezv\u0103luie o dinamic\u0103 \u00eendr\u0103znea\u021b\u0103, Trinity Grey \u00eenv\u0103luie ochii \u00eentr-o intrig\u0103 cu multiple fa\u021bete.<\/p>\n<p>Confec\u021bionate din gel HydroFlex refractiv, lentilele men\u021bin interac\u021biunea prismatic\u0103 a culorilor cu un confort nedetectabil. De asemenea, formula lor avansat\u0103 protejeaz\u0103 ochii prin transform\u0103ri, pentru a l\u0103sa mistica s\u0103 evolueze f\u0103r\u0103 limite.<\/p>\n<p>\u00cen timpul testelor de pia\u021b\u0103, admiratorii au descris ochii Trinity Grey ca fiind \"sonete vizuale\" care, cu fiecare privire, dezv\u0103luiau profunzimi nev\u0103zute anterior. Purt\u0103torii canalizau prisme, sim\u021bindu-se creativ f\u0103r\u0103 limite - la fel de fascinant ca \u0219i privirile cu multiple fa\u021bete ale iconicei artiste care a dep\u0103\u0219it limitele.<\/p>\n<p>Dezv\u0103lui\u021bi noi dimensiuni ale expresiei de sine cu lentilele de contact colorate BQeye Trinity Grey. Pune\u021bi \u00een eviden\u021b\u0103 perspectivele prismatice prin culori care intrig\u0103 prin complexitatea stratificat\u0103 a frumuse\u021bii nesf\u00e2r\u0219ite reimaginate. Plasa\u021bi comanda pentru a refracta vr\u0103jile originale.<\/p>","protected":false},"excerpt":{"rendered":"<p>Channel cool versatility with BQeye&#8217;s Trinity Grey Colored Contact Lenses. Inspired by the three dimensional greys featured in Pat McGrath&#8217;s daring eyeshadow palettes, this mesmerizing cool undertone transforms eyes into prisms of possibility. Whether tapping subtle neutrality or unlocking daring dynamics, Trinity Grey wraps eyes in multifaceted intrigue. Crafted from refractive HydroFlex gel, the lenses [&#8230;]\n","protected":false},"featured_media":857,"comment_status":"open","ping_status":"closed","template":"","meta":[],"product_brand":[],"product_cat":[159,91,81,96,98],"product_tag":[],"class_list":{"0":"post-850","1":"product","2":"type-product","3":"status-publish","4":"has-post-thumbnail","6":"product_cat-trinity","7":"product_cat-14-2-mm","8":"product_cat-grey-contact-lenses","9":"product_cat-non-prescription","10":"product_cat-yearly-disposable","12":"first","13":"instock","14":"sale","15":"shipping-taxable","16":"purchasable","17":"product-type-variable","18":"has-default-attributes"},"_links":{"self":[{"href":"https:\/\/bqeye.com\/ro\/wp-json\/wp\/v2\/product\/850","targetHints":{"allow":["GET"]}}],"collection":[{"href":"https:\/\/bqeye.com\/ro\/wp-json\/wp\/v2\/product"}],"about":[{"href":"https:\/\/bqeye.com\/ro\/wp-json\/wp\/v2\/types\/product"}],"replies":[{"embeddable":true,"href":"https:\/\/bqeye.com\/ro\/wp-json\/wp\/v2\/comments?post=850"}],"wp:featuredmedia":[{"embeddable":true,"href":"https:\/\/bqeye.com\/ro\/wp-json\/wp\/v2\/media\/857"}],"wp:attachment":[{"href":"https:\/\/bqeye.com\/ro\/wp-json\/wp\/v2\/media?parent=850"}],"wp:term":[{"taxonomy":"product_brand","embeddable":true,"href":"https:\/\/bqeye.com\/ro\/wp-json\/wp\/v2\/product_brand?post=850"},{"taxonomy":"product_cat","embeddable":true,"href":"https:\/\/bqeye.com\/ro\/wp-json\/wp\/v2\/product_cat?post=850"},{"taxonomy":"product_tag","embeddable":true,"href":"https:\/\/bqeye.com\/ro\/wp-json\/wp\/v2\/product_tag?post=850"}],"curies":[{"name":"wp","href":"https:\/\/api.w.org\/{rel}","templated":true}]}}