{"id":859,"date":"2023-09-12T03:31:44","date_gmt":"2023-09-12T03:31:44","guid":{"rendered":"https:\/\/bqeye.com\/?post_type=product&#038;p=859"},"modified":"2024-04-18T02:22:19","modified_gmt":"2024-04-18T02:22:19","slug":"bqeye-trinity-green-colored-contact-lenses","status":"publish","type":"product","link":"https:\/\/bqeye.com\/ro\/bqeye-trinity-green-colored-contact-lenses\/","title":{"rendered":"Lentile de contact colorate BQeye Trinity Green"},"content":{"rendered":"<p>Canaliza\u021bi versatilitatea luxuriant\u0103 a naturii cu lentilele de contact colorate Trinity Green de la BQeye.<\/p>\n<p>Inspirat de verdele multidimensional prezentat \u00een paletele de inspira\u021bie botanic\u0103 ale lui Pat McGrath, acest fond de ten hipnotizant transform\u0103 ochii \u00een prisme ale vastit\u0103\u021bii verzi. Fie c\u0103 atinge notele subtile de frunze sau dezl\u0103n\u021buie dinamica vibrant\u0103, Trinity Green \u00eenv\u0103luie ochii \u00een tapiserii de posibilit\u0103\u021bi.<\/p>\n<p>Confec\u021bionate din gel HydroFlex hidro-interactiv, lentilele men\u021bin intensitatea schimb\u0103toare a smaraldului cu un confort adaptabil. Formula lor de pionierat protejeaz\u0103, de asemenea, ochii prin transform\u0103ri, pentru a l\u0103sa mistica s\u0103 se dezvolte liber.<\/p>\n<p>\u00cen timpul testelor de pia\u021b\u0103, admiratorii au descris ochii Trinity Green ca fiind \"p\u0103duri \u00een floare\", care, cu fiecare privire, dezv\u0103luiau via\u021ba nev\u0103zut\u0103 anterior. Purt\u0103toarele au canalizat nimfe din p\u0103dure, sim\u021bindu-se organic f\u0103r\u0103 limite - la fel de variat \u0219i fermec\u0103tor ca \u0219i privirile iconice ale artistului care celebreaz\u0103 misterele f\u0103r\u0103 limite ale naturii.<\/p>\n<p>Descoperi\u021bi noi frontiere ale exprim\u0103rii personale cu lentilele de contact colorate BQeye Trinity Green. Pune\u021bi \u00een eviden\u021b\u0103 perspectivele prismatice ale lumii naturale prin intermediul culorilor care intrig\u0103 cu energiile luxuriante stratificate ale trezirii perpetue. Plaseaz\u0103-\u021bi comanda pentru a refracta viziuni de \u00eenc\u00e2ntare organic\u0103.<\/p>","protected":false},"excerpt":{"rendered":"<p>Channel the lush versatility of nature with BQeye&#8217;s Trinity Green colored contact lenses. Inspired by the multidimensional greens featured in Pat McGrath&#8217;s botanical-inspired palettes, this mesmerizing undertone transforms eyes into prisms of the verdant vastness. Whether tapping subtle leafy notes or unleashing vibrant dynamics, Trinity Green wraps eyes in tapestries of possibilities. Crafted from hydro-interactive [&#8230;]\n","protected":false},"featured_media":867,"comment_status":"open","ping_status":"closed","template":"","meta":[],"product_brand":[],"product_cat":[159,91,77,96,98],"product_tag":[],"class_list":{"0":"post-859","1":"product","2":"type-product","3":"status-publish","4":"has-post-thumbnail","6":"product_cat-trinity","7":"product_cat-14-2-mm","8":"product_cat-green-contact-lenses","9":"product_cat-non-prescription","10":"product_cat-yearly-disposable","12":"first","13":"instock","14":"sale","15":"shipping-taxable","16":"purchasable","17":"product-type-variable","18":"has-default-attributes"},"_links":{"self":[{"href":"https:\/\/bqeye.com\/ro\/wp-json\/wp\/v2\/product\/859","targetHints":{"allow":["GET"]}}],"collection":[{"href":"https:\/\/bqeye.com\/ro\/wp-json\/wp\/v2\/product"}],"about":[{"href":"https:\/\/bqeye.com\/ro\/wp-json\/wp\/v2\/types\/product"}],"replies":[{"embeddable":true,"href":"https:\/\/bqeye.com\/ro\/wp-json\/wp\/v2\/comments?post=859"}],"wp:featuredmedia":[{"embeddable":true,"href":"https:\/\/bqeye.com\/ro\/wp-json\/wp\/v2\/media\/867"}],"wp:attachment":[{"href":"https:\/\/bqeye.com\/ro\/wp-json\/wp\/v2\/media?parent=859"}],"wp:term":[{"taxonomy":"product_brand","embeddable":true,"href":"https:\/\/bqeye.com\/ro\/wp-json\/wp\/v2\/product_brand?post=859"},{"taxonomy":"product_cat","embeddable":true,"href":"https:\/\/bqeye.com\/ro\/wp-json\/wp\/v2\/product_cat?post=859"},{"taxonomy":"product_tag","embeddable":true,"href":"https:\/\/bqeye.com\/ro\/wp-json\/wp\/v2\/product_tag?post=859"}],"curies":[{"name":"wp","href":"https:\/\/api.w.org\/{rel}","templated":true}]}}