{"id":868,"date":"2023-09-12T03:56:48","date_gmt":"2023-09-12T03:56:48","guid":{"rendered":"https:\/\/bqeye.com\/?post_type=product&#038;p=868"},"modified":"2024-04-18T02:22:15","modified_gmt":"2024-04-18T02:22:15","slug":"bqeye-trinity-brown-colored-contact-lenses","status":"publish","type":"product","link":"https:\/\/bqeye.com\/ro\/bqeye-trinity-brown-colored-contact-lenses\/","title":{"rendered":"Lentile de contact colorate BQeye Trinity Brown"},"content":{"rendered":"<p>Canaliza\u021bi profunzimea \u0219i bog\u0103\u021bia p\u0103m\u00e2ntului cu lentilele de contact colorate Trinity Brown de la BQeye.<\/p>\n<p>Inspirat de maronii multidimensionali din paletele captivante ale lui Pat McGrath, acest subton hipnotizant transform\u0103 ochii \u00een prisme de intrig\u0103 tactil\u0103. Fie c\u0103 se folose\u0219te de subtonuri subtile, fie c\u0103 dezl\u0103n\u021buie un dinamism de lux, Trinity Brown \u00eenv\u0103luie ochii \u00een texturi somptuoase de descoperire.<\/p>\n<p>Confec\u021bionate din gel adaptabil HydroFlexXT, lentilele men\u021bin intensitatea schimb\u0103toare a ciocolatei cu un confort nedetectabil. Formula lor de pionierat protejeaz\u0103, de asemenea, ochii prin transform\u0103ri, pentru a l\u0103sa mistica s\u0103 se dezvolte liber \u00een interior.<\/p>\n<p>\u00cen timpul testelor de pia\u021b\u0103, admiratorii au descris ochii Trinity Brown ca fiind \"peisaje bogate de explorat\", care deblocheaz\u0103 straturi nev\u0103zute anterior cu fiecare privire. Purt\u0103toarele au canalizat h\u0103r\u021bi topografice, sim\u021bindu-se organic f\u0103r\u0103 limite - la fel de variat \u0219i fermec\u0103tor ca \u0219i privirile iconicei artiste care celebreaz\u0103 ad\u00e2ncimile senzuale ale pielii.<\/p>\n<p>Dezv\u0103lui\u021bi noi dimensiuni ale misterului \u0219i puterii interioare cu lentilele de contact colorate BQeye Trinity Brown. Pune\u021bi \u00een eviden\u021b\u0103 perspectivele prismatice ale profunzimii organice prin intermediul culorilor care intrig\u0103 cu energiile luxuriante multidimensionale care a\u0219teapt\u0103 \u00een interior. Plaseaz\u0103-\u021bi comanda pentru a refracta viziuni ale somptuoselor t\u0103r\u00e2muri interioare trezite.<\/p>","protected":false},"excerpt":{"rendered":"<p>Channel the depth and richness of earth with BQeye&#8217;s Trinity Brown colored contact lenses. Inspired by the multidimensional browns featured in Pat McGrath&#8217;s captivating skin-focused palettes, this mesmerizing undertone transforms eyes into prisms of tactile intrigue. Whether tapping subtle undertones or unleashing luxe dynamism, Trinity Brown wraps eyes in sumptuous textures of discovery. Crafted from [&#8230;]\n","protected":false},"featured_media":876,"comment_status":"open","ping_status":"closed","template":"","meta":[],"product_brand":[],"product_cat":[159,91,80,96,98],"product_tag":[],"class_list":{"0":"post-868","1":"product","2":"type-product","3":"status-publish","4":"has-post-thumbnail","6":"product_cat-trinity","7":"product_cat-14-2-mm","8":"product_cat-brown-contact-lenses","9":"product_cat-non-prescription","10":"product_cat-yearly-disposable","12":"first","13":"instock","14":"sale","15":"shipping-taxable","16":"purchasable","17":"product-type-variable","18":"has-default-attributes"},"_links":{"self":[{"href":"https:\/\/bqeye.com\/ro\/wp-json\/wp\/v2\/product\/868","targetHints":{"allow":["GET"]}}],"collection":[{"href":"https:\/\/bqeye.com\/ro\/wp-json\/wp\/v2\/product"}],"about":[{"href":"https:\/\/bqeye.com\/ro\/wp-json\/wp\/v2\/types\/product"}],"replies":[{"embeddable":true,"href":"https:\/\/bqeye.com\/ro\/wp-json\/wp\/v2\/comments?post=868"}],"wp:featuredmedia":[{"embeddable":true,"href":"https:\/\/bqeye.com\/ro\/wp-json\/wp\/v2\/media\/876"}],"wp:attachment":[{"href":"https:\/\/bqeye.com\/ro\/wp-json\/wp\/v2\/media?parent=868"}],"wp:term":[{"taxonomy":"product_brand","embeddable":true,"href":"https:\/\/bqeye.com\/ro\/wp-json\/wp\/v2\/product_brand?post=868"},{"taxonomy":"product_cat","embeddable":true,"href":"https:\/\/bqeye.com\/ro\/wp-json\/wp\/v2\/product_cat?post=868"},{"taxonomy":"product_tag","embeddable":true,"href":"https:\/\/bqeye.com\/ro\/wp-json\/wp\/v2\/product_tag?post=868"}],"curies":[{"name":"wp","href":"https:\/\/api.w.org\/{rel}","templated":true}]}}