{"id":884,"date":"2023-09-12T06:52:53","date_gmt":"2023-09-12T06:52:53","guid":{"rendered":"https:\/\/bqeye.com\/?post_type=product&#038;p=884"},"modified":"2024-04-18T02:22:12","modified_gmt":"2024-04-18T02:22:12","slug":"bqeye-mystery-red-colored-contact-lenses","status":"publish","type":"product","link":"https:\/\/bqeye.com\/ro\/bqeye-mystery-red-colored-contact-lenses\/","title":{"rendered":"Lentile de contact colorate BQeye Mystery Red Red"},"content":{"rendered":"<p>Cele mai recente lentile de contact colorate ale noastre capteaz\u0103 o privire enigmatic\u0103 de purpur\u0103 printr-un amestec frumos de nuan\u021be stacojii \u0219i burgundia. Spre deosebire de ro\u0219ul primar sumbru, Mystery Red creeaz\u0103 o intrig\u0103 elegant\u0103 care amplific\u0103 frumuse\u021bea natural\u0103 atunci c\u00e2nd purta\u021bi aceste lentile de contact colorate.<\/p>\n<p>\u00cen calitate de lider \u00een domeniul lentilelor de contact colorate, BQeye este dedicat\u0103 cre\u0103rii de lentile inovatoare care se \u00eembin\u0103 perfect cu culoarea ochilor dumneavoastr\u0103. Mystery Red v\u0103 accentueaz\u0103 subtil irisul pentru un efect izbitor, dar \u00een acela\u0219i timp moale. Formula noastr\u0103 ultramodern\u0103 de absorb\u021bie a umezelii previne disconfortul, astfel \u00eenc\u00e2t v\u0103 pute\u021bi bucura de noul dvs. look captivant toat\u0103 ziua cu aceste lentile de contact colorate.<\/p>\n<p>Fie c\u0103 dori\u021bi s\u0103 v\u0103 dezl\u0103n\u021bui\u021bi \u00eencrederea sau pur \u0219i simplu s\u0103 experimenta\u021bi noi stiluri, lentilele de contact colorate BQeye v\u0103 permit s\u0103 v\u0103 exprima\u021bi. Mystery Red este o alegere de top pentru cei care caut\u0103 o nuan\u021b\u0103 nou\u0103 \u0219i atr\u0103g\u0103toare care st\u00e2rne\u0219te intriga. La fel ca \u00een cazul tuturor lentilelor noastre de contact colorate, confortul este cheia, astfel \u00eenc\u00e2t s\u0103 observa\u021bi doar complimentele!<\/p>\n<p>Descoperi\u021bi magia lentilelor de contact Mystery Red de la BQeye. Am ajutat nenum\u0103ra\u021bi clien\u021bi s\u0103 \u00ee\u0219i g\u0103seasc\u0103 lentilele de contact colorate perfecte pentru a le scoate \u00een eviden\u021b\u0103 str\u0103lucirea natural\u0103. Cump\u0103ra\u021bi ast\u0103zi sortimentul nostru larg de lentile de contact colorate de \u00eenalt\u0103 performan\u021b\u0103!<\/p>","protected":false},"excerpt":{"rendered":"<p>Our latest colored contact lenses capture an enigmatic crimson gaze through a beautiful blend of scarlet and burgundy hues. Unlike stark primary reds, Mystery Red creates an elegant intrigue that amplifies natural beauty when wearing these colored contacts. As a leader in colored contacts, BQeye is devoted to crafting innovative lenses that seamlessly blend with [&#8230;]\n","protected":false},"featured_media":893,"comment_status":"open","ping_status":"closed","template":"","meta":[],"product_brand":[],"product_cat":[216,92,96,78,98],"product_tag":[],"class_list":{"0":"post-884","1":"product","2":"type-product","3":"status-publish","4":"has-post-thumbnail","6":"product_cat-mystery","7":"product_cat-14-5-mm","8":"product_cat-non-prescription","9":"product_cat-red-contact-lenses","10":"product_cat-yearly-disposable","12":"first","13":"instock","14":"sale","15":"shipping-taxable","16":"purchasable","17":"product-type-variable","18":"has-default-attributes"},"_links":{"self":[{"href":"https:\/\/bqeye.com\/ro\/wp-json\/wp\/v2\/product\/884","targetHints":{"allow":["GET"]}}],"collection":[{"href":"https:\/\/bqeye.com\/ro\/wp-json\/wp\/v2\/product"}],"about":[{"href":"https:\/\/bqeye.com\/ro\/wp-json\/wp\/v2\/types\/product"}],"replies":[{"embeddable":true,"href":"https:\/\/bqeye.com\/ro\/wp-json\/wp\/v2\/comments?post=884"}],"wp:featuredmedia":[{"embeddable":true,"href":"https:\/\/bqeye.com\/ro\/wp-json\/wp\/v2\/media\/893"}],"wp:attachment":[{"href":"https:\/\/bqeye.com\/ro\/wp-json\/wp\/v2\/media?parent=884"}],"wp:term":[{"taxonomy":"product_brand","embeddable":true,"href":"https:\/\/bqeye.com\/ro\/wp-json\/wp\/v2\/product_brand?post=884"},{"taxonomy":"product_cat","embeddable":true,"href":"https:\/\/bqeye.com\/ro\/wp-json\/wp\/v2\/product_cat?post=884"},{"taxonomy":"product_tag","embeddable":true,"href":"https:\/\/bqeye.com\/ro\/wp-json\/wp\/v2\/product_tag?post=884"}],"curies":[{"name":"wp","href":"https:\/\/api.w.org\/{rel}","templated":true}]}}