{"id":903,"date":"2023-09-12T07:44:08","date_gmt":"2023-09-12T07:44:08","guid":{"rendered":"https:\/\/bqeye.com\/?post_type=product&#038;p=903"},"modified":"2024-04-18T02:22:05","modified_gmt":"2024-04-18T02:22:05","slug":"bqeye-mystery-blue-colored-contact-lenses","status":"publish","type":"product","link":"https:\/\/bqeye.com\/ro\/bqeye-mystery-blue-colored-contact-lenses\/","title":{"rendered":"Lentile de contact colorate BQeye Mystery Blue"},"content":{"rendered":"<p>Dezv\u0103lui\u021bi-v\u0103 o nou\u0103 privire hipnotizant\u0103 cu Mystery Brown de la BQeye. \u00cen calitate de exper\u021bi \u00een lentile de contact colorate, am creat aceast\u0103 nuan\u021b\u0103 bogat nuan\u021bat\u0103 pentru a ad\u0103uga intrig\u0103 oric\u0103rei culori de ochi.<\/p>\n<p>Diferit de lentilele maro obi\u0219nuite, Mystery Brown combin\u0103 accente de caramel, moca \u0219i espresso pentru un efect mistificator. V\u0103 \u00eenc\u0103lze\u0219te subtil irisul cu nuan\u021be radiante care \u00eei las\u0103 pe privitori s\u0103 se \u00eentrebe la ce v\u0103 g\u00e2ndi\u021bi. Spre deosebire de m\u0103\u0219ti, aceste lentile de contact colorate v\u0103 pun \u00een valoare frumuse\u021bea natural\u0103.<\/p>\n<p>Formula noastr\u0103 tehnologic\u0103 de ultim\u0103 genera\u021bie v\u0103 men\u021bine confortabil toat\u0103 ziua cu aceste lentile de contact de culoare maro. Cu curbele \u0219i marginile noastre optime, abia ve\u021bi observa c\u0103 le purta\u021bi! R\u0103m\u00e2ne\u021bi concentrat\u0103 pe accentuarea look-urilor cu eyeliner sau doar pe privirea misterioas\u0103, \u00een timp ce noi ne ocup\u0103m de restul.<\/p>\n<p>Fie c\u0103 afi\u0219a\u021bi stiluri \u00eendr\u0103zne\u021be sau str\u0103luci\u021bi mai subtil, Mystery Brown de la BQeye este nuan\u021ba perfect\u0103. Exploreaz\u0103 o nou\u0103 fa\u021bet\u0103 a ta prin intermediul lentilelor noastre de contact colorate inovatoare. Sim\u021bi\u021bi-v\u0103 \u00eemputernicit \u0219i atr\u0103g\u0103tor - f\u0103r\u0103 a sacrifica confortul sau claritatea vederii.<\/p>\n<p>Descoperi\u021bi de ce BQeye continu\u0103 s\u0103 fie lider \u00een industria lentilelor de contact colorate confortabile \u0219i de \u00eenalt\u0103 calitate. Mystery Brown ar putea fi noul t\u0103u mod preferat de a intriga cu doar o schimbare subtil\u0103 a tonului irisului. R\u0103sfoi\u021bi ast\u0103zi \u00eentreaga noastr\u0103 selec\u021bie de lentile de contact maro \u0219i colorate!<\/p>","protected":false},"excerpt":{"rendered":"<p>Reveal a mesmerizing new gaze with Mystery Brown from BQeye. As experts in colored contact lenses, we&#8217;ve crafted this richly nuanced shade to add intrigue to any eye color. Different from typical brown lenses, Mystery Brown swirls caramel, mocha and espresso accents for a mystifying effect. It subtly warms your iris with radiant undertones that [&#8230;]\n","protected":false},"featured_media":911,"comment_status":"open","ping_status":"closed","template":"","meta":[],"product_brand":[],"product_cat":[216,92,75,96,98],"product_tag":[],"class_list":{"0":"post-903","1":"product","2":"type-product","3":"status-publish","4":"has-post-thumbnail","6":"product_cat-mystery","7":"product_cat-14-5-mm","8":"product_cat-blue-contact-lenses","9":"product_cat-non-prescription","10":"product_cat-yearly-disposable","12":"first","13":"instock","14":"sale","15":"shipping-taxable","16":"purchasable","17":"product-type-variable","18":"has-default-attributes"},"_links":{"self":[{"href":"https:\/\/bqeye.com\/ro\/wp-json\/wp\/v2\/product\/903","targetHints":{"allow":["GET"]}}],"collection":[{"href":"https:\/\/bqeye.com\/ro\/wp-json\/wp\/v2\/product"}],"about":[{"href":"https:\/\/bqeye.com\/ro\/wp-json\/wp\/v2\/types\/product"}],"replies":[{"embeddable":true,"href":"https:\/\/bqeye.com\/ro\/wp-json\/wp\/v2\/comments?post=903"}],"wp:featuredmedia":[{"embeddable":true,"href":"https:\/\/bqeye.com\/ro\/wp-json\/wp\/v2\/media\/911"}],"wp:attachment":[{"href":"https:\/\/bqeye.com\/ro\/wp-json\/wp\/v2\/media?parent=903"}],"wp:term":[{"taxonomy":"product_brand","embeddable":true,"href":"https:\/\/bqeye.com\/ro\/wp-json\/wp\/v2\/product_brand?post=903"},{"taxonomy":"product_cat","embeddable":true,"href":"https:\/\/bqeye.com\/ro\/wp-json\/wp\/v2\/product_cat?post=903"},{"taxonomy":"product_tag","embeddable":true,"href":"https:\/\/bqeye.com\/ro\/wp-json\/wp\/v2\/product_tag?post=903"}],"curies":[{"name":"wp","href":"https:\/\/api.w.org\/{rel}","templated":true}]}}