{"id":912,"date":"2023-09-12T07:52:29","date_gmt":"2023-09-12T07:52:29","guid":{"rendered":"https:\/\/bqeye.com\/?post_type=product&#038;p=912"},"modified":"2024-04-18T02:22:02","modified_gmt":"2024-04-18T02:22:02","slug":"bqeye-mystery-green-colored-contact-lenses","status":"publish","type":"product","link":"https:\/\/bqeye.com\/ro\/bqeye-mystery-green-colored-contact-lenses\/","title":{"rendered":"Lentile de contact colorate BQeye Mystery Green Green"},"content":{"rendered":"<p>Dezv\u0103lui\u021bi fermec\u0103torul Mystery Green - cea mai recent\u0103 apari\u021bie a noastr\u0103 \u00een familia de lentile de contact colorate BQeye. Infuzate cu un amestec irezistibil de tonuri de smarald, peridot \u0219i p\u0103dure, aceste lentile de contact verzi dezv\u0103luie ochi care captiveaz\u0103 \u0219i intrig\u0103.<\/p>\n<p>Spre deosebire de verdele obi\u0219nuit, Mystery \u00ee\u021bi lumineaz\u0103 privirea cu un farmec mistic \u0219i evaziv. Rotirile subtile de accente de mu\u0219chi \u0219i jad aduc o alur\u0103 eteric\u0103 oric\u0103rei culori de ochi. Ochii dumneavoastr\u0103 fascineaz\u0103 la un nivel mai profund - \u00eens\u0103 ce mistere se afl\u0103 \u00een spatele v\u0103lului lor r\u0103m\u00e2ne de v\u0103zut.<\/p>\n<p>Creat\u0103 pentru un confort nedetectabil, formula noastr\u0103 de ultim\u0103 genera\u021bie se mi\u0219c\u0103 imperceptibil la fiecare privire. Curbele \u0219i canalele din polimer men\u021bin ochii la fel de proaspe\u021bi ca roua dimine\u021bii pe tot parcursul zilei. Exprima\u021bi \u00eencrederea prin machiaj sau l\u0103sa\u021bi natura s\u0103-\u0219i urmeze cursul - Mystery Green spore\u0219te str\u0103lucirea \u00eenn\u0103scut\u0103 din interior.<\/p>\n<p>Descoperi\u021bi o fa\u021bet\u0103 necunoscut\u0103 a dumneavoastr\u0103 prin intermediul lentilelor de contact colorate BQeye Mystery Green. Dezl\u0103n\u021bui\u021bi o carism\u0103 autentic\u0103, deoarece aceste lentile de contact colorate st\u00e2rnesc intriga cu fiecare privire. Exper\u021bii no\u0219tri dedica\u021bi \u00een produse asigur\u0103 o potrivire perfect\u0103 pentru un aspect seduc\u0103tor, dar discret.<\/p>\n<p>R\u0103sfoi\u021bi selec\u021bia noastr\u0103 extins\u0103 de lentile de contact verzi \u0219i colorate. BQeye are nuan\u021bele care s\u0103 v\u0103 scoat\u0103 la iveal\u0103 misticismul interior!<\/p>","protected":false},"excerpt":{"rendered":"<p>Reveal the enchanting Mystery Green &#8211; our latest addition to the BQeye colored contact lenses family. Infused with an irresistible blend of emerald, peridot and forest tones, these green contacts unveil eyes that captivate and intrigue. Unlike ordinary greens, Mystery enlightens your gaze with an elusive, mystical charm. Subtle swirls of mossy and jade accents [&#8230;]\n","protected":false},"featured_media":920,"comment_status":"open","ping_status":"closed","template":"","meta":[],"product_brand":[],"product_cat":[216,92,77,96,98],"product_tag":[],"class_list":{"0":"post-912","1":"product","2":"type-product","3":"status-publish","4":"has-post-thumbnail","6":"product_cat-mystery","7":"product_cat-14-5-mm","8":"product_cat-green-contact-lenses","9":"product_cat-non-prescription","10":"product_cat-yearly-disposable","12":"first","13":"instock","14":"sale","15":"shipping-taxable","16":"purchasable","17":"product-type-variable","18":"has-default-attributes"},"_links":{"self":[{"href":"https:\/\/bqeye.com\/ro\/wp-json\/wp\/v2\/product\/912","targetHints":{"allow":["GET"]}}],"collection":[{"href":"https:\/\/bqeye.com\/ro\/wp-json\/wp\/v2\/product"}],"about":[{"href":"https:\/\/bqeye.com\/ro\/wp-json\/wp\/v2\/types\/product"}],"replies":[{"embeddable":true,"href":"https:\/\/bqeye.com\/ro\/wp-json\/wp\/v2\/comments?post=912"}],"wp:featuredmedia":[{"embeddable":true,"href":"https:\/\/bqeye.com\/ro\/wp-json\/wp\/v2\/media\/920"}],"wp:attachment":[{"href":"https:\/\/bqeye.com\/ro\/wp-json\/wp\/v2\/media?parent=912"}],"wp:term":[{"taxonomy":"product_brand","embeddable":true,"href":"https:\/\/bqeye.com\/ro\/wp-json\/wp\/v2\/product_brand?post=912"},{"taxonomy":"product_cat","embeddable":true,"href":"https:\/\/bqeye.com\/ro\/wp-json\/wp\/v2\/product_cat?post=912"},{"taxonomy":"product_tag","embeddable":true,"href":"https:\/\/bqeye.com\/ro\/wp-json\/wp\/v2\/product_tag?post=912"}],"curies":[{"name":"wp","href":"https:\/\/api.w.org\/{rel}","templated":true}]}}