{"id":921,"date":"2023-09-12T08:07:09","date_gmt":"2023-09-12T08:07:09","guid":{"rendered":"https:\/\/bqeye.com\/?post_type=product&#038;p=921"},"modified":"2024-04-18T02:21:59","modified_gmt":"2024-04-18T02:21:59","slug":"bqeye-mystery-purple-colored-contact-lenses","status":"publish","type":"product","link":"https:\/\/bqeye.com\/ro\/bqeye-mystery-purple-colored-contact-lenses\/","title":{"rendered":"Lentile de contact colorate BQeye Mystery Purple Purple"},"content":{"rendered":"<p>Dezv\u0103lui\u021bi o nou\u0103 privire captivant\u0103 cu lentilele de contact colorate BQeye Mystery Purple. Realizat\u0103 de speciali\u0219tii \u00een lentile de contact colorate, aceast\u0103 nuan\u021b\u0103 fermec\u0103toare \u00eembin\u0103 nuan\u021be de prun\u0103, struguri \u0219i ametist \u00eentr-un iris irezistibil de elegant.<\/p>\n<p>Mai mult dec\u00e2t un simplu mov, Mystery treze\u0219te ochii cu o mistic\u0103 seduc\u0103toare. Profunzimea \u0219i luminozitatea subtil\u0103 accentueaz\u0103 frumuse\u021bea natural\u0103 din interior prin intermediul acestor lentile de contact colorate. O alur\u0103 insondabil\u0103 atrage privitorii care doresc s\u0103 v\u0103 descopere secretele.<\/p>\n<p>Lentilele de precizie \u0219i o formul\u0103 respirabil\u0103 permit Mystery Purple s\u0103 rezoneze f\u0103r\u0103 restric\u021bii. Materialele noastre hipoalergenice de ultim\u0103 genera\u021bie se estompeaz\u0103 imperceptibil \u00een ochi toat\u0103 ziua, d\u00e2nd fr\u00e2u liber unei expresii de sine f\u0103r\u0103 limite. R\u0103m\u00e2i concentrat pe ceea ce conteaz\u0103 cu adev\u0103rat, \u00een timp ce noi asigur\u0103m un confort suprem.<\/p>\n<p>L\u0103sa\u021bi Mystery Purple s\u0103 ridice \u00eencrederea \u00een sine cu un nou look intoxicant. Lentilele de contact colorate de la BQeye permit explorarea celui mai autentic sine al t\u0103u. Cump\u0103ra\u021bi colec\u021bia noastr\u0103 premiat\u0103 care con\u021bine acest violet enigmatic \u0219i multe nuan\u021be transforma\u021bionale.<\/p>\n<p>Descoper\u0103-\u021bi cea mai captivant\u0103 privire cu lentilele BQeye Mystery Purple. Pune\u021bi \u00een valoare magnetismul natural prin aceast\u0103 fuziune de tonuri elegante de violet \u0219i design specializat. Dezl\u0103n\u021bui\u021bi urm\u0103torul capitol al destinului - unul \u00eentrez\u0103rit prin intermediul lentilelor de contact violet misterioase.<\/p>","protected":false},"excerpt":{"rendered":"<p>Reveal a captivating new gaze with BQeye Mystery Purple colored contact lenses. Crafted by colored contact lens specialists, this enchanting shade blends plum, grape and amethyst hues into an irresistibly elegant iris. More than a simple purple, Mystery awakens eyes with an alluring mystique. Subtle depth and luminosity accentuate natural beauty from within through these [&#8230;]\n","protected":false},"featured_media":929,"comment_status":"open","ping_status":"closed","template":"","meta":[],"product_brand":[],"product_cat":[216,92,96,82,98],"product_tag":[],"class_list":{"0":"post-921","1":"product","2":"type-product","3":"status-publish","4":"has-post-thumbnail","6":"product_cat-mystery","7":"product_cat-14-5-mm","8":"product_cat-non-prescription","9":"product_cat-purple-contact-lenses","10":"product_cat-yearly-disposable","12":"first","13":"instock","14":"sale","15":"shipping-taxable","16":"purchasable","17":"product-type-variable","18":"has-default-attributes"},"_links":{"self":[{"href":"https:\/\/bqeye.com\/ro\/wp-json\/wp\/v2\/product\/921","targetHints":{"allow":["GET"]}}],"collection":[{"href":"https:\/\/bqeye.com\/ro\/wp-json\/wp\/v2\/product"}],"about":[{"href":"https:\/\/bqeye.com\/ro\/wp-json\/wp\/v2\/types\/product"}],"replies":[{"embeddable":true,"href":"https:\/\/bqeye.com\/ro\/wp-json\/wp\/v2\/comments?post=921"}],"wp:featuredmedia":[{"embeddable":true,"href":"https:\/\/bqeye.com\/ro\/wp-json\/wp\/v2\/media\/929"}],"wp:attachment":[{"href":"https:\/\/bqeye.com\/ro\/wp-json\/wp\/v2\/media?parent=921"}],"wp:term":[{"taxonomy":"product_brand","embeddable":true,"href":"https:\/\/bqeye.com\/ro\/wp-json\/wp\/v2\/product_brand?post=921"},{"taxonomy":"product_cat","embeddable":true,"href":"https:\/\/bqeye.com\/ro\/wp-json\/wp\/v2\/product_cat?post=921"},{"taxonomy":"product_tag","embeddable":true,"href":"https:\/\/bqeye.com\/ro\/wp-json\/wp\/v2\/product_tag?post=921"}],"curies":[{"name":"wp","href":"https:\/\/api.w.org\/{rel}","templated":true}]}}