{"id":930,"date":"2023-09-12T08:19:35","date_gmt":"2023-09-12T08:19:35","guid":{"rendered":"https:\/\/bqeye.com\/?post_type=product&#038;p=930"},"modified":"2024-04-18T02:21:55","modified_gmt":"2024-04-18T02:21:55","slug":"bqeye-mystery-yellow-colored-contact-lenses","status":"publish","type":"product","link":"https:\/\/bqeye.com\/ro\/bqeye-mystery-yellow-colored-contact-lenses\/","title":{"rendered":"Lentile de contact colorate BQeye Mystery Yellow"},"content":{"rendered":"<p>Lumina\u021bi-v\u0103 ochii cu o intrig\u0103 s\u0103rutat\u0103 de soare, prin intermediul lentilelor de contact colorate BQeye Mystery Yellow. Alchimia noastr\u0103 inovatoare de nuan\u021be de chihlimbar, miere \u0219i l\u0103m\u00e2ie dezv\u0103luie ochi radian\u021bi care str\u0103lucesc cu un farmec inexplicabil.<\/p>\n<p>Mai mult dec\u00e2t un galben obi\u0219nuit, Mystery captiveaz\u0103 cu o luminozitate \u0219i o profunzime \u00eenc\u00e2nt\u0103toare. Degrad\u0103rile subtile eviden\u021biaz\u0103 frumuse\u021bea natural\u0103 din interior prin intermediul acestor contacte colorate specializate. C\u0103ldura \u0219i str\u0103lucirea \u00ee\u021bi \u00eenv\u0103luie privirea \u00eentr-un v\u0103l seduc\u0103tor, l\u0103s\u00e2nd privitorii mistifica\u021bi.<\/p>\n<p>Ingineria de precizie \u0219i materialele avansate de hidra-gel permit ca Mystery Yellow s\u0103 accentueze f\u0103r\u0103 efort toat\u0103 ziua. Lentilele noastre de elit\u0103 urm\u0103resc fiecare expresie cu o claritate \u0219i un confort imperceptibile. L\u0103sa\u021bi misterul s\u0103 v\u0103 conduc\u0103 spre noi descoperiri de caracter \u0219i \u00eencredere.<\/p>\n<p>Dezl\u0103n\u021buie-\u021bi cea mai magnetic\u0103 personalitate prin acest amestec de tonuri aurii str\u0103lucitoare. Fiind cel mai bun produc\u0103tor de lentile de contact colorate, BQeye permite exprimarea autentic\u0103 a sinelui. Descoperi\u021bi Mystery Yellow - \u00eempreun\u0103 cu renumita noastr\u0103 gam\u0103 de nuan\u021be transforma\u021bionale.<\/p>\n<p>Lumina\u021bi urm\u0103torul capitol al destinului cu lentilele de contact colorate Mystery Yellow, care v\u0103 amplific\u0103 str\u0103lucirea misterioas\u0103. L\u0103sa\u021bi BQeye s\u0103 v\u0103 ajute s\u0103 dezv\u0103lui\u021bi ochi care captiveaz\u0103 \u0219i s\u0103 ad\u0103uga\u021bi un aer de c\u0103ldur\u0103 \u0219i farmec intrigant.<\/p>","protected":false},"excerpt":{"rendered":"<p>Illuminate your eyes with sun-kissed intrigue courtesy of BQeye Mystery Yellow colored contact lenses. Our innovative alchemy of amber, honey and lemon hues unveils radiant eyes that sparkle with an inexplicable charm. More than a typical yellow, Mystery captivates with an enchanting luminosity and depth. Subtle gradients highlight natural beauty from within through these specialized [&#8230;]\n","protected":false},"featured_media":937,"comment_status":"open","ping_status":"closed","template":"","meta":[],"product_brand":[],"product_cat":[216,92,96,98,79],"product_tag":[],"class_list":{"0":"post-930","1":"product","2":"type-product","3":"status-publish","4":"has-post-thumbnail","6":"product_cat-mystery","7":"product_cat-14-5-mm","8":"product_cat-non-prescription","9":"product_cat-yearly-disposable","10":"product_cat-yellow-contact-lenses","12":"first","13":"instock","14":"sale","15":"shipping-taxable","16":"purchasable","17":"product-type-variable","18":"has-default-attributes"},"_links":{"self":[{"href":"https:\/\/bqeye.com\/ro\/wp-json\/wp\/v2\/product\/930","targetHints":{"allow":["GET"]}}],"collection":[{"href":"https:\/\/bqeye.com\/ro\/wp-json\/wp\/v2\/product"}],"about":[{"href":"https:\/\/bqeye.com\/ro\/wp-json\/wp\/v2\/types\/product"}],"replies":[{"embeddable":true,"href":"https:\/\/bqeye.com\/ro\/wp-json\/wp\/v2\/comments?post=930"}],"wp:featuredmedia":[{"embeddable":true,"href":"https:\/\/bqeye.com\/ro\/wp-json\/wp\/v2\/media\/937"}],"wp:attachment":[{"href":"https:\/\/bqeye.com\/ro\/wp-json\/wp\/v2\/media?parent=930"}],"wp:term":[{"taxonomy":"product_brand","embeddable":true,"href":"https:\/\/bqeye.com\/ro\/wp-json\/wp\/v2\/product_brand?post=930"},{"taxonomy":"product_cat","embeddable":true,"href":"https:\/\/bqeye.com\/ro\/wp-json\/wp\/v2\/product_cat?post=930"},{"taxonomy":"product_tag","embeddable":true,"href":"https:\/\/bqeye.com\/ro\/wp-json\/wp\/v2\/product_tag?post=930"}],"curies":[{"name":"wp","href":"https:\/\/api.w.org\/{rel}","templated":true}]}}