{"id":943,"date":"2023-09-12T08:39:25","date_gmt":"2023-09-12T08:39:25","guid":{"rendered":"https:\/\/bqeye.com\/?post_type=product&#038;p=943"},"modified":"2024-04-18T02:21:52","modified_gmt":"2024-04-18T02:21:52","slug":"bqeye-elf-purple-colored-contact-lenses","status":"publish","type":"product","link":"https:\/\/bqeye.com\/ro\/bqeye-elf-purple-colored-contact-lenses\/","title":{"rendered":"Lentile de contact colorate de culoare violet BQeye ELF ELF"},"content":{"rendered":"<p>Arunc\u0103 o privire fermec\u0103toare cu \u00eenc\u00e2nt\u0103toarele lentile de contact colorate ELF Purple de la BQeye. Amestecul nostru luminos de ametist \u0219i prun\u0103 treze\u0219te ochii cu o alur\u0103 din alt\u0103 lume.<\/p>\n<p>Mai mult dec\u00e2t un simplu mov, ELF \u00eei confer\u0103 accente de piersic\u0103 \u0219i subtonuri roz pentru un efect magic multidimensional. Ca \u0219i cum ai prinde lumini de z\u00e2n\u0103 dans\u00e2nd \u00een mijlocul amurgului, aceste lentile de contact colorate pun \u00een valoare frumuse\u021bea natural\u0103 din interior.<\/p>\n<p>Realizat de mae\u0219trii no\u0219tri \u00een lentile colorate, ELF Purple se mi\u0219c\u0103 imperceptibil pe ochi. Tehnologia HydraMatrixTM le men\u021bine ultra-hidrate, astfel \u00eenc\u00e2t s\u0103 v\u0103 pute\u021bi vr\u0103ji toat\u0103 ziua \u00een confort. Acum secretele p\u0103durii sunt ale tale pentru a le descoperi.<\/p>\n<p>L\u0103sa\u021bi ELF s\u0103 v\u0103 ridice farmecul cu un nou look \u00eenc\u00e2nt\u0103tor. Accesoriile specializate BQeye asigur\u0103 o potrivire perfect\u0103 pentru a v\u0103 accentua str\u0103lucirea mistic\u0103. Fie c\u0103 arunc\u0103 cu \u00eendr\u0103zneal\u0103 sau subtil uimirea, aceste lentile permit o adev\u0103rat\u0103 exprimare de sine.<\/p>\n<p>Elibera\u021bi-v\u0103 z\u00e2na interioar\u0103 cu lentilele de contact colorate BQeye ELF Purple. Descoperi\u021bi cum renumita noastr\u0103 colec\u021bie de lentile v\u0103 poate scoate \u00een eviden\u021b\u0103 esen\u021ba carismatic\u0103. Este timpul s\u0103 luminezi urm\u0103toarea incanta\u021bie a destinului v\u0103zut\u0103 prin ochii de z\u00e2n\u0103 cu tent\u0103 roz. Magia abia a \u00eenceput.<\/p>","protected":false},"excerpt":{"rendered":"<p>Cast a spellbinding gaze with BQeye&#8217;s enchanting ELF Purple colored contact lenses. Ourluminous amethyst and plum blend awakens eyes with an otherworldly allure. More than a simple purple, ELF imbues peachy highlights and pinky undertones for a magical multi-dimensional effect. Like catching faerie lights dancing amidst the dusk, these colorful contact lenses enhance natural beauty [&#8230;]\n","protected":false},"featured_media":951,"comment_status":"open","ping_status":"closed","template":"","meta":[],"product_brand":[],"product_cat":[217,92,96,82,98],"product_tag":[],"class_list":{"0":"post-943","1":"product","2":"type-product","3":"status-publish","4":"has-post-thumbnail","6":"product_cat-elf","7":"product_cat-14-5-mm","8":"product_cat-non-prescription","9":"product_cat-purple-contact-lenses","10":"product_cat-yearly-disposable","12":"first","13":"instock","14":"sale","15":"shipping-taxable","16":"purchasable","17":"product-type-variable","18":"has-default-attributes"},"_links":{"self":[{"href":"https:\/\/bqeye.com\/ro\/wp-json\/wp\/v2\/product\/943","targetHints":{"allow":["GET"]}}],"collection":[{"href":"https:\/\/bqeye.com\/ro\/wp-json\/wp\/v2\/product"}],"about":[{"href":"https:\/\/bqeye.com\/ro\/wp-json\/wp\/v2\/types\/product"}],"replies":[{"embeddable":true,"href":"https:\/\/bqeye.com\/ro\/wp-json\/wp\/v2\/comments?post=943"}],"wp:featuredmedia":[{"embeddable":true,"href":"https:\/\/bqeye.com\/ro\/wp-json\/wp\/v2\/media\/951"}],"wp:attachment":[{"href":"https:\/\/bqeye.com\/ro\/wp-json\/wp\/v2\/media?parent=943"}],"wp:term":[{"taxonomy":"product_brand","embeddable":true,"href":"https:\/\/bqeye.com\/ro\/wp-json\/wp\/v2\/product_brand?post=943"},{"taxonomy":"product_cat","embeddable":true,"href":"https:\/\/bqeye.com\/ro\/wp-json\/wp\/v2\/product_cat?post=943"},{"taxonomy":"product_tag","embeddable":true,"href":"https:\/\/bqeye.com\/ro\/wp-json\/wp\/v2\/product_tag?post=943"}],"curies":[{"name":"wp","href":"https:\/\/api.w.org\/{rel}","templated":true}]}}