{"id":953,"date":"2023-09-12T10:13:13","date_gmt":"2023-09-12T10:13:13","guid":{"rendered":"https:\/\/bqeye.com\/?post_type=product&#038;p=953"},"modified":"2024-04-18T02:21:48","modified_gmt":"2024-04-18T02:21:48","slug":"bqeye-elf-red-colored-contact-lenses","status":"publish","type":"product","link":"https:\/\/bqeye.com\/ro\/bqeye-elf-red-colored-contact-lenses\/","title":{"rendered":"Lentile de contact colorate BQeye ELF ro\u0219u"},"content":{"rendered":"<p>Face\u021bi o prim\u0103 impresie incendiar\u0103 cu lentilele de contact colorate ELF Red de la BQeye, create pentru a captiva \u0219i a intriga. Infuzia noastr\u0103 fermec\u0103toare de ro\u0219cat \u0219i c\u0103r\u0103miziu treze\u0219te ochii ca \u0219i cum ar dansa \u00een fl\u0103c\u0103rile p\u0103durii s\u0103lbatice.<\/p>\n<p>Mai mult dec\u00e2t un simplu ro\u0219u, ELF \u00eembin\u0103 str\u0103luciri calde de chihlimbar \u0219i purpuriu, ca ni\u0219te p\u00e2lp\u00e2iri care se \u00eentrez\u0103resc printre focurile de rugin\u0103. Aceste lentile de contact colorate specializate v\u0103 pun \u00een valoare frumuse\u021bea natural\u0103 din interiorul v\u0103lului lor hipnotizant.<\/p>\n<p>Realizat de magicieni ai lentilelor, ELF Red se mi\u0219c\u0103 \u00een sincron cu fiecare sclipire \u0219i z\u00e2mbet. Formula HydraMatrixTM le men\u021bine hidratate pe toat\u0103 durata vr\u0103jilor. Acum secretele pasiunii interioare sunt ale tale, dac\u0103 \u00eendr\u0103zne\u0219ti s\u0103 le \u00eemp\u0103rt\u0103\u0219e\u0219ti!<\/p>\n<p>L\u0103sa\u021bi ELF s\u0103 ridice \u00eendr\u0103zneala \u0219i s\u0103 v\u0103 \u00eenc\u00e2nte. Expertiza BQeye asigur\u0103 o potrivire perfect\u0103 pentru a v\u0103 aprinde farmecul magnetic, fie cu \u00eendr\u0103zneal\u0103, fie cu viclenie de vr\u0103jitoare. Acum, privirea ta arunc\u0103 noi pove\u0219ti de farmec autentic.<\/p>\n<p>Lumineaz\u0103-\u021bi destinul \u00eenfl\u0103c\u0103rat cu aceste lentile senzuale de culoare c\u0103r\u0103mizie \u0219i ro\u0219cat\u0103. Este timpul s\u0103 experimenta\u021bi renumita colec\u021bie BQeye \u0219i s\u0103 v\u0103 dezv\u0103lui\u021bi cea mai captivant\u0103 lumin\u0103, v\u0103zut\u0103 prin ochii care ard \u0219i fascineaz\u0103! Timpul pentru \u00eenc\u00e2ntare este aproape.<\/p>","protected":false},"excerpt":{"rendered":"<p>Cast a fiery first impression with BQeye&#8217;s ELF Red colored contact lenses, crafted to captivate and intrigue. Our enchanting russet and scarlet infusion awakens eyes as if dancing in wildwood flames. More than mere red, ELF blends warm amber and crimson glints, like flickers glimpsed amidst bramble bonfires. These specialized colored contact lenses enhance your [&#8230;]\n","protected":false},"featured_media":961,"comment_status":"open","ping_status":"closed","template":"","meta":[],"product_brand":[],"product_cat":[217,92,96,78,98],"product_tag":[],"class_list":{"0":"post-953","1":"product","2":"type-product","3":"status-publish","4":"has-post-thumbnail","6":"product_cat-elf","7":"product_cat-14-5-mm","8":"product_cat-non-prescription","9":"product_cat-red-contact-lenses","10":"product_cat-yearly-disposable","12":"first","13":"instock","14":"sale","15":"shipping-taxable","16":"purchasable","17":"product-type-variable","18":"has-default-attributes"},"_links":{"self":[{"href":"https:\/\/bqeye.com\/ro\/wp-json\/wp\/v2\/product\/953","targetHints":{"allow":["GET"]}}],"collection":[{"href":"https:\/\/bqeye.com\/ro\/wp-json\/wp\/v2\/product"}],"about":[{"href":"https:\/\/bqeye.com\/ro\/wp-json\/wp\/v2\/types\/product"}],"replies":[{"embeddable":true,"href":"https:\/\/bqeye.com\/ro\/wp-json\/wp\/v2\/comments?post=953"}],"wp:featuredmedia":[{"embeddable":true,"href":"https:\/\/bqeye.com\/ro\/wp-json\/wp\/v2\/media\/961"}],"wp:attachment":[{"href":"https:\/\/bqeye.com\/ro\/wp-json\/wp\/v2\/media?parent=953"}],"wp:term":[{"taxonomy":"product_brand","embeddable":true,"href":"https:\/\/bqeye.com\/ro\/wp-json\/wp\/v2\/product_brand?post=953"},{"taxonomy":"product_cat","embeddable":true,"href":"https:\/\/bqeye.com\/ro\/wp-json\/wp\/v2\/product_cat?post=953"},{"taxonomy":"product_tag","embeddable":true,"href":"https:\/\/bqeye.com\/ro\/wp-json\/wp\/v2\/product_tag?post=953"}],"curies":[{"name":"wp","href":"https:\/\/api.w.org\/{rel}","templated":true}]}}