{"id":971,"date":"2023-09-12T10:44:43","date_gmt":"2023-09-12T10:44:43","guid":{"rendered":"https:\/\/bqeye.com\/?post_type=product&#038;p=971"},"modified":"2024-04-18T02:21:42","modified_gmt":"2024-04-18T02:21:42","slug":"bqeye-elf-green-colored-contact-lenses","status":"publish","type":"product","link":"https:\/\/bqeye.com\/ro\/bqeye-elf-green-colored-contact-lenses\/","title":{"rendered":"Lentile de contact colorate BQeye ELF Green Green"},"content":{"rendered":"<p>Trezi\u021bi ochii feerici\u021bi \u0219i str\u0103lucitori cu lentilele de contact colorate ELF Green, create de magii naturii de la BQeye. Amestecul nostru de smarald verde \u0219i mu\u0219chi dezv\u0103luie sfere vii precum inima p\u0103durii b\u0103tut\u0103 de v\u00e2nt.<\/p>\n<p>Mai mult dec\u00e2t un simplu verde, ELF infuzeaz\u0103 nuan\u021be de peridot \u0219i chihlimbar - lumina soarelui care trece prin frunzele \u0219optite. AcesteLentile de contact colorate specializate pun \u00een valoare frumuse\u021bea natural\u0103 din interiorul v\u0103lului lor de frunze.<\/p>\n<p>Vr\u0103jit de mae\u0219trii secretelor lentilelor, ELF Green se mi\u0219c\u0103 \u00een timp ce tu te plimbi liber. Hidratarea HydraMatrix men\u021bine aceste globuri de smarald proaspete \u00een timp ce explora\u021bi magia p\u0103durii. Acum, misterele vie\u021bii ies la iveal\u0103, dac\u0103 doar vezi.<\/p>\n<p>L\u0103sa\u021bi ELF s\u0103 v\u0103 amplifice farmecul cu o culoare magic\u0103 \u0219i mistic\u0103. Arta BQeye asigur\u0103 o potrivire perfect\u0103 pentru a dezv\u0103lui str\u0103lucirea, fie c\u0103 \u00eenflore\u0219ti luxuriant sau observi cu viclenie. Noi pove\u0219ti despre farmecul naturii pe care ochii t\u0103i le spun acum.<\/p>\n<p>Treze\u0219te-\u021bi destinul feeric cu lentile luxuriante ca ramurile de Newleaf. Este timpul ca BQeye s\u0103 v\u0103 ajute s\u0103 v\u0103 dezv\u0103lui\u021bi ochii str\u0103lucitori pentru a g\u0103si pacea interioar\u0103 \u00een bra\u021bele protectoare ale naturii, v\u0103zut\u0103 prin globii plini de dorin\u021b\u0103 de a c\u0103l\u0103tori sub ramurile de p\u0103dure verde. Secretele pe care poate le \u0219tii.<\/p>","protected":false},"excerpt":{"rendered":"<p>Awaken fey eyes aglow with ELF Green colored contact lenses, crafted by BQeye&#8217;s nature magi. Our verdant emerald and moss blend unveils orbs alive like forest heart windswept. More than mere green, ELF infuses peridot and amber hues &#8211; sunlight shifting through whispering leaves. TheseSpecialized colored contact lenses enhance natural beauty from within their leafy [&#8230;]\n","protected":false},"featured_media":979,"comment_status":"open","ping_status":"closed","template":"","meta":[],"product_brand":[],"product_cat":[217,92,77,96,98],"product_tag":[],"class_list":{"0":"post-971","1":"product","2":"type-product","3":"status-publish","4":"has-post-thumbnail","6":"product_cat-elf","7":"product_cat-14-5-mm","8":"product_cat-green-contact-lenses","9":"product_cat-non-prescription","10":"product_cat-yearly-disposable","12":"first","13":"instock","14":"sale","15":"shipping-taxable","16":"purchasable","17":"product-type-variable","18":"has-default-attributes"},"_links":{"self":[{"href":"https:\/\/bqeye.com\/ro\/wp-json\/wp\/v2\/product\/971","targetHints":{"allow":["GET"]}}],"collection":[{"href":"https:\/\/bqeye.com\/ro\/wp-json\/wp\/v2\/product"}],"about":[{"href":"https:\/\/bqeye.com\/ro\/wp-json\/wp\/v2\/types\/product"}],"replies":[{"embeddable":true,"href":"https:\/\/bqeye.com\/ro\/wp-json\/wp\/v2\/comments?post=971"}],"wp:featuredmedia":[{"embeddable":true,"href":"https:\/\/bqeye.com\/ro\/wp-json\/wp\/v2\/media\/979"}],"wp:attachment":[{"href":"https:\/\/bqeye.com\/ro\/wp-json\/wp\/v2\/media?parent=971"}],"wp:term":[{"taxonomy":"product_brand","embeddable":true,"href":"https:\/\/bqeye.com\/ro\/wp-json\/wp\/v2\/product_brand?post=971"},{"taxonomy":"product_cat","embeddable":true,"href":"https:\/\/bqeye.com\/ro\/wp-json\/wp\/v2\/product_cat?post=971"},{"taxonomy":"product_tag","embeddable":true,"href":"https:\/\/bqeye.com\/ro\/wp-json\/wp\/v2\/product_tag?post=971"}],"curies":[{"name":"wp","href":"https:\/\/api.w.org\/{rel}","templated":true}]}}