{"id":981,"date":"2023-09-12T11:06:10","date_gmt":"2023-09-12T11:06:10","guid":{"rendered":"https:\/\/bqeye.com\/?post_type=product&#038;p=981"},"modified":"2024-04-18T02:21:39","modified_gmt":"2024-04-18T02:21:39","slug":"bqeye-magnificent-sahara-brown-colored-contact-lenses","status":"publish","type":"product","link":"https:\/\/bqeye.com\/ro\/bqeye-magnificent-sahara-brown-colored-contact-lenses\/","title":{"rendered":"Lentile de contact colorate BQeye Magnificent Sahara Brown"},"content":{"rendered":"<p>\u00cembr\u0103ca\u021bi-v\u0103 ochii \u00een c\u0103ldur\u0103 cu lentilele de contact colorate BQeye's Magnificent Sahara Brown. Amestecul nostru de nisip, cacao \u0219i sepia, binecuv\u00e2ntat de soare, treze\u0219te orbitele str\u0103lucitoare precum dunele de\u0219ertului m\u00e2ng\u00e2iate la amurg.<\/p>\n<p>Mai mult dec\u00e2t un simplu maro, Magnificent aprinde subtonuri de foc - indicii de aur, pe m\u0103sur\u0103 ce soarele se scufund\u0103 \u00een umbrele de siena. Aceste lentile de contact colorate specializate pun \u00een valoare frumuse\u021bea natural\u0103 din interiorul voalului lor cu nuan\u021be de apus de soare.<\/p>\n<p>Realizat de artizanii lentilelor, Magnificul se mi\u0219c\u0103 \u00een timp ce z\u00e2mbe\u0219ti, clipe\u0219ti \u0219i r\u00e2zi toat\u0103 ziua. Formula HEMA men\u021bine hidratate aceste sfere de apus de soare, indiferent dac\u0103 merge\u021bi c\u0103lare pe c\u0103mile sau privi\u021bi stelele \u00een mijlocul unor ceruri nesf\u00e2r\u0219it de magnifice. Acum, focurile interioare \u0219i intui\u021biile ascunse pot ie\u0219i la iveal\u0103 pentru ca tu s\u0103 le prive\u0219ti.<\/p>\n<p>L\u0103sa\u021bi Magnificent s\u0103 v\u0103 \u00eenal\u021be str\u0103lucirea cu o culoare bogat\u0103 \u0219i luminoas\u0103. Expertiza BQeye asigur\u0103 o netezime catifelat\u0103, pentru a eviden\u021bia magnetismul str\u0103lucitor, fie c\u0103 este \u00eendr\u0103zne\u021b \u0219i \u00eenfl\u0103c\u0103rat, fie c\u0103 este subtil pus \u00een valoare de v\u00e2nturile calde ale de\u0219ertului. Noi pove\u0219ti de farmec binecuv\u00e2ntat de soare str\u0103lucesc acum pentru ca to\u021bi s\u0103 le vad\u0103.<\/p>\n<p>Aprinde\u021bi-v\u0103 destinul splendid cu lentile de contact colorate la fel de bogate \u0219i variate ca dunele \u00eensele. Este timpul s\u0103 descoperi\u021bi ochii care str\u0103lucesc precum nisipurile arz\u0103toare care se mi\u0219c\u0103 \u00een amurg, z\u0103ri\u021bi prin v\u0103lul magnific \u0219i \u00eenc\u0103lzitor al celei mai bune crea\u021bii BQeye. Posibilit\u0103\u021bile tale infinite abia au \u00eenceput.<\/p>","protected":false},"excerpt":{"rendered":"<p>Bask your eyes in warmth with BQeye&#8217;s Magnificent Sahara Brown colored contact lenses. Our sun-blessed blend of sand, cocoa and sepia awakens orbs aglow like desert dunes caressed at dusk. More than mere brown, Magnificent ignites fiery undertones\u2014hints of gold as the sun sinks into sienna shadows. These specialized colored contacts enhance natural beauty from [&#8230;]\n","protected":false},"featured_media":988,"comment_status":"open","ping_status":"closed","template":"","meta":[],"product_brand":[],"product_cat":[207,91,80,96,98],"product_tag":[],"class_list":{"0":"post-981","1":"product","2":"type-product","3":"status-publish","4":"has-post-thumbnail","6":"product_cat-magnificent","7":"product_cat-14-2-mm","8":"product_cat-brown-contact-lenses","9":"product_cat-non-prescription","10":"product_cat-yearly-disposable","12":"first","13":"instock","14":"sale","15":"shipping-taxable","16":"purchasable","17":"product-type-variable","18":"has-default-attributes"},"_links":{"self":[{"href":"https:\/\/bqeye.com\/ro\/wp-json\/wp\/v2\/product\/981","targetHints":{"allow":["GET"]}}],"collection":[{"href":"https:\/\/bqeye.com\/ro\/wp-json\/wp\/v2\/product"}],"about":[{"href":"https:\/\/bqeye.com\/ro\/wp-json\/wp\/v2\/types\/product"}],"replies":[{"embeddable":true,"href":"https:\/\/bqeye.com\/ro\/wp-json\/wp\/v2\/comments?post=981"}],"wp:featuredmedia":[{"embeddable":true,"href":"https:\/\/bqeye.com\/ro\/wp-json\/wp\/v2\/media\/988"}],"wp:attachment":[{"href":"https:\/\/bqeye.com\/ro\/wp-json\/wp\/v2\/media?parent=981"}],"wp:term":[{"taxonomy":"product_brand","embeddable":true,"href":"https:\/\/bqeye.com\/ro\/wp-json\/wp\/v2\/product_brand?post=981"},{"taxonomy":"product_cat","embeddable":true,"href":"https:\/\/bqeye.com\/ro\/wp-json\/wp\/v2\/product_cat?post=981"},{"taxonomy":"product_tag","embeddable":true,"href":"https:\/\/bqeye.com\/ro\/wp-json\/wp\/v2\/product_tag?post=981"}],"curies":[{"name":"wp","href":"https:\/\/api.w.org\/{rel}","templated":true}]}}