{"id":993,"date":"2023-09-12T11:36:34","date_gmt":"2023-09-12T11:36:34","guid":{"rendered":"https:\/\/bqeye.com\/?post_type=product&#038;p=993"},"modified":"2024-04-18T02:21:35","modified_gmt":"2024-04-18T02:21:35","slug":"bqeye-magnificent-amazonia-green-colored-contact-lenses","status":"publish","type":"product","link":"https:\/\/bqeye.com\/ro\/bqeye-magnificent-amazonia-green-colored-contact-lenses\/","title":{"rendered":"Lentile de contact colorate verde Amazonia Magnificent BQeye"},"content":{"rendered":"<p>Dezl\u0103n\u021bui\u021bi ochii din p\u0103durea tropical\u0103 str\u0103lucitoare cu lentilele de contact colorate BQeye's Magnificent Amazonia Green. Amestecul nostru verde de smarald, mu\u0219chi \u0219i frunze de palmier treze\u0219te orbitele vii cu vigoarea ne\u00eembl\u00e2nzit\u0103 a naturii.<\/p>\n<p>Dincolo de verdele simplu, Magnificent aprinde nuan\u021be de verde \u021bipar \u0219i acvatic - sclipiri de aripi de papagal \u00een mijlocul balansului bol\u021bii. Aceste lentile de contact colorate specializate pun \u00een valoare frumuse\u021bea natural\u0103 din interiorul v\u0103lului lor luxuriant de jungl\u0103.<\/p>\n<p>Confec\u021bionat de artizani p\u0103trun\u0219i de magia p\u0103durii tropicale, Magnificul se mi\u0219c\u0103 cu o vitalitate nest\u0103vilit\u0103. HEMA men\u021bine aceste sfere verzi proaspete, fie c\u0103 exploreaz\u0103 grote ascunse sau urc\u0103 pe v\u00e2rfuri impun\u0103toare. Acum secretele p\u0103durii pot fi \u00eentrez\u0103rit\u0103, dac\u0103 ai ochi s\u0103 vezi.<\/p>\n<p>L\u0103sa\u021bi Magnificent s\u0103 amplifice str\u0103lucirea vibrant\u0103 cu o culoare verde bogat\u0103. Precizia BQeye asigur\u0103 o purtare supl\u0103 pentru a eviden\u021bia farmecul \u00eenn\u0103scut, fie c\u0103 \u00eenflore\u0219te \u00een mijlocul frunzi\u0219ului dens, fie c\u0103 este observat cu inten\u021bie lini\u0219tit\u0103. Noi pove\u0219ti de farmec al p\u0103durii tropicale str\u0103lucesc acum.<\/p>\n<p>Trezi\u021bi-v\u0103 sufletul s\u0103lbatic cu lentile la fel de \u00eenfloritoare \u0219i variate ca \u0219i Amazonul \u00eensu\u0219i. 'Este timpul s\u0103 descoperi\u021bi ochii str\u0103lucitori de impulsul naturii ne\u00eempiedicate, \u00eentrez\u0103rit prin v\u0103lul fermec\u0103tor de smarald al Magnificului. C\u0103l\u0103toria ta \u00een descoperirile nesf\u00e2r\u0219ite ale vie\u021bii abia a \u00eenceput.<\/p>","protected":false},"excerpt":{"rendered":"<p>Unleash rainforest eyes aglow with BQeye&#8217;s Magnificent Amazonia Green colored contact lenses. Our verdant blend of emerald, moss and palm fronds awakens orbs alive with nature\u2019s untamed vigor. Beyond mere green, Magnificent ignites undertones of teal and aqua \u2014 flashes of parrot wings amid the canopy&#8217;s sway. These specialized colored contact lenses enhance natural beauty [&#8230;]\n","protected":false},"featured_media":1000,"comment_status":"open","ping_status":"closed","template":"","meta":[],"product_brand":[],"product_cat":[207,91,77,96,98],"product_tag":[],"class_list":{"0":"post-993","1":"product","2":"type-product","3":"status-publish","4":"has-post-thumbnail","6":"product_cat-magnificent","7":"product_cat-14-2-mm","8":"product_cat-green-contact-lenses","9":"product_cat-non-prescription","10":"product_cat-yearly-disposable","12":"first","13":"instock","14":"sale","15":"shipping-taxable","16":"purchasable","17":"product-type-variable","18":"has-default-attributes"},"_links":{"self":[{"href":"https:\/\/bqeye.com\/ro\/wp-json\/wp\/v2\/product\/993","targetHints":{"allow":["GET"]}}],"collection":[{"href":"https:\/\/bqeye.com\/ro\/wp-json\/wp\/v2\/product"}],"about":[{"href":"https:\/\/bqeye.com\/ro\/wp-json\/wp\/v2\/types\/product"}],"replies":[{"embeddable":true,"href":"https:\/\/bqeye.com\/ro\/wp-json\/wp\/v2\/comments?post=993"}],"wp:featuredmedia":[{"embeddable":true,"href":"https:\/\/bqeye.com\/ro\/wp-json\/wp\/v2\/media\/1000"}],"wp:attachment":[{"href":"https:\/\/bqeye.com\/ro\/wp-json\/wp\/v2\/media?parent=993"}],"wp:term":[{"taxonomy":"product_brand","embeddable":true,"href":"https:\/\/bqeye.com\/ro\/wp-json\/wp\/v2\/product_brand?post=993"},{"taxonomy":"product_cat","embeddable":true,"href":"https:\/\/bqeye.com\/ro\/wp-json\/wp\/v2\/product_cat?post=993"},{"taxonomy":"product_tag","embeddable":true,"href":"https:\/\/bqeye.com\/ro\/wp-json\/wp\/v2\/product_tag?post=993"}],"curies":[{"name":"wp","href":"https:\/\/api.w.org\/{rel}","templated":true}]}}